{"id":1294,"date":"2018-07-02T18:53:14","date_gmt":"2018-07-02T21:53:14","guid":{"rendered":"https:\/\/isfd36-bue.infd.edu.ar\/sitio\/datos-institucionales\/"},"modified":"2023-08-07T21:11:49","modified_gmt":"2023-08-08T00:11:49","slug":"datos-institucionales","status":"publish","type":"page","link":"https:\/\/isfd36-bue.infd.edu.ar\/sitio\/datos-institucionales\/","title":{"rendered":"Datos institucionales"},"content":{"rendered":"<table class=\"Resaltado1\" style=\"width: 100%; height: 609px; background-color: #99cccc;\" border=\"0\" align=\"center\">\n<tbody>\n<tr>\n<td style=\"text-align: left;\">\n<h1 style=\"text-align: center;\"><span style=\"font-size: 14pt; color: #000000;\"><strong>Instituto Superior de Formaci\u00f3n Docente N\u00b0 36<\/strong><\/span><\/h1>\n<h1 style=\"text-align: center;\"><span style=\"font-size: 12pt;\"><strong>\u00a0<\/strong><strong>CUE: 0600138-00<\/strong><\/span><\/h1>\n<h1><em><span style=\"font-size: 12pt;\"><strong><span style=\"color: #000000;\">Horarios de Atenci\u00f3n 2023 <\/span><\/strong><\/span><\/em><\/h1>\n<p><span style=\"color: #000000;\"><b style=\"font-size: 16px;\">Lunes a <\/b><span style=\"font-size: 16px;\"><b>jueves<\/b><\/span><b style=\"font-size: 16px;\"> de 19.00 horas a 21 horas <\/b><\/span><\/p>\n<p><strong>Extensi\u00f3n: Chile 995 &#8211; Jos\u00e9 C. Paz<\/strong><\/p>\n<ul>\n<li>Profesorado de Educaci\u00f3n Primaria<\/li>\n<li>Profesorado de Educaci\u00f3n Inicial<\/li>\n<li>Profesorado de Tecnolog\u00eda (Electr\u00f3nica)<\/li>\n<\/ul>\n<p><strong>Sede: Gelly y Obes 4950 &#8211; Jos\u00e9 C. Paz<\/strong><\/p>\n<ul>\n<li><span style=\"font-size: 12pt; color: #000000;\">Profesorado de Biolog\u00eda<\/span><\/li>\n<li><span style=\"font-size: 12pt; color: #000000;\">Profesorado de Qu\u00edmica<\/span><\/li>\n<li><span style=\"font-size: 12pt; color: #000000;\">Profesorado de Lengua y Literatura<strong style=\"font-size: 12pt;\"><br \/>\n<\/strong><\/span><\/li>\n<\/ul>\n<p><span style=\"font-size: 12pt; color: #000000;\"><strong>Consultas a preceptor\u00eda<br \/>\n<\/strong><\/span><\/p>\n<p>preceptoria.isfd36.inicial@gmail.com<br \/>\nEducaci\u00f3n Inicial<\/p>\n<p>preceptoria.isfd36.primaria@gmail.com<br \/>\nEducaci\u00f3n Primaria<\/p>\n<p>preceptoria.isfd36.tecno@gmail.com<br \/>\nProfesorado de Tecnolog\u00eda<\/p>\n<p>preceptoria.isfd36.bio@gmail.com<br \/>\nProfesorado de Biolog\u00eda<\/p>\n<p>preceptoria.isfd36.quim@gmail.com<br \/>\nProfesorado de Qu\u00edmica<\/p>\n<p>preceptoria.isfd36.lengua@gmail.com<br \/>\nProfesorado de Lengua y Literatura<\/p>\n<p><span style=\"font-size: 12pt; color: #000000;\"><strong>Consultas al correo<\/strong><\/span><span style=\"font-size: 12pt; color: #000000;\"><strong><br \/>\n<\/strong><\/span><\/p>\n<p><strong>infoisfd36@gmail.com<\/strong><\/p>\n<ul>\n<li><span style=\"font-size: 12pt; color: #000000;\"><strong>P\u00e1gina <\/strong><\/span><\/li>\n<\/ul>\n<p><span style=\"font-size: 12pt; color: #000000;\"><strong><a href=\"https:\/\/isfd36-bue.infd.edu.ar\/\"><span style=\"color: #000000;\">http:\/\/isfd36-bue.infd.edu.ar\/sitio\u00a0<\/span><\/a><\/strong><\/span><\/p>\n<ul>\n<li><span style=\"font-size: 12pt; color: #000000;\"><strong>Facebook <\/strong><\/span><\/li>\n<\/ul>\n<p><strong style=\"color: #000000; font-size: 12pt; text-align: center; font-family: inherit;\">https:\/\/www.facebook.com\/institutojoseignacio.rucci<\/strong><span style=\"color: #000000; font-size: 12pt; text-align: center; font-family: inherit; font-weight: inherit;\">\u00a0<\/span><\/p>\n<ul>\n<li><strong>Instagram<\/strong><\/li>\n<\/ul>\n<p><strong>@isfd36jcpaz<\/strong><\/p>\n<p style=\"text-align: center;\"><span style=\"color: #000000; font-size: 12pt;\">\u00a0<\/span><\/p>\n<p style=\"text-align: center;\">\n<\/td>\n<\/tr>\n<\/tbody>\n<\/table>\n","protected":false},"excerpt":{"rendered":"<p>Instituto Superior de Formaci\u00f3n Docente N\u00b0 36 \u00a0CUE: 0600138-00 Horarios de Atenci\u00f3n 2023 Lunes a jueves de 19.00 horas a 21 horas Extensi\u00f3n: Chile 995 &#8211; Jos\u00e9 C. Paz Profesorado de Educaci\u00f3n Primaria Profesorado de Educaci\u00f3n Inicial Profesorado de Tecnolog\u00eda (Electr\u00f3nica) Sede: Gelly y Obes 4950 &#8211; Jos\u00e9 C. Paz Profesorado de Biolog\u00eda Profesorado de &#8230; <a title=\"Datos institucionales\" class=\"read-more\" href=\"https:\/\/isfd36-bue.infd.edu.ar\/sitio\/datos-institucionales\/\" aria-label=\"More on Datos institucionales\">[+]<\/a><\/p>\n","protected":false},"author":1461,"featured_media":0,"parent":0,"menu_order":0,"comment_status":"closed","ping_status":"closed","template":"","meta":[],"acf":[],"_links":{"self":[{"href":"https:\/\/isfd36-bue.infd.edu.ar\/sitio\/wp-json\/wp\/v2\/pages\/1294"}],"collection":[{"href":"https:\/\/isfd36-bue.infd.edu.ar\/sitio\/wp-json\/wp\/v2\/pages"}],"about":[{"href":"https:\/\/isfd36-bue.infd.edu.ar\/sitio\/wp-json\/wp\/v2\/types\/page"}],"author":[{"embeddable":true,"href":"https:\/\/isfd36-bue.infd.edu.ar\/sitio\/wp-json\/wp\/v2\/users\/1461"}],"replies":[{"embeddable":true,"href":"https:\/\/isfd36-bue.infd.edu.ar\/sitio\/wp-json\/wp\/v2\/comments?post=1294"}],"version-history":[{"count":3,"href":"https:\/\/isfd36-bue.infd.edu.ar\/sitio\/wp-json\/wp\/v2\/pages\/1294\/revisions"}],"predecessor-version":[{"id":4520,"href":"https:\/\/isfd36-bue.infd.edu.ar\/sitio\/wp-json\/wp\/v2\/pages\/1294\/revisions\/4520"}],"wp:attachment":[{"href":"https:\/\/isfd36-bue.infd.edu.ar\/sitio\/wp-json\/wp\/v2\/media?parent=1294"}],"curies":[{"name":"wp","href":"https:\/\/api.w.org\/{rel}","templated":true}]}}