{"id":1296,"date":"2018-07-02T18:53:14","date_gmt":"2018-07-02T21:53:14","guid":{"rendered":"https:\/\/isfd36-bue.infd.edu.ar\/sitio\/docentes\/"},"modified":"2024-03-06T17:05:03","modified_gmt":"2024-03-06T20:05:03","slug":"docentes","status":"publish","type":"page","link":"https:\/\/isfd36-bue.infd.edu.ar\/sitio\/docentes\/","title":{"rendered":"Formulario de Declaraci\u00f3n Jurada"},"content":{"rendered":"\n<p>Completar la declaraci\u00f3n jurada de horas y entregar en la Secretar\u00eda de la instituci\u00f3n.<\/p>\n\n\n\n<p><a href=\"https:\/\/isfd36-bue.infd.edu.ar\/sitio\/wp-content\/uploads\/2024\/03\/DDJJ-Cargos.pdf\">Formulario para descargar Declaraci\u00f3n Jurada de horas<\/a><\/p>\n\n\n\n<p><\/p>\n","protected":false},"excerpt":{"rendered":"<p>Completar la declaraci\u00f3n jurada de horas y entregar en la Secretar\u00eda de la instituci\u00f3n. Formulario para descargar Declaraci\u00f3n Jurada de horas<\/p>\n","protected":false},"author":1461,"featured_media":0,"parent":0,"menu_order":0,"comment_status":"closed","ping_status":"closed","template":"","meta":[],"acf":[],"_links":{"self":[{"href":"https:\/\/isfd36-bue.infd.edu.ar\/sitio\/wp-json\/wp\/v2\/pages\/1296"}],"collection":[{"href":"https:\/\/isfd36-bue.infd.edu.ar\/sitio\/wp-json\/wp\/v2\/pages"}],"about":[{"href":"https:\/\/isfd36-bue.infd.edu.ar\/sitio\/wp-json\/wp\/v2\/types\/page"}],"author":[{"embeddable":true,"href":"https:\/\/isfd36-bue.infd.edu.ar\/sitio\/wp-json\/wp\/v2\/users\/1461"}],"replies":[{"embeddable":true,"href":"https:\/\/isfd36-bue.infd.edu.ar\/sitio\/wp-json\/wp\/v2\/comments?post=1296"}],"version-history":[{"count":4,"href":"https:\/\/isfd36-bue.infd.edu.ar\/sitio\/wp-json\/wp\/v2\/pages\/1296\/revisions"}],"predecessor-version":[{"id":5054,"href":"https:\/\/isfd36-bue.infd.edu.ar\/sitio\/wp-json\/wp\/v2\/pages\/1296\/revisions\/5054"}],"wp:attachment":[{"href":"https:\/\/isfd36-bue.infd.edu.ar\/sitio\/wp-json\/wp\/v2\/media?parent=1296"}],"curies":[{"name":"wp","href":"https:\/\/api.w.org\/{rel}","templated":true}]}}