{"id":1301,"date":"2018-07-02T18:53:16","date_gmt":"2018-07-02T21:53:16","guid":{"rendered":"https:\/\/isfd36-bue.infd.edu.ar\/sitio\/autoridades\/"},"modified":"2026-03-16T01:09:06","modified_gmt":"2026-03-16T04:09:06","slug":"autoridades","status":"publish","type":"page","link":"https:\/\/isfd36-bue.infd.edu.ar\/sitio\/autoridades\/","title":{"rendered":"Autoridades"},"content":{"rendered":"<ul>\n<li><span style=\"font-size: 14pt;\"><strong>AYALA, Jos\u00e9 Fabi\u00e1n &#8211; Director<\/strong><\/span><\/li>\n<li><span style=\"font-size: 14pt;\"><strong>GARCIA, Adriana &#8211; Regente<\/strong><\/span><\/li>\n<li><span style=\"font-size: 14pt;\"><strong>RODRIGUEZ, Romina &#8211; Regente<\/strong><\/span><\/li>\n<li><span style=\"font-size: 14pt;\"><strong><strong>WRUBLENSKY, Adriana \u2013 Secretaria<\/strong><\/strong><\/span><\/li>\n<li><strong style=\"font-size: 14pt;\">PIREZ Eduardo &#8211; Jefe de \u00c1rea de Tecnolog\u00eda<\/strong><\/li>\n<\/ul>\n<h5 style=\"text-align: left;\">Inspector Institucional:<\/h5>\n<ul>\n<li>\n<h5><\/h5>\n<\/li>\n<\/ul>\n<h1 style=\"text-align: center;\"><strong>Horario de Equipo de Conducci\u00f3n<\/strong><\/h1>\n<p style=\"text-align: center;\">\n<p style=\"text-align: center;\">\n","protected":false},"excerpt":{"rendered":"<p>AYALA, Jos\u00e9 Fabi\u00e1n &#8211; Director GARCIA, Adriana &#8211; Regente RODRIGUEZ, Romina &#8211; Regente WRUBLENSKY, Adriana \u2013 Secretaria PIREZ Eduardo &#8211; Jefe de \u00c1rea de Tecnolog\u00eda Inspector Institucional: Horario de Equipo de Conducci\u00f3n<\/p>\n","protected":false},"author":1463,"featured_media":0,"parent":0,"menu_order":0,"comment_status":"closed","ping_status":"closed","template":"","meta":[],"acf":[],"_links":{"self":[{"href":"https:\/\/isfd36-bue.infd.edu.ar\/sitio\/wp-json\/wp\/v2\/pages\/1301"}],"collection":[{"href":"https:\/\/isfd36-bue.infd.edu.ar\/sitio\/wp-json\/wp\/v2\/pages"}],"about":[{"href":"https:\/\/isfd36-bue.infd.edu.ar\/sitio\/wp-json\/wp\/v2\/types\/page"}],"author":[{"embeddable":true,"href":"https:\/\/isfd36-bue.infd.edu.ar\/sitio\/wp-json\/wp\/v2\/users\/1463"}],"replies":[{"embeddable":true,"href":"https:\/\/isfd36-bue.infd.edu.ar\/sitio\/wp-json\/wp\/v2\/comments?post=1301"}],"version-history":[{"count":9,"href":"https:\/\/isfd36-bue.infd.edu.ar\/sitio\/wp-json\/wp\/v2\/pages\/1301\/revisions"}],"predecessor-version":[{"id":6101,"href":"https:\/\/isfd36-bue.infd.edu.ar\/sitio\/wp-json\/wp\/v2\/pages\/1301\/revisions\/6101"}],"wp:attachment":[{"href":"https:\/\/isfd36-bue.infd.edu.ar\/sitio\/wp-json\/wp\/v2\/media?parent=1301"}],"curies":[{"name":"wp","href":"https:\/\/api.w.org\/{rel}","templated":true}]}}