{"id":1307,"date":"2018-07-02T18:53:18","date_gmt":"2018-07-02T21:53:18","guid":{"rendered":"https:\/\/isfd36-bue.infd.edu.ar\/sitio\/personal-del-instituto\/"},"modified":"2026-04-08T23:56:29","modified_gmt":"2026-04-09T02:56:29","slug":"personal-del-instituto","status":"publish","type":"page","link":"https:\/\/isfd36-bue.infd.edu.ar\/sitio\/personal-del-instituto\/","title":{"rendered":"Personal del Instituto"},"content":{"rendered":"<p><strong>Ayudante de Laboratorio<\/strong><\/p>\n<ul>\n<li><strong>Zuzzi Paola<\/strong><\/li>\n<\/ul>\n<p><span style=\"font-size: 14pt;\"><strong>Bibliotecaria<\/strong><\/span><\/p>\n<ul>\n<li><span style=\"font-size: 14pt;\"><strong>Victoria Gauna<\/strong><\/span><\/li>\n<\/ul>\n<p><span style=\"font-size: 14pt;\"><strong>Preceptores<\/strong><\/span><\/p>\n<ul>\n<li><span style=\"font-size: 14pt;\"><strong>Hugo &#8211; Preceptor de Inicial<br \/>\n<\/strong><\/span><\/li>\n<li><span style=\"font-size: 14pt;\"><strong>Leonardo- Preceptor de Tecnolog\u00eda<\/strong><\/span><\/li>\n<li><span style=\"font-size: 14pt;\"><span style=\"font-size: 18.6667px;\"><b>Rub\u00e9n<\/b><\/span><b style=\"font-size: 14pt;\"> &#8211; Preceptor de Qu\u00edmica<\/b><\/span><\/li>\n<li><span style=\"font-size: 14pt;\"><strong>Jorge &#8211; Preceptor de Biolog\u00eda<\/strong><\/span><\/li>\n<li><span style=\"font-size: 14pt;\"><strong>Graciela &#8211; Preceptor de Primaria<br \/>\n<\/strong><\/span><\/li>\n<li><span style=\"font-size: 14pt;\"><strong>Angeles &#8211; Preceptora de Primaria<br \/>\n<\/strong><\/span><\/li>\n<li><span style=\"font-size: 14pt;\"><strong>Natalia &#8211; Preceptora de Lengua y Literatura<\/strong><\/span><\/li>\n<\/ul>\n<p><strong>Fonoaudi\u00f3logas<\/strong><\/p>\n<ul>\n<li><\/li>\n<li><\/li>\n<\/ul>\n<p><strong>CIPES<\/strong><\/p>\n<ul>\n<li><strong>PALAVECINO Marisol<\/strong><\/li>\n<li><strong>SILVA Ailin<\/strong><\/li>\n<\/ul>\n<p><strong>AUXILIARES<\/strong><\/p>\n<ul>\n<li>Hidalgo Antonio<\/li>\n<li>Alderete Luis<\/li>\n<li>Billanueva Alicia<\/li>\n<li>Chirillo Fernanda<\/li>\n<li>Rodriguez Merea Soleda<span style=\"font-size: 14pt;\">d<\/span><\/li>\n<li>Riveiro Cristian<\/li>\n<li>Luque Alejandra<\/li>\n<li>Lafont Meliton<\/li>\n<\/ul>\n<p><span style=\"font-size: 14pt;\">\u00a0<\/span><\/p>\n<p><span style=\"font-size: 14pt;\">\u00a0<\/span><\/p>\n","protected":false},"excerpt":{"rendered":"<p>Ayudante de Laboratorio Zuzzi Paola Bibliotecaria Victoria Gauna Preceptores Hugo &#8211; Preceptor de Inicial Leonardo- Preceptor de Tecnolog\u00eda Rub\u00e9n &#8211; Preceptor de Qu\u00edmica Jorge &#8211; Preceptor de Biolog\u00eda Graciela &#8211; Preceptor de Primaria Angeles &#8211; Preceptora de Primaria Natalia &#8211; Preceptora de Lengua y Literatura Fonoaudi\u00f3logas CIPES PALAVECINO Marisol SILVA Ailin AUXILIARES Hidalgo Antonio Alderete &#8230; <a title=\"Personal del Instituto\" class=\"read-more\" href=\"https:\/\/isfd36-bue.infd.edu.ar\/sitio\/personal-del-instituto\/\" aria-label=\"More on Personal del Instituto\">[+]<\/a><\/p>\n","protected":false},"author":1463,"featured_media":0,"parent":0,"menu_order":0,"comment_status":"closed","ping_status":"closed","template":"","meta":[],"acf":[],"_links":{"self":[{"href":"https:\/\/isfd36-bue.infd.edu.ar\/sitio\/wp-json\/wp\/v2\/pages\/1307"}],"collection":[{"href":"https:\/\/isfd36-bue.infd.edu.ar\/sitio\/wp-json\/wp\/v2\/pages"}],"about":[{"href":"https:\/\/isfd36-bue.infd.edu.ar\/sitio\/wp-json\/wp\/v2\/types\/page"}],"author":[{"embeddable":true,"href":"https:\/\/isfd36-bue.infd.edu.ar\/sitio\/wp-json\/wp\/v2\/users\/1463"}],"replies":[{"embeddable":true,"href":"https:\/\/isfd36-bue.infd.edu.ar\/sitio\/wp-json\/wp\/v2\/comments?post=1307"}],"version-history":[{"count":8,"href":"https:\/\/isfd36-bue.infd.edu.ar\/sitio\/wp-json\/wp\/v2\/pages\/1307\/revisions"}],"predecessor-version":[{"id":6209,"href":"https:\/\/isfd36-bue.infd.edu.ar\/sitio\/wp-json\/wp\/v2\/pages\/1307\/revisions\/6209"}],"wp:attachment":[{"href":"https:\/\/isfd36-bue.infd.edu.ar\/sitio\/wp-json\/wp\/v2\/media?parent=1307"}],"curies":[{"name":"wp","href":"https:\/\/api.w.org\/{rel}","templated":true}]}}