{"id":1310,"date":"2018-07-02T18:53:20","date_gmt":"2018-07-02T21:53:20","guid":{"rendered":"https:\/\/isfd36-bue.infd.edu.ar\/sitio\/integrantes-del-cai\/"},"modified":"2024-11-09T08:40:59","modified_gmt":"2024-11-09T11:40:59","slug":"integrantes-del-cai","status":"publish","type":"page","link":"https:\/\/isfd36-bue.infd.edu.ar\/sitio\/integrantes-del-cai\/","title":{"rendered":"Integrantes del CAI"},"content":{"rendered":"<p style=\"text-align: justify;\"><em>Los <strong>Consejos Acad\u00e9micos Institucionales<\/strong> ser\u00e1n los \u00f3rganos colegiados de asesoramiento, propuesta, debate y decisi\u00f3n, para una gesti\u00f3n participativa, en el marco de la autonom\u00eda institucional en la unidad del sistema del nivel superior, dentro de las regulaciones de la pol\u00edtica educativa jurisdiccional y federal;<strong>\u00a0<\/strong><\/em><\/p>\n<p style=\"text-align: justify;\"><em>Las decisiones del CAI tendr\u00e1n car\u00e1cter vinculante para la Instituci\u00f3n en aquellos t\u00f3picos detallados en la presente y car\u00e1cter de asesoramiento en toda otra cuesti\u00f3n que trate a requerimiento de los equipos de conducci\u00f3n. (<\/em><strong><em><a title=\"Resoluci\u00f3n N\u00b0 4044\/09\" href=\"upload\/Resoluci%F3n_Nro_4044-CAI.doc\" target=\"_blank\" rel=\"noopener\">Resoluci\u00f3n N\u00b0 4044\/09<\/a><\/em><\/strong><em>).<\/em><\/p>\n<p class=\"MsoNormal\" style=\"text-align: justify; text-indent: 9.0pt; mso-layout-grid-align: none; text-autospace: none;\"><em>El <\/em><strong><em>Consejo Acad\u00e9mico Institucional<\/em><\/strong><em> es un organismo colegiado integrado en forma representativa por los claustros de profesores y alumnos, presididos por un integrante del equipo de conducci\u00f3n. Se constituye como un \u00f3rgano de gesti\u00f3n y consulta permanente de la Direcci\u00f3n del Instituto en todos los aspectos que hacen a la gesti\u00f3n del mismo.<\/em><\/p>\n<p><img decoding=\"async\" loading=\"lazy\" class=\"aligncenter wp-image-5434\" src=\"https:\/\/isfd36-bue.infd.edu.ar\/sitio\/wp-content\/uploads\/2024\/08\/Presentacion1-647x1000.jpg\" alt=\"\" width=\"486\" height=\"750\" srcset=\"https:\/\/isfd36-bue.infd.edu.ar\/sitio\/wp-content\/uploads\/2024\/08\/Presentacion1-647x1000.jpg 647w, https:\/\/isfd36-bue.infd.edu.ar\/sitio\/wp-content\/uploads\/2024\/08\/Presentacion1-768x1186.jpg 768w, https:\/\/isfd36-bue.infd.edu.ar\/sitio\/wp-content\/uploads\/2024\/08\/Presentacion1.jpg 832w\" sizes=\"(max-width: 486px) 100vw, 486px\" \/><\/p>\n\n\n<p><\/p>\n","protected":false},"excerpt":{"rendered":"<p>Los Consejos Acad\u00e9micos Institucionales ser\u00e1n los \u00f3rganos colegiados de asesoramiento, propuesta, debate y decisi\u00f3n, para una gesti\u00f3n participativa, en el marco de la autonom\u00eda institucional en la unidad del sistema del nivel superior, dentro de las regulaciones de la pol\u00edtica educativa jurisdiccional y federal;\u00a0 Las decisiones del CAI tendr\u00e1n car\u00e1cter vinculante para la Instituci\u00f3n en &#8230; <a title=\"Integrantes del CAI\" class=\"read-more\" href=\"https:\/\/isfd36-bue.infd.edu.ar\/sitio\/integrantes-del-cai\/\" aria-label=\"More on Integrantes del CAI\">[+]<\/a><\/p>\n","protected":false},"author":1461,"featured_media":0,"parent":0,"menu_order":0,"comment_status":"closed","ping_status":"closed","template":"","meta":[],"acf":[],"_links":{"self":[{"href":"https:\/\/isfd36-bue.infd.edu.ar\/sitio\/wp-json\/wp\/v2\/pages\/1310"}],"collection":[{"href":"https:\/\/isfd36-bue.infd.edu.ar\/sitio\/wp-json\/wp\/v2\/pages"}],"about":[{"href":"https:\/\/isfd36-bue.infd.edu.ar\/sitio\/wp-json\/wp\/v2\/types\/page"}],"author":[{"embeddable":true,"href":"https:\/\/isfd36-bue.infd.edu.ar\/sitio\/wp-json\/wp\/v2\/users\/1461"}],"replies":[{"embeddable":true,"href":"https:\/\/isfd36-bue.infd.edu.ar\/sitio\/wp-json\/wp\/v2\/comments?post=1310"}],"version-history":[{"count":3,"href":"https:\/\/isfd36-bue.infd.edu.ar\/sitio\/wp-json\/wp\/v2\/pages\/1310\/revisions"}],"predecessor-version":[{"id":5495,"href":"https:\/\/isfd36-bue.infd.edu.ar\/sitio\/wp-json\/wp\/v2\/pages\/1310\/revisions\/5495"}],"wp:attachment":[{"href":"https:\/\/isfd36-bue.infd.edu.ar\/sitio\/wp-json\/wp\/v2\/media?parent=1310"}],"curies":[{"name":"wp","href":"https:\/\/api.w.org\/{rel}","templated":true}]}}