{"id":1324,"date":"2018-07-02T18:53:29","date_gmt":"2018-07-02T21:53:29","guid":{"rendered":"https:\/\/isfd36-bue.infd.edu.ar\/sitio\/profesores\/"},"modified":"2024-04-22T20:47:34","modified_gmt":"2024-04-22T23:47:34","slug":"disenocurriculartecnologia","status":"publish","type":"page","link":"https:\/\/isfd36-bue.infd.edu.ar\/sitio\/disenocurriculartecnologia\/","title":{"rendered":"Dise\u00f1o Curricular"},"content":{"rendered":"<h1><span style=\"color: #333399;\">Educaci\u00f3n Superior<\/span><\/h1>\n<h5><a href=\"https:\/\/isfd36-bue.infd.edu.ar\/sitio\/wp-content\/uploads\/2020\/03\/Profesorado-Tecnolog\u00eda-Electr\u00f3nica-Dise\u00f1o-Curricular.pdf\">Profesorado de Educaci\u00f3n Secundaria en Tecnolog\u00eda<\/a>\u00a0(Electr\u00f3nica)<\/h5>\n<h5><a href=\"https:\/\/isfd36-bue.infd.edu.ar\/sitio\/wp-content\/uploads\/2024\/04\/PROFESORADO-DE-EDUCACION-SECUNDARIA-TECNICO.pdf\">Profesorado de Educaci\u00f3n Secundaria T\u00e9cnico Profesional En Electr\u00f3nica <\/a>(Nuevo Dise\u00f1o)<\/h5>\n","protected":false},"excerpt":{"rendered":"<p>Educaci\u00f3n Superior Profesorado de Educaci\u00f3n Secundaria en Tecnolog\u00eda\u00a0(Electr\u00f3nica) Profesorado de Educaci\u00f3n Secundaria T\u00e9cnico Profesional En Electr\u00f3nica (Nuevo Dise\u00f1o)<\/p>\n","protected":false},"author":1461,"featured_media":0,"parent":0,"menu_order":0,"comment_status":"closed","ping_status":"closed","template":"","meta":[],"acf":[],"_links":{"self":[{"href":"https:\/\/isfd36-bue.infd.edu.ar\/sitio\/wp-json\/wp\/v2\/pages\/1324"}],"collection":[{"href":"https:\/\/isfd36-bue.infd.edu.ar\/sitio\/wp-json\/wp\/v2\/pages"}],"about":[{"href":"https:\/\/isfd36-bue.infd.edu.ar\/sitio\/wp-json\/wp\/v2\/types\/page"}],"author":[{"embeddable":true,"href":"https:\/\/isfd36-bue.infd.edu.ar\/sitio\/wp-json\/wp\/v2\/users\/1461"}],"replies":[{"embeddable":true,"href":"https:\/\/isfd36-bue.infd.edu.ar\/sitio\/wp-json\/wp\/v2\/comments?post=1324"}],"version-history":[{"count":5,"href":"https:\/\/isfd36-bue.infd.edu.ar\/sitio\/wp-json\/wp\/v2\/pages\/1324\/revisions"}],"predecessor-version":[{"id":5282,"href":"https:\/\/isfd36-bue.infd.edu.ar\/sitio\/wp-json\/wp\/v2\/pages\/1324\/revisions\/5282"}],"wp:attachment":[{"href":"https:\/\/isfd36-bue.infd.edu.ar\/sitio\/wp-json\/wp\/v2\/media?parent=1324"}],"curies":[{"name":"wp","href":"https:\/\/api.w.org\/{rel}","templated":true}]}}