{"id":1328,"date":"2018-07-02T18:53:31","date_gmt":"2018-07-02T21:53:31","guid":{"rendered":"https:\/\/isfd36-bue.infd.edu.ar\/sitio\/diseno-curricular\/"},"modified":"2023-02-17T19:35:40","modified_gmt":"2023-02-17T22:35:40","slug":"diseno-curricular","status":"publish","type":"page","link":"https:\/\/isfd36-bue.infd.edu.ar\/sitio\/diseno-curricular\/","title":{"rendered":"Dise\u00f1o Curricular"},"content":{"rendered":"<h1><span style=\"color: #333399;\">Educaci\u00f3n Superior<\/span><\/h1>\n<h4><a href=\"https:\/\/isfd36-bue.infd.edu.ar\/sitio\/wp-content\/uploads\/2022\/03\/13259-99modif-por-3581-00-biologia.pdf\">Profesorado de Educaci\u00f3n Secundaria en Biolog\u00eda<\/a> (Plan 1999)<\/h4>\n<h4><a href=\"https:\/\/isfd36-bue.infd.edu.ar\/sitio\/wp-content\/uploads\/2023\/02\/DC-BIOLOGIA.pdf\">Profesorado de Educaci\u00f3n Secundaria en Biolog\u00eda<\/a> (Nuevo Plan de Estudio &#8211; 2022)<\/h4>\n<h1><span style=\"color: #333399;\">Educaci\u00f3n Secundaria<\/span><\/h1>\n<table>\n<tbody>\n<tr>\n<td width=\"282\">\n<h5><a href=\"https:\/\/isfd36-bue.infd.edu.ar\/sitio\/wp-content\/uploads\/2020\/03\/secundaria_1er-a\u00f1o.pdf\">1er a\u00f1o de Educaci\u00f3n Secundaria<\/a><\/h5>\n<\/td>\n<td width=\"283\">\n<h5><a href=\"https:\/\/isfd36-bue.infd.edu.ar\/sitio\/wp-content\/uploads\/2020\/03\/biologia_4to-a\u00f1o.pdf\">Biolog\u00eda \u2013 4to a\u00f1o<\/a><\/h5>\n<\/td>\n<\/tr>\n<tr>\n<td width=\"282\">\n<h5><a href=\"https:\/\/isfd36-bue.infd.edu.ar\/sitio\/wp-content\/uploads\/2020\/03\/secundaria_2do-a\u00f1o.pdf\">2do a\u00f1o de Educaci\u00f3n Secundaria<\/a><\/h5>\n<\/td>\n<td width=\"283\">\n<h5><a href=\"https:\/\/isfd36-bue.infd.edu.ar\/sitio\/wp-content\/uploads\/2020\/03\/salud_y_adolescencia_4to-a\u00f1o.pdf\">Salud y Adolescencia \u2013 4to a\u00f1o<\/a><\/h5>\n<\/td>\n<\/tr>\n<tr>\n<td width=\"282\">\n<h5><a href=\"https:\/\/isfd36-bue.infd.edu.ar\/sitio\/wp-content\/uploads\/2020\/03\/secundaria_3er-a\u00f1o.pdf\">3er a\u00f1o de Educaci\u00f3n Secundaria<\/a><\/h5>\n<\/td>\n<td width=\"283\">\n<h5><a href=\"https:\/\/isfd36-bue.infd.edu.ar\/sitio\/wp-content\/uploads\/2020\/03\/biologia_5to-a\u00f1o.pdf\">Biolog\u00eda \u2013 5to a\u00f1o<\/a><\/h5>\n<\/td>\n<\/tr>\n<tr>\n<td width=\"282\">\n<h5><\/h5>\n<\/td>\n<td width=\"283\">\n<h5><a href=\"https:\/\/isfd36-bue.infd.edu.ar\/sitio\/wp-content\/uploads\/2020\/03\/ciencias_tierra_5to-a\u00f1o.pdf\">Ciencias de la Tierra &#8211; 5to a\u00f1o<\/a><\/h5>\n<\/td>\n<\/tr>\n<tr>\n<td width=\"282\">\n<h5><\/h5>\n<\/td>\n<td width=\"283\">\n<h5><a href=\"https:\/\/isfd36-bue.infd.edu.ar\/sitio\/wp-content\/uploads\/2020\/03\/ambiente-desarrollo-y-sociedad_6to-a\u00f1o.pdf\">Ambiente Desarrollo y Sociedad &#8211; 6to a\u00f1o<\/a><\/h5>\n<\/td>\n<\/tr>\n<tr>\n<td width=\"282\">\n<h5><\/h5>\n<\/td>\n<td width=\"283\">\n<h5><a href=\"https:\/\/isfd36-bue.infd.edu.ar\/sitio\/wp-content\/uploads\/2020\/03\/biologia-genetica-y-sociedad_6to-a\u00f1o.pdf\">Biolog\u00eda Gen\u00e9tica y Sociedad &#8211; 6to a\u00f1o<\/a><\/h5>\n<\/td>\n<\/tr>\n<\/tbody>\n<\/table>\n","protected":false},"excerpt":{"rendered":"<p>Educaci\u00f3n Superior Profesorado de Educaci\u00f3n Secundaria en Biolog\u00eda (Plan 1999) Profesorado de Educaci\u00f3n Secundaria en Biolog\u00eda (Nuevo Plan de Estudio &#8211; 2022) Educaci\u00f3n Secundaria 1er a\u00f1o de Educaci\u00f3n Secundaria Biolog\u00eda \u2013 4to a\u00f1o 2do a\u00f1o de Educaci\u00f3n Secundaria Salud y Adolescencia \u2013 4to a\u00f1o 3er a\u00f1o de Educaci\u00f3n Secundaria Biolog\u00eda \u2013 5to a\u00f1o Ciencias de &#8230; <a title=\"Dise\u00f1o Curricular\" class=\"read-more\" href=\"https:\/\/isfd36-bue.infd.edu.ar\/sitio\/diseno-curricular\/\" aria-label=\"More on Dise\u00f1o Curricular\">[+]<\/a><\/p>\n","protected":false},"author":1461,"featured_media":0,"parent":0,"menu_order":0,"comment_status":"closed","ping_status":"closed","template":"","meta":[],"acf":[],"_links":{"self":[{"href":"https:\/\/isfd36-bue.infd.edu.ar\/sitio\/wp-json\/wp\/v2\/pages\/1328"}],"collection":[{"href":"https:\/\/isfd36-bue.infd.edu.ar\/sitio\/wp-json\/wp\/v2\/pages"}],"about":[{"href":"https:\/\/isfd36-bue.infd.edu.ar\/sitio\/wp-json\/wp\/v2\/types\/page"}],"author":[{"embeddable":true,"href":"https:\/\/isfd36-bue.infd.edu.ar\/sitio\/wp-json\/wp\/v2\/users\/1461"}],"replies":[{"embeddable":true,"href":"https:\/\/isfd36-bue.infd.edu.ar\/sitio\/wp-json\/wp\/v2\/comments?post=1328"}],"version-history":[{"count":9,"href":"https:\/\/isfd36-bue.infd.edu.ar\/sitio\/wp-json\/wp\/v2\/pages\/1328\/revisions"}],"predecessor-version":[{"id":4314,"href":"https:\/\/isfd36-bue.infd.edu.ar\/sitio\/wp-json\/wp\/v2\/pages\/1328\/revisions\/4314"}],"wp:attachment":[{"href":"https:\/\/isfd36-bue.infd.edu.ar\/sitio\/wp-json\/wp\/v2\/media?parent=1328"}],"curies":[{"name":"wp","href":"https:\/\/api.w.org\/{rel}","templated":true}]}}