{"id":1330,"date":"2018-07-02T18:53:32","date_gmt":"2018-07-02T21:53:32","guid":{"rendered":"https:\/\/isfd36-bue.infd.edu.ar\/sitio\/diseno-curricular-2\/"},"modified":"2026-03-09T21:12:30","modified_gmt":"2026-03-10T00:12:30","slug":"diseno-curricular-2","status":"publish","type":"page","link":"https:\/\/isfd36-bue.infd.edu.ar\/sitio\/diseno-curricular-2\/","title":{"rendered":"Dise\u00f1o Curricular"},"content":{"rendered":"<h1><span style=\"color: #333399;\">Educaci\u00f3n Superior<\/span><\/h1>\n<h4><a href=\"https:\/\/isfd36-bue.infd.edu.ar\/sitio\/wp-content\/uploads\/2020\/03\/Dise\u00f1o-Curricular-if_2017_05137312_gdeba_cgcyedgcye.pdf\">Profesorado de Educaci\u00f3n Secundaria en LENGUA Y LITERATURA<\/a><\/h4>\n<h4><a href=\"https:\/\/isfd36-bue.infd.edu.ar\/sitio\/wp-content\/uploads\/2026\/03\/RESOC-2025-5883-GDEBA-DGCYE-2.pdf\">Profesorado en Lengua y Literatura &#8211; Res. 5883\/2025<\/a><\/h4>\n<h1><span style=\"color: #333399;\">Educaci\u00f3n Secundaria<\/span><\/h1>\n<table>\n<tbody>\n<tr>\n<td width=\"283\">\n<h5><a href=\"https:\/\/isfd36-bue.infd.edu.ar\/sitio\/wp-content\/uploads\/2020\/03\/secundaria_1er-a\u00f1o.pdf\">1er a\u00f1o de Educaci\u00f3n Secundaria<\/a><\/h5>\n<\/td>\n<td width=\"283\">\n<h5><a href=\"https:\/\/isfd36-bue.infd.edu.ar\/sitio\/wp-content\/uploads\/2020\/03\/literatura_4to-a\u00f1o.pdf\">Literatura \u2013 4to a\u00f1o<\/a><\/h5>\n<\/td>\n<\/tr>\n<tr>\n<td width=\"283\">\n<h5><a href=\"https:\/\/isfd36-bue.infd.edu.ar\/sitio\/wp-content\/uploads\/2020\/03\/secundaria_2do-a\u00f1o.pdf\">2do a\u00f1o de Educaci\u00f3n Secundaria<\/a><\/h5>\n<\/td>\n<td width=\"283\">\n<h5><a href=\"https:\/\/isfd36-bue.infd.edu.ar\/sitio\/wp-content\/uploads\/2020\/03\/literatura_5to-a\u00f1o.pdf\">Literatura \u2013 5to a\u00f1o<\/a><\/h5>\n<\/td>\n<\/tr>\n<tr>\n<td width=\"283\">\n<h5><a href=\"https:\/\/isfd36-bue.infd.edu.ar\/sitio\/wp-content\/uploads\/2020\/03\/secundaria_3er-a\u00f1o.pdf\">3er a\u00f1o de Educaci\u00f3n Secundaria<\/a><\/h5>\n<\/td>\n<td width=\"283\">\n<h5><a href=\"https:\/\/isfd36-bue.infd.edu.ar\/sitio\/wp-content\/uploads\/2020\/03\/literatura_6to-a\u00f1o.pdf\">Literatura \u2013 6to a\u00f1o<\/a><\/h5>\n<\/td>\n<\/tr>\n<\/tbody>\n<\/table>\n","protected":false},"excerpt":{"rendered":"<p>Educaci\u00f3n Superior Profesorado de Educaci\u00f3n Secundaria en LENGUA Y LITERATURA Profesorado en Lengua y Literatura &#8211; Res. 5883\/2025 Educaci\u00f3n Secundaria 1er a\u00f1o de Educaci\u00f3n Secundaria Literatura \u2013 4to a\u00f1o 2do a\u00f1o de Educaci\u00f3n Secundaria Literatura \u2013 5to a\u00f1o 3er a\u00f1o de Educaci\u00f3n Secundaria Literatura \u2013 6to a\u00f1o<\/p>\n","protected":false},"author":1461,"featured_media":0,"parent":0,"menu_order":0,"comment_status":"closed","ping_status":"closed","template":"","meta":[],"acf":[],"_links":{"self":[{"href":"https:\/\/isfd36-bue.infd.edu.ar\/sitio\/wp-json\/wp\/v2\/pages\/1330"}],"collection":[{"href":"https:\/\/isfd36-bue.infd.edu.ar\/sitio\/wp-json\/wp\/v2\/pages"}],"about":[{"href":"https:\/\/isfd36-bue.infd.edu.ar\/sitio\/wp-json\/wp\/v2\/types\/page"}],"author":[{"embeddable":true,"href":"https:\/\/isfd36-bue.infd.edu.ar\/sitio\/wp-json\/wp\/v2\/users\/1461"}],"replies":[{"embeddable":true,"href":"https:\/\/isfd36-bue.infd.edu.ar\/sitio\/wp-json\/wp\/v2\/comments?post=1330"}],"version-history":[{"count":3,"href":"https:\/\/isfd36-bue.infd.edu.ar\/sitio\/wp-json\/wp\/v2\/pages\/1330\/revisions"}],"predecessor-version":[{"id":6095,"href":"https:\/\/isfd36-bue.infd.edu.ar\/sitio\/wp-json\/wp\/v2\/pages\/1330\/revisions\/6095"}],"wp:attachment":[{"href":"https:\/\/isfd36-bue.infd.edu.ar\/sitio\/wp-json\/wp\/v2\/media?parent=1330"}],"curies":[{"name":"wp","href":"https:\/\/api.w.org\/{rel}","templated":true}]}}