{"id":1336,"date":"2018-07-02T18:53:34","date_gmt":"2018-07-02T21:53:34","guid":{"rendered":"https:\/\/isfd36-bue.infd.edu.ar\/sitio\/correlatividades-2\/"},"modified":"2024-03-13T00:44:21","modified_gmt":"2024-03-13T03:44:21","slug":"correlatividades-2","status":"publish","type":"page","link":"https:\/\/isfd36-bue.infd.edu.ar\/sitio\/correlatividades-2\/","title":{"rendered":"R\u00e9gimen de Correlatividades"},"content":{"rendered":"<h4>Importante Implementaci\u00f3n del Nuevo R\u00e9gimen de Correlatividades<\/h4>\n<ul>\n<li><a href=\"https:\/\/isfd36-bue.infd.edu.ar\/sitio\/wp-content\/uploads\/2024\/02\/RSC-2023-52216278-GDEBA-DGCYE.pdf\">Firma Conjunta<\/a><\/li>\n<li><a href=\"https:\/\/isfd36-bue.infd.edu.ar\/sitio\/wp-content\/uploads\/2024\/02\/Comunicacion-No109_23.pdf\">Comunicaci\u00f3n Conjunta 109\/23<\/a><\/li>\n<li><a href=\"https:\/\/isfd36-bue.infd.edu.ar\/sitio\/wp-content\/uploads\/2024\/02\/IF-2023-45627116-GDEBA-SDIFDIDGCYE.pdf\">PROFESORADO DE LENGUA Y LITERATURA<\/a><\/li>\n<\/ul>\n<h2 style=\"text-align: center;\"><span style=\"color: #333399;\"><strong>R\u00c9GIMEN DE CORRELATIVIDADES\u00a0 \u2013 PROFESORADO DE LENGUA Y LITERATURA<\/strong><\/span><\/h2>\n<h5>Los estudiantes que deben RECURSAR alg\u00fan Espacio Curricular de 1er a\u00f1o de la Carrera, NO podr\u00e1n INSCRIBIRSE PARA LA CURSADA DE NING\u00daN ESPACIO CURRICULAR DE 3ER A\u00d1O. Misma situaci\u00f3n se aplicar\u00e1 para la Inscripci\u00f3n a Cursada de Espacios de 4to A\u00f1o con relaci\u00f3n a 1ero y 2do A\u00f1o de la Carrera. (ESTO ES PARA TODAS LAS CARRERAS).<\/h5>\n<h3 style=\"text-align: center;\">(NUEVO PLAN DE ESTUDIOS)<\/h3>\n<p><strong><img decoding=\"async\" loading=\"lazy\" class=\"size-full wp-image-2619 aligncenter\" src=\"https:\/\/isfd36-bue.infd.edu.ar\/sitio\/wp-content\/uploads\/2020\/03\/Lengua-1.jpg\" alt=\"\" width=\"960\" height=\"720\" srcset=\"https:\/\/isfd36-bue.infd.edu.ar\/sitio\/wp-content\/uploads\/2020\/03\/Lengua-1.jpg 960w, https:\/\/isfd36-bue.infd.edu.ar\/sitio\/wp-content\/uploads\/2020\/03\/Lengua-1-768x576.jpg 768w\" sizes=\"(max-width: 960px) 100vw, 960px\" \/><\/strong><\/p>\n<p><strong><img decoding=\"async\" loading=\"lazy\" class=\"size-full wp-image-2620 aligncenter\" src=\"https:\/\/isfd36-bue.infd.edu.ar\/sitio\/wp-content\/uploads\/2020\/03\/Lengua-2.jpg\" alt=\"\" width=\"960\" height=\"720\" srcset=\"https:\/\/isfd36-bue.infd.edu.ar\/sitio\/wp-content\/uploads\/2020\/03\/Lengua-2.jpg 960w, https:\/\/isfd36-bue.infd.edu.ar\/sitio\/wp-content\/uploads\/2020\/03\/Lengua-2-768x576.jpg 768w\" sizes=\"(max-width: 960px) 100vw, 960px\" \/><\/strong><\/p>\n<p><strong><img decoding=\"async\" loading=\"lazy\" class=\"size-full wp-image-2621 aligncenter\" src=\"https:\/\/isfd36-bue.infd.edu.ar\/sitio\/wp-content\/uploads\/2020\/03\/Lengua-3.jpg\" alt=\"\" width=\"960\" height=\"720\" srcset=\"https:\/\/isfd36-bue.infd.edu.ar\/sitio\/wp-content\/uploads\/2020\/03\/Lengua-3.jpg 960w, https:\/\/isfd36-bue.infd.edu.ar\/sitio\/wp-content\/uploads\/2020\/03\/Lengua-3-768x576.jpg 768w\" sizes=\"(max-width: 960px) 100vw, 960px\" \/>\u00a0<\/strong><\/p>\n<h2 style=\"text-align: center;\"><span style=\"color: #333399;\"><strong>PROFESORADO DE LENGUA Y LITERATURA<\/strong><\/span><\/h2>\n<h3 style=\"text-align: center;\">(PLAN VIEJO &#8211; SOLO 4TO A\u00d1O DE LA CARRERA)<\/h3>\n<p><img decoding=\"async\" loading=\"lazy\" class=\"size-full wp-image-2623 aligncenter\" src=\"https:\/\/isfd36-bue.infd.edu.ar\/sitio\/wp-content\/uploads\/2020\/03\/Lengua-4to-Viejo.jpg\" alt=\"\" width=\"960\" height=\"720\" srcset=\"https:\/\/isfd36-bue.infd.edu.ar\/sitio\/wp-content\/uploads\/2020\/03\/Lengua-4to-Viejo.jpg 960w, https:\/\/isfd36-bue.infd.edu.ar\/sitio\/wp-content\/uploads\/2020\/03\/Lengua-4to-Viejo-768x576.jpg 768w\" sizes=\"(max-width: 960px) 100vw, 960px\" \/><\/p>\n","protected":false},"excerpt":{"rendered":"<p>Importante Implementaci\u00f3n del Nuevo R\u00e9gimen de Correlatividades Firma Conjunta Comunicaci\u00f3n Conjunta 109\/23 PROFESORADO DE LENGUA Y LITERATURA R\u00c9GIMEN DE CORRELATIVIDADES\u00a0 \u2013 PROFESORADO DE LENGUA Y LITERATURA Los estudiantes que deben RECURSAR alg\u00fan Espacio Curricular de 1er a\u00f1o de la Carrera, NO podr\u00e1n INSCRIBIRSE PARA LA CURSADA DE NING\u00daN ESPACIO CURRICULAR DE 3ER A\u00d1O. Misma situaci\u00f3n &#8230; <a title=\"R\u00e9gimen de Correlatividades\" class=\"read-more\" href=\"https:\/\/isfd36-bue.infd.edu.ar\/sitio\/correlatividades-2\/\" aria-label=\"More on R\u00e9gimen de Correlatividades\">[+]<\/a><\/p>\n","protected":false},"author":1461,"featured_media":0,"parent":0,"menu_order":0,"comment_status":"closed","ping_status":"closed","template":"","meta":[],"acf":[],"_links":{"self":[{"href":"https:\/\/isfd36-bue.infd.edu.ar\/sitio\/wp-json\/wp\/v2\/pages\/1336"}],"collection":[{"href":"https:\/\/isfd36-bue.infd.edu.ar\/sitio\/wp-json\/wp\/v2\/pages"}],"about":[{"href":"https:\/\/isfd36-bue.infd.edu.ar\/sitio\/wp-json\/wp\/v2\/types\/page"}],"author":[{"embeddable":true,"href":"https:\/\/isfd36-bue.infd.edu.ar\/sitio\/wp-json\/wp\/v2\/users\/1461"}],"replies":[{"embeddable":true,"href":"https:\/\/isfd36-bue.infd.edu.ar\/sitio\/wp-json\/wp\/v2\/comments?post=1336"}],"version-history":[{"count":9,"href":"https:\/\/isfd36-bue.infd.edu.ar\/sitio\/wp-json\/wp\/v2\/pages\/1336\/revisions"}],"predecessor-version":[{"id":5154,"href":"https:\/\/isfd36-bue.infd.edu.ar\/sitio\/wp-json\/wp\/v2\/pages\/1336\/revisions\/5154"}],"wp:attachment":[{"href":"https:\/\/isfd36-bue.infd.edu.ar\/sitio\/wp-json\/wp\/v2\/media?parent=1336"}],"curies":[{"name":"wp","href":"https:\/\/api.w.org\/{rel}","templated":true}]}}