{"id":1350,"date":"2018-07-02T18:53:39","date_gmt":"2018-07-02T21:53:39","guid":{"rendered":"https:\/\/isfd36-bue.infd.edu.ar\/sitio\/profesores-3\/"},"modified":"2020-03-23T10:11:45","modified_gmt":"2020-03-23T13:11:45","slug":"profesores-3","status":"publish","type":"page","link":"https:\/\/isfd36-bue.infd.edu.ar\/sitio\/profesores-3\/","title":{"rendered":"Plan de Estudio y Carga horaria"},"content":{"rendered":"<h2 style=\"text-align: center;\"><span style=\"color: #333399;\">PROFESORADO DE EDUCACION SECUNDARIA EN LENGUA Y LITERATURA<\/span><\/h2>\n<h4>RES 1862\/2017<\/h4>\n<h2><span style=\"color: #333399;\"><strong>PRIMER A\u00d1O <\/strong><\/span><\/h2>\n<table width=\"0\">\n<tbody>\n<tr>\n<td colspan=\"2\" width=\"515\">\n<h5><strong>ASIGNATURA<\/strong><\/h5>\n<\/td>\n<td width=\"76\"><strong>M\u00d3DULOS<\/strong><\/td>\n<\/tr>\n<tr>\n<td rowspan=\"3\" width=\"231\">\n<h5>CAMPO DE LA FORMACI\u00d3N GENERAL<\/h5>\n<\/td>\n<td width=\"284\">\n<h5>PEDAGOG\u00cdA<\/h5>\n<\/td>\n<td width=\"76\"><strong>2<\/strong><\/td>\n<\/tr>\n<tr>\n<td width=\"284\">\n<h5>DID\u00c1CTICA GENERAL<\/h5>\n<\/td>\n<td width=\"76\"><strong>3<\/strong><\/td>\n<\/tr>\n<tr>\n<td width=\"284\">\n<h5>PROBLEM\u00c1TICAS SOCIO-INSTITUCIONALES<\/h5>\n<\/td>\n<td width=\"76\"><strong>2<\/strong><\/td>\n<\/tr>\n<tr>\n<td rowspan=\"5\" width=\"231\">\n<h5>CAMPO DE LA FORMACI\u00d3N ESPEC\u00cdFICA<\/h5>\n<\/td>\n<td width=\"284\">\n<h5>TEOR\u00cdA LITERARIA\u00a0 I<\/h5>\n<\/td>\n<td width=\"76\"><strong>2<\/strong><\/td>\n<\/tr>\n<tr>\n<td width=\"284\">\n<h5>HISTORIA DE LA LENGUA ESPA\u00d1OLA<\/h5>\n<\/td>\n<td width=\"76\"><strong>2<\/strong><\/td>\n<\/tr>\n<tr>\n<td width=\"284\">\n<h5>LECTURA Y ESCRITURA<\/h5>\n<\/td>\n<td width=\"76\"><strong>2<\/strong><\/td>\n<\/tr>\n<tr>\n<td width=\"284\">\n<h5>HISTORIA SOCIAL Y CULTURAL DE LA LITERATURA 1<\/h5>\n<\/td>\n<td width=\"76\"><strong>3<\/strong><\/td>\n<\/tr>\n<tr>\n<td width=\"284\">\n<h5>LINGU\u00cdSTICA Y GRAM\u00c1TICA 1<\/h5>\n<\/td>\n<td width=\"76\"><strong>4<\/strong><\/td>\n<\/tr>\n<tr>\n<td width=\"231\">\n<h5>CAMPO DE LA FORMACI\u00d3N EN LA PR\u00c1CTICA PROFESIONAL<\/h5>\n<\/td>\n<td width=\"284\">\n<h6>EL TRABAJO DOCENTE: COMPLEJIDADES Y ENTRAMADOS<\/h6>\n<\/td>\n<td width=\"76\"><strong>3<\/strong><\/td>\n<\/tr>\n<\/tbody>\n<\/table>\n<h2><span style=\"color: #333399;\">SEGUNDO A\u00d1O<\/span><\/h2>\n<table width=\"0\">\n<tbody>\n<tr>\n<td colspan=\"2\" width=\"515\">\n<h5><strong>ASIGNATURA<\/strong><\/h5>\n<\/td>\n<td width=\"76\"><strong>M\u00d3DULOS<\/strong><\/td>\n<\/tr>\n<tr>\n<td rowspan=\"3\" width=\"231\">\n<h5>CAMPO DE LA FORMACI\u00d3N GENERAL<\/h5>\n<\/td>\n<td width=\"284\">\n<h5>HISTORIA Y POL\u00cdTICA DE LA EDUCACI\u00d3N ARGENTINA<\/h5>\n<\/td>\n<td width=\"76\"><strong>2<\/strong><\/td>\n<\/tr>\n<tr>\n<td width=\"284\">\n<h5>ENSE\u00d1AR CON TECNOLOG\u00cdAS<\/h5>\n<\/td>\n<td width=\"76\"><strong>2<\/strong><\/td>\n<\/tr>\n<tr>\n<td width=\"284\">\n<h5>PERSPECTIVAS ACERCA DE LOS SUJETOS DE LA EDUCACI\u00d3N<\/h5>\n<\/td>\n<td width=\"76\"><strong>2<\/strong><\/td>\n<\/tr>\n<tr>\n<td rowspan=\"6\" width=\"231\">\n<h5>CAMPO DE LA FORMACI\u00d3N ESPEC\u00cdFICA<\/h5>\n<\/td>\n<td width=\"284\">\n<h5>LING\u00db\u00cdSTICA Y GRAM\u00c1TICA II<\/h5>\n<\/td>\n<td width=\"76\"><strong>3<\/strong><\/td>\n<\/tr>\n<tr>\n<td width=\"284\">\n<h5>HISTORIA SOCIAL Y CULTURAL DE LA LITERATURA\u00a0 II<\/h5>\n<\/td>\n<td width=\"76\"><strong>3<\/strong><\/td>\n<\/tr>\n<tr>\n<td width=\"284\">\n<h5>TEOR\u00cdA LITERARIA II<\/h5>\n<\/td>\n<td width=\"76\"><strong>2<\/strong><\/td>\n<\/tr>\n<tr>\n<td width=\"284\">\n<h5>SEMI\u00d3TICA<\/h5>\n<\/td>\n<td width=\"76\"><strong>2<\/strong><\/td>\n<\/tr>\n<tr>\n<td width=\"284\">\n<h5>TALLER DE ALFABETIZACI\u00d3N INICIAL EN LECTURA, ESCRITURA\u00a0 Y LITERATURA<\/h5>\n<\/td>\n<td width=\"76\"><strong>2<\/strong><\/td>\n<\/tr>\n<tr>\n<td width=\"284\">\n<h5>DID\u00c1CTICA DE LA LENGUA Y LA LITERATURA I<\/h5>\n<\/td>\n<td width=\"76\"><strong>2<\/strong><\/td>\n<\/tr>\n<tr>\n<td width=\"231\">\n<h5>CAMPO DE LA FORMACI\u00d3N EN LA PR\u00c1CTICA PROFESIONAL<\/h5>\n<\/td>\n<td width=\"284\">\n<h6>LA CONSTRUCCI\u00d3N DEL TRABAJO DOCENTE EN LA ESCUELA SECUNDARIA<\/h6>\n<\/td>\n<td width=\"76\"><strong>4<\/strong><\/td>\n<\/tr>\n<\/tbody>\n<\/table>\n<h2><span style=\"color: #333399;\">TERCER A\u00d1O<\/span><\/h2>\n<table width=\"0\">\n<tbody>\n<tr>\n<td colspan=\"3\" width=\"515\">\n<h5><strong>ASIGNATURA<\/strong><\/h5>\n<\/td>\n<td width=\"76\"><strong>M\u00d3DULOS<\/strong><\/td>\n<\/tr>\n<tr>\n<td rowspan=\"5\" width=\"213\">\n<h5>CAMPO DE LA FORMACI\u00d3N GENERAL<\/h5>\n<\/td>\n<td colspan=\"2\" width=\"302\">\n<h5>EDUCACI\u00d3N PARA LA DIVERSIDAD<\/h5>\n<\/td>\n<td width=\"76\"><strong>2<\/strong><\/td>\n<\/tr>\n<tr>\n<td colspan=\"2\" width=\"302\">\n<h5>LA EVALUACI\u00d3N DE LOS APRENDIZAJES<\/h5>\n<\/td>\n<td width=\"76\"><strong>2<\/strong><\/td>\n<\/tr>\n<tr>\n<td colspan=\"2\" width=\"302\">\n<h5>FILOSOF\u00cdA Y EDUCACI\u00d3N<\/h5>\n<\/td>\n<td width=\"76\"><strong>2<\/strong><\/td>\n<\/tr>\n<tr>\n<td rowspan=\"2\" width=\"113\">\n<h5><\/h5>\n<h5>OPTATIVAS<\/h5>\n<\/td>\n<td width=\"189\">NIVEL 1 DE INGL\u00c9S<\/td>\n<td width=\"76\"><strong>2<\/strong><\/td>\n<\/tr>\n<tr>\n<td width=\"189\">\n<h5>ORATORIA Y RET\u00d3RICA DOCENTE<\/h5>\n<\/td>\n<td width=\"76\">\n<h5>2<\/h5>\n<\/td>\n<\/tr>\n<tr>\n<td rowspan=\"5\" width=\"213\">\n<h5>CAMPO DE LA FORMACI\u00d3N ESPEC\u00cdFICA<\/h5>\n<\/td>\n<td colspan=\"2\" width=\"302\">\n<h5>LING\u00db\u00cdSTICA Y GRAM\u00c1TICA III<\/h5>\n<\/td>\n<td width=\"76\"><strong>3<\/strong><\/td>\n<\/tr>\n<tr>\n<td colspan=\"2\" width=\"302\">\n<h5>LITERATURA ESPA\u00d1OLA Y LITERATURA LATINOAMERICANA<\/h5>\n<\/td>\n<td width=\"76\"><strong>4<\/strong><\/td>\n<\/tr>\n<tr>\n<td colspan=\"2\" width=\"302\">\n<h5>PSICOLING\u00dbISTICA<\/h5>\n<\/td>\n<td width=\"76\"><strong>2<\/strong><\/td>\n<\/tr>\n<tr>\n<td colspan=\"2\" width=\"302\">\n<h5>TEOR\u00cdA LITERARIA III<\/h5>\n<\/td>\n<td width=\"76\"><strong>2<\/strong><\/td>\n<\/tr>\n<tr>\n<td colspan=\"2\" width=\"302\">\n<h5>DID\u00c1CTICA DE LA LENGUA Y LA LITERATURA II: ENSE\u00d1ANZA CON TIC<\/h5>\n<\/td>\n<td width=\"76\"><strong>2<\/strong><\/td>\n<\/tr>\n<tr>\n<td width=\"213\">\n<h5>CAMPO DE LA FORMACI\u00d3N EN LA PR\u00c1CTICA PROFESIONAL<\/h5>\n<\/td>\n<td colspan=\"2\" width=\"302\">\n<h6>LA CONSTRUCCI\u00d3N DE LA TAREA DOCENTE ESPEC\u00cdFICA EN LA ENSE\u00d1ANZA DEL NIVEL<\/h6>\n<\/td>\n<td width=\"76\"><strong>4<\/strong><\/td>\n<\/tr>\n<\/tbody>\n<\/table>\n<h2><span style=\"color: #333399;\"><strong>\u00a0<\/strong>CUARTO A\u00d1O<\/span><\/h2>\n<table width=\"0\">\n<tbody>\n<tr>\n<td colspan=\"3\" width=\"482\">\n<h5><strong>ASIGNATURA<\/strong><\/h5>\n<\/td>\n<td width=\"95\"><strong>M\u00d3DULOS<\/strong><\/td>\n<\/tr>\n<tr>\n<td rowspan=\"3\" width=\"170\">\n<h5>CAMPO DE LA FORMACI\u00d3N GENERAL<\/h5>\n<\/td>\n<td colspan=\"2\" width=\"312\">\n<h5>AN\u00c1LISIS E INTERVENCI\u00d3N EN SITUACIONES DE CONVIVENCIA ESCOLAR<\/h5>\n<\/td>\n<td width=\"95\"><strong>2<\/strong><\/td>\n<\/tr>\n<tr>\n<td rowspan=\"2\" width=\"76\">\n<h5>OPTATIVAS<\/h5>\n<\/td>\n<td width=\"236\">\n<h5>NIVEL 2 DE INGL\u00c9S<\/h5>\n<\/td>\n<td width=\"95\"><strong>2<\/strong><\/td>\n<\/tr>\n<tr>\n<td width=\"236\">\n<h5>TUTOR\u00cdAS Y ORIENTACI\u00d3N ESCOLAR<\/h5>\n<\/td>\n<td width=\"95\"><strong>2<\/strong><\/td>\n<\/tr>\n<tr>\n<td rowspan=\"6\" width=\"170\">\n<h5>CAMPO DE LA FORMACI\u00d3N ESPEC\u00cdFICA<\/h5>\n<\/td>\n<td colspan=\"2\" width=\"312\">\n<h5>LING\u00db\u00cdSTICA Y GRAM\u00c1TICA IV<\/h5>\n<\/td>\n<td width=\"95\"><strong>3<\/strong><\/td>\n<\/tr>\n<tr>\n<td colspan=\"2\" width=\"312\">\n<h5>LITERATURA ARGENTINA<\/h5>\n<\/td>\n<td width=\"95\"><strong>4<\/strong><\/td>\n<\/tr>\n<tr>\n<td colspan=\"2\" width=\"312\">\n<h5>SOCIOLING\u00dbISTICA<\/h5>\n<\/td>\n<td width=\"95\"><strong>2<\/strong><\/td>\n<\/tr>\n<tr>\n<td colspan=\"2\" width=\"312\">\n<h5>SEMINARIO: LITERATURA Y OTROS LENGUAJES ART\u00cdSTICOS<\/h5>\n<\/td>\n<td width=\"95\"><strong>2<\/strong><\/td>\n<\/tr>\n<tr>\n<td colspan=\"2\" width=\"312\">\n<h5>DID\u00c1CTICA DE LA LENGUA Y LA LITERATURA III: INVESTIGACI\u00d3N DE LOS PROBLEMAS DE LA ENSE\u00d1ANZA<\/h5>\n<\/td>\n<td width=\"95\"><strong>2<\/strong><\/td>\n<\/tr>\n<tr>\n<td colspan=\"2\" width=\"312\">\n<h5>ESPACIO DE DEFINICI\u00d3N INSTITUCIONAL<\/h5>\n<\/td>\n<td width=\"95\"><strong>2<\/strong><\/td>\n<\/tr>\n<tr>\n<td width=\"170\">\n<h5>CAMPO DE LA FORMACI\u00d3N EN LA PR\u00c1CT. PROF<\/h5>\n<\/td>\n<td colspan=\"2\" width=\"312\">\n<h6>LA REFLEXI\u00d3N SOBRE LA TAREA DOCENTE<\/h6>\n<\/td>\n<td width=\"95\"><strong>6<\/strong><\/td>\n<\/tr>\n<\/tbody>\n<\/table>\n<p>&nbsp;<\/p>\n","protected":false},"excerpt":{"rendered":"<p>PROFESORADO DE EDUCACION SECUNDARIA EN LENGUA Y LITERATURA RES 1862\/2017 PRIMER A\u00d1O ASIGNATURA M\u00d3DULOS CAMPO DE LA FORMACI\u00d3N GENERAL PEDAGOG\u00cdA 2 DID\u00c1CTICA GENERAL 3 PROBLEM\u00c1TICAS SOCIO-INSTITUCIONALES 2 CAMPO DE LA FORMACI\u00d3N ESPEC\u00cdFICA TEOR\u00cdA LITERARIA\u00a0 I 2 HISTORIA DE LA LENGUA ESPA\u00d1OLA 2 LECTURA Y ESCRITURA 2 HISTORIA SOCIAL Y CULTURAL DE LA LITERATURA 1 3 &#8230; <a title=\"Plan de Estudio y Carga horaria\" class=\"read-more\" href=\"https:\/\/isfd36-bue.infd.edu.ar\/sitio\/profesores-3\/\" aria-label=\"More on Plan de Estudio y Carga horaria\">[+]<\/a><\/p>\n","protected":false},"author":1461,"featured_media":0,"parent":0,"menu_order":0,"comment_status":"closed","ping_status":"closed","template":"","meta":[],"acf":[],"_links":{"self":[{"href":"https:\/\/isfd36-bue.infd.edu.ar\/sitio\/wp-json\/wp\/v2\/pages\/1350"}],"collection":[{"href":"https:\/\/isfd36-bue.infd.edu.ar\/sitio\/wp-json\/wp\/v2\/pages"}],"about":[{"href":"https:\/\/isfd36-bue.infd.edu.ar\/sitio\/wp-json\/wp\/v2\/types\/page"}],"author":[{"embeddable":true,"href":"https:\/\/isfd36-bue.infd.edu.ar\/sitio\/wp-json\/wp\/v2\/users\/1461"}],"replies":[{"embeddable":true,"href":"https:\/\/isfd36-bue.infd.edu.ar\/sitio\/wp-json\/wp\/v2\/comments?post=1350"}],"version-history":[{"count":6,"href":"https:\/\/isfd36-bue.infd.edu.ar\/sitio\/wp-json\/wp\/v2\/pages\/1350\/revisions"}],"predecessor-version":[{"id":2627,"href":"https:\/\/isfd36-bue.infd.edu.ar\/sitio\/wp-json\/wp\/v2\/pages\/1350\/revisions\/2627"}],"wp:attachment":[{"href":"https:\/\/isfd36-bue.infd.edu.ar\/sitio\/wp-json\/wp\/v2\/media?parent=1350"}],"curies":[{"name":"wp","href":"https:\/\/api.w.org\/{rel}","templated":true}]}}