{"id":1354,"date":"2018-07-02T18:53:40","date_gmt":"2018-07-02T21:53:40","guid":{"rendered":"https:\/\/isfd36-bue.infd.edu.ar\/sitio\/salida-educativa-salida-de-representacion-institucional\/"},"modified":"2021-11-04T19:27:37","modified_gmt":"2021-11-04T22:27:37","slug":"salida-educativa-salida-de-representacion-institucional","status":"publish","type":"page","link":"https:\/\/isfd36-bue.infd.edu.ar\/sitio\/salida-educativa-salida-de-representacion-institucional\/","title":{"rendered":"SALIDA EDUCATIVA \/  SALIDA DE REPRESENTACI\u00d3N INSTITUCIONAL"},"content":{"rendered":"<h5><strong>En esta Secci\u00f3n encontrar\u00e1n los Anexos necesarios, en formato Word, para la presentaci\u00f3n de Salidas Educativas<\/strong><\/h5>\n\n\n<p><span style=\"color:#01618a\" class=\"has-inline-color\"><a href=\"https:\/\/isfd36-bue.infd.edu.ar\/sitio\/wp-content\/uploads\/2021\/11\/resolucion_salidas_educativas.pdf\"><strong>Resoluci\u00f3n<\/strong> <strong>378\/17<\/strong><\/a><\/span><\/p>\n\n\n\n<p><span style=\"color:#006ca3\" class=\"has-inline-color\"><strong><a href=\"https:\/\/isfd36-bue.infd.edu.ar\/sitio\/wp-content\/uploads\/2021\/11\/ANEXO-IV-Res-378-3.docx\">Anexo IV<\/a> &#8211; <a href=\"https:\/\/isfd36-bue.infd.edu.ar\/sitio\/wp-content\/uploads\/2021\/11\/ANEXO-V-Res-378-1.docx\">Anexo V<\/a> &#8211; <a href=\"https:\/\/isfd36-bue.infd.edu.ar\/sitio\/wp-content\/uploads\/2021\/11\/ANEXO-VI-Res-378-2.docx\">Anexo VI<\/a> &#8211; <a href=\"https:\/\/isfd36-bue.infd.edu.ar\/sitio\/wp-content\/uploads\/2021\/11\/ANEXO-IX-Res-378-2.docx\">Anexo IX<\/a> &#8211; <a href=\"https:\/\/isfd36-bue.infd.edu.ar\/sitio\/wp-content\/uploads\/2021\/11\/ANEXO-X-Res-378-1.docx\">Anexo X<\/a> &#8211; <a href=\"https:\/\/isfd36-bue.infd.edu.ar\/sitio\/wp-content\/uploads\/2021\/11\/ANEXO-XI-Res-378.docx\">Anexo XI<\/a> &#8211; <a href=\"https:\/\/isfd36-bue.infd.edu.ar\/sitio\/wp-content\/uploads\/2021\/11\/ANEXO-XII-Res-378.docx\">Anexo VII<\/a><\/strong><\/span> &#8211; <strong><span style=\"color:#006f9f\" class=\"has-inline-color\">Anexo XIII<\/span><\/strong><\/p>\n\n\n\n<p><span style=\"color:#0075a3\" class=\"has-inline-color\"><strong><a href=\"https:\/\/isfd36-bue.infd.edu.ar\/sitio\/wp-content\/uploads\/2021\/11\/Punteo-Salidas-Educativas-2021.docx\">Punteo Salidas Educativas<\/a><\/strong><\/span><\/p>\n","protected":false},"excerpt":{"rendered":"<p>En esta Secci\u00f3n encontrar\u00e1n los Anexos necesarios, en formato Word, para la presentaci\u00f3n de Salidas Educativas Resoluci\u00f3n 378\/17 Anexo IV &#8211; Anexo V &#8211; Anexo VI &#8211; Anexo IX &#8211; Anexo X &#8211; Anexo XI &#8211; Anexo VII &#8211; Anexo XIII Punteo Salidas Educativas<\/p>\n","protected":false},"author":1461,"featured_media":0,"parent":0,"menu_order":0,"comment_status":"closed","ping_status":"closed","template":"","meta":[],"acf":[],"_links":{"self":[{"href":"https:\/\/isfd36-bue.infd.edu.ar\/sitio\/wp-json\/wp\/v2\/pages\/1354"}],"collection":[{"href":"https:\/\/isfd36-bue.infd.edu.ar\/sitio\/wp-json\/wp\/v2\/pages"}],"about":[{"href":"https:\/\/isfd36-bue.infd.edu.ar\/sitio\/wp-json\/wp\/v2\/types\/page"}],"author":[{"embeddable":true,"href":"https:\/\/isfd36-bue.infd.edu.ar\/sitio\/wp-json\/wp\/v2\/users\/1461"}],"replies":[{"embeddable":true,"href":"https:\/\/isfd36-bue.infd.edu.ar\/sitio\/wp-json\/wp\/v2\/comments?post=1354"}],"version-history":[{"count":1,"href":"https:\/\/isfd36-bue.infd.edu.ar\/sitio\/wp-json\/wp\/v2\/pages\/1354\/revisions"}],"predecessor-version":[{"id":3440,"href":"https:\/\/isfd36-bue.infd.edu.ar\/sitio\/wp-json\/wp\/v2\/pages\/1354\/revisions\/3440"}],"wp:attachment":[{"href":"https:\/\/isfd36-bue.infd.edu.ar\/sitio\/wp-json\/wp\/v2\/media?parent=1354"}],"curies":[{"name":"wp","href":"https:\/\/api.w.org\/{rel}","templated":true}]}}