{"id":1357,"date":"2018-07-02T18:53:42","date_gmt":"2018-07-02T21:53:42","guid":{"rendered":"https:\/\/isfd36-bue.infd.edu.ar\/sitio\/%c2%93escuelas-diversas-ensenando-y-aprendiendo%c2%94\/"},"modified":"2026-03-16T01:14:26","modified_gmt":"2026-03-16T04:14:26","slug":"%c2%93escuelas-diversas-ensenando-y-aprendiendo%c2%94","status":"publish","type":"page","link":"https:\/\/isfd36-bue.infd.edu.ar\/sitio\/%c2%93escuelas-diversas-ensenando-y-aprendiendo%c2%94\/","title":{"rendered":"Escuelas diversas ense\u00f1ando y aprendiendo"},"content":{"rendered":"<p class=\"Texto_arial\" style=\"text-align: center;\"><em>Esta salida educativa forma parte del PTI que tiene como finalidad promover encuentros de intercambio y de formaci\u00f3n docente; propiciando experiencias educativas y culturales que promuevan un incremento en los conocimientos y destrezas profesionales a los alumnos de los profesorados intervinientes.<\/em><\/p>\n<p style=\"text-align: center;\"><strong>Proyecto: <\/strong><strong>\u201c<em>Escuelas diversas ense\u00f1ando y aprendiendo<\/em><\/strong>\u201d<\/p>\n<p class=\"Standard\"><strong>&nbsp;<\/strong><\/p>\n<p class=\"Heading1\" style=\"text-align: center;\"><span style=\"font-size: 12pt;\">2016 Escuelas interculturales biling\u00fces de la localidad de Amaicha del Valle y Taf\u00ed del Valle, Tucum\u00e1n<\/span><\/p>\n<p class=\"Heading1\" style=\"text-align: center;\"><span style=\"font-size: 12pt;\"><img decoding=\"async\" title=\"TUCUMAN\" src=\"https:\/\/isfd36-bue.infd.edu.ar\/sitio\/wp-content\/uploads\/2018\/07\/20161022_182014.jpg\" border=\"0\" alt=\"TUCUMAN\"><\/span><\/p>\n<p style=\"text-align: center;\"><span style=\"font-size: 8pt;\"><img decoding=\"async\" loading=\"lazy\" title=\"Leer m\u00e1s (grande)\" src=\"https:\/\/isfd36-bue.infd.edu.ar\/sitio\/wp-content\/uploads\/2018\/07\/leer.jpg\" border=\"0\" alt=\"Leer m\u00e1s (grande)\" width=\"56\" height=\"20\">&nbsp; 2015 <span style=\"font-size: 10pt;\">Viaje de Estudios.&nbsp;<strong><em><a href=\"upload\/Propuesta_Educacion_Intercultural_Bilingue_Las_Lomitas_Formosa_2.pdf\" target=\"_blank\" rel=\"noopener\">Ense\u00f1ar y aprender en escuelas diversas, una apuesta a la inclusi\u00f3n<\/a><\/em><\/strong><em><a href=\"upload\/Propuesta_Educacion_Intercultural_Bilingue_Las_Lomitas_Formosa_2.pdf\" target=\"_blank\" rel=\"noopener\">.<\/a>&nbsp;<\/em>Las Lomitas- Provincia de Formosa. Profesorado de Educaci\u00f3n Primaria, 2do A\u00f1o. 2015. Porf. Ver\u00f3nica Schamray<\/span><\/span><\/p>\n<p><strong>Lugar a visitar: <\/strong><\/p>\n<p>\u2022&nbsp;&nbsp;&nbsp;&nbsp;&nbsp;&nbsp;&nbsp;&nbsp;&nbsp; Escuelas interculturales biling\u00fces de la localidad de Las Lomitas, provincia de Formosa<\/p>\n<p><strong>Hospedaje: <\/strong>Albergue Municipal de Las Lomitas, Formosa<\/p>\n<ul>\n<li><strong>&nbsp;<\/strong>\u201cEscuela N\u00b0 122\u201d de la localidad de Campo del Cielo<\/li>\n<li>\u201cEscuela Intercultural Biling\u00fce N\u00b0 422\u201d del Paraje El Descanso<\/li>\n<li>\u201cEscuela Intercultural Biling\u00fce N\u00b0 449\u201d&nbsp; de Pozo de Molina<\/li>\n<li>\u201cEscuela Intercultural Biling\u00fce La Bomba\u201d<\/li>\n<\/ul>\n<p><img decoding=\"async\" loading=\"lazy\" title=\"\" src=\"https:\/\/isfd36-bue.infd.edu.ar\/sitio\/wp-content\/uploads\/2018\/07\/IMG-20150901-WA0005.jpg\" border=\"0\" alt=\"\" width=\"432\" height=\"259\"><\/p>\n<p><img decoding=\"async\" loading=\"lazy\" title=\"\" src=\"https:\/\/isfd36-bue.infd.edu.ar\/sitio\/wp-content\/uploads\/2018\/07\/IMG-20150901-WA0004.jpg\" border=\"0\" alt=\"\" width=\"377\" height=\"227\"><img decoding=\"async\" title=\"\" src=\"https:\/\/isfd36-bue.infd.edu.ar\/sitio\/wp-content\/uploads\/2018\/07\/LOMITAS.jpg\" border=\"0\" alt=\"\"><\/p>\n<p>&nbsp;<\/p>\n","protected":false},"excerpt":{"rendered":"<p>Esta salida educativa forma parte del PTI que tiene como finalidad promover encuentros de intercambio y de formaci\u00f3n docente; propiciando experiencias educativas y culturales que promuevan un incremento en los conocimientos y destrezas profesionales a los alumnos de los profesorados intervinientes. Proyecto: \u201cEscuelas diversas ense\u00f1ando y aprendiendo\u201d &nbsp; 2016 Escuelas interculturales biling\u00fces de la localidad &#8230; <a title=\"Escuelas diversas ense\u00f1ando y aprendiendo\" class=\"read-more\" href=\"https:\/\/isfd36-bue.infd.edu.ar\/sitio\/%c2%93escuelas-diversas-ensenando-y-aprendiendo%c2%94\/\" aria-label=\"More on Escuelas diversas ense\u00f1ando y aprendiendo\">[+]<\/a><\/p>\n","protected":false},"author":1461,"featured_media":0,"parent":0,"menu_order":0,"comment_status":"closed","ping_status":"closed","template":"","meta":[],"acf":[],"_links":{"self":[{"href":"https:\/\/isfd36-bue.infd.edu.ar\/sitio\/wp-json\/wp\/v2\/pages\/1357"}],"collection":[{"href":"https:\/\/isfd36-bue.infd.edu.ar\/sitio\/wp-json\/wp\/v2\/pages"}],"about":[{"href":"https:\/\/isfd36-bue.infd.edu.ar\/sitio\/wp-json\/wp\/v2\/types\/page"}],"author":[{"embeddable":true,"href":"https:\/\/isfd36-bue.infd.edu.ar\/sitio\/wp-json\/wp\/v2\/users\/1461"}],"replies":[{"embeddable":true,"href":"https:\/\/isfd36-bue.infd.edu.ar\/sitio\/wp-json\/wp\/v2\/comments?post=1357"}],"version-history":[{"count":1,"href":"https:\/\/isfd36-bue.infd.edu.ar\/sitio\/wp-json\/wp\/v2\/pages\/1357\/revisions"}],"predecessor-version":[{"id":6104,"href":"https:\/\/isfd36-bue.infd.edu.ar\/sitio\/wp-json\/wp\/v2\/pages\/1357\/revisions\/6104"}],"wp:attachment":[{"href":"https:\/\/isfd36-bue.infd.edu.ar\/sitio\/wp-json\/wp\/v2\/media?parent=1357"}],"curies":[{"name":"wp","href":"https:\/\/api.w.org\/{rel}","templated":true}]}}