{"id":1369,"date":"2018-07-02T18:53:46","date_gmt":"2018-07-02T21:53:46","guid":{"rendered":"https:\/\/isfd36-bue.infd.edu.ar\/sitio\/diseno-curricular-4\/"},"modified":"2020-03-28T11:04:45","modified_gmt":"2020-03-28T14:04:45","slug":"diseno-curricular-4","status":"publish","type":"page","link":"https:\/\/isfd36-bue.infd.edu.ar\/sitio\/diseno-curricular-4\/","title":{"rendered":"Dise\u00f1o Curricular"},"content":{"rendered":"<h1><span style=\"color: #333399;\">Educaci\u00f3n Superior<\/span><\/h1>\n<h4><a href=\"https:\/\/isfd36-bue.infd.edu.ar\/sitio\/wp-content\/uploads\/2020\/03\/Dise\u00f1o-Curricular-Pimaria-Inicial.pdf\">Profesorado de Educaci\u00f3n Inicial<\/a> (El dise\u00f1o lo comparte con Educ Primaria)<\/h4>\n<hr \/>\n<h1><span style=\"color: #333399;\">Educaci\u00f3n Inicial<\/span><\/h1>\n<h4><span style=\"color: #3366ff;\">Dise\u00f1o Curricular del Nivel Inicial<\/span> &#8211; El archivo es muy grande y no se puede cargar en esta p\u00e1gina. Puedes verlo y descargarlo <a href=\"http:\/\/servicios.abc.gov.ar\/lainstitucion\/organismos\/consejogeneral\/disenioscurriculares\/documentosdescarga\/DC_INI_2019.pdf\"><span style=\"color: #ff0000;\">AQUI<\/span><\/a><\/h4>\n","protected":false},"excerpt":{"rendered":"<p>Educaci\u00f3n Superior Profesorado de Educaci\u00f3n Inicial (El dise\u00f1o lo comparte con Educ Primaria) Educaci\u00f3n Inicial Dise\u00f1o Curricular del Nivel Inicial &#8211; El archivo es muy grande y no se puede cargar en esta p\u00e1gina. Puedes verlo y descargarlo AQUI<\/p>\n","protected":false},"author":1461,"featured_media":0,"parent":0,"menu_order":0,"comment_status":"closed","ping_status":"closed","template":"","meta":[],"acf":[],"_links":{"self":[{"href":"https:\/\/isfd36-bue.infd.edu.ar\/sitio\/wp-json\/wp\/v2\/pages\/1369"}],"collection":[{"href":"https:\/\/isfd36-bue.infd.edu.ar\/sitio\/wp-json\/wp\/v2\/pages"}],"about":[{"href":"https:\/\/isfd36-bue.infd.edu.ar\/sitio\/wp-json\/wp\/v2\/types\/page"}],"author":[{"embeddable":true,"href":"https:\/\/isfd36-bue.infd.edu.ar\/sitio\/wp-json\/wp\/v2\/users\/1461"}],"replies":[{"embeddable":true,"href":"https:\/\/isfd36-bue.infd.edu.ar\/sitio\/wp-json\/wp\/v2\/comments?post=1369"}],"version-history":[{"count":7,"href":"https:\/\/isfd36-bue.infd.edu.ar\/sitio\/wp-json\/wp\/v2\/pages\/1369\/revisions"}],"predecessor-version":[{"id":2651,"href":"https:\/\/isfd36-bue.infd.edu.ar\/sitio\/wp-json\/wp\/v2\/pages\/1369\/revisions\/2651"}],"wp:attachment":[{"href":"https:\/\/isfd36-bue.infd.edu.ar\/sitio\/wp-json\/wp\/v2\/media?parent=1369"}],"curies":[{"name":"wp","href":"https:\/\/api.w.org\/{rel}","templated":true}]}}