{"id":1371,"date":"2018-07-02T18:53:46","date_gmt":"2018-07-02T21:53:46","guid":{"rendered":"https:\/\/isfd36-bue.infd.edu.ar\/sitio\/correlatividades-4\/"},"modified":"2024-03-13T00:47:42","modified_gmt":"2024-03-13T03:47:42","slug":"correlatividades-4","status":"publish","type":"page","link":"https:\/\/isfd36-bue.infd.edu.ar\/sitio\/correlatividades-4\/","title":{"rendered":"R\u00e9gimen de Correlatividades"},"content":{"rendered":"<h4>Importante Implementaci\u00f3n del Nuevo R\u00e9gimen de Correlatividades<\/h4>\n<ul>\n<li><a href=\"https:\/\/isfd36-bue.infd.edu.ar\/sitio\/wp-content\/uploads\/2024\/02\/RSC-2023-52216278-GDEBA-DGCYE.pdf\">Firma Conjunta<\/a><\/li>\n<li><a href=\"https:\/\/isfd36-bue.infd.edu.ar\/sitio\/wp-content\/uploads\/2024\/02\/Comunicacion-No109_23.pdf\">Comunicaci\u00f3n Conjunta 109\/23<\/a><\/li>\n<li><a href=\"https:\/\/isfd36-bue.infd.edu.ar\/sitio\/wp-content\/uploads\/2024\/02\/IF-2023-45620671-GDEBA-SDIFDIDGCYE.pdf\">PROFESORADO DE EDUCACI\u00d3N INICIAL <\/a><\/li>\n<\/ul>\n<h2 style=\"text-align: center;\"><span style=\"color: #333399;\"><strong>R\u00c9GIMEN DE CORRELATIVIDADES\u00a0 \u2013 PROFESORADO DE EDUCACI\u00d3N INICIAL<\/strong><\/span><\/h2>\n<h5>Los estudiantes que deben RECURSAR alg\u00fan Espacio Curricular de 1er a\u00f1o de la Carrera, NO podr\u00e1n INSCRIBIRSE PARA LA CURSADA DE NING\u00daN ESPACIO CURRICULAR DE 3ER A\u00d1O. Misma situaci\u00f3n se aplicar\u00e1 para la Inscripci\u00f3n a Cursada de Espacios de 4to A\u00f1o con relaci\u00f3n a 1ero y 2do A\u00f1o de la Carrera. (ESTO ES PARA TODAS LAS CARRERAS).<\/h5>\n<table>\n<tbody>\n<tr>\n<td colspan=\"2\" width=\"566\">\n<h3 style=\"text-align: center;\"><span style=\"color: #333399;\"><strong>2\u00ba A\u00d1O<\/strong><\/span><\/h3>\n<\/td>\n<\/tr>\n<tr>\n<td width=\"308\"><strong>PARA CURSAR<\/strong><\/td>\n<td width=\"258\"><strong>SE REQUIERE TENER APROBADA<\/strong><\/td>\n<\/tr>\n<tr>\n<td width=\"308\">\n<h5>Psicolog\u00eda del Desarrollo y el Aprendizaje II<\/h5>\n<\/td>\n<td width=\"258\">\n<h5>Psicolog\u00eda del Desarrollo y el Aprendizaje I<\/h5>\n<\/td>\n<\/tr>\n<tr>\n<td width=\"308\">\n<h5>Psicolog\u00eda Social e Institucional<\/h5>\n<\/td>\n<td width=\"258\">\n<h5>_________<\/h5>\n<\/td>\n<\/tr>\n<tr>\n<td width=\"308\">\n<h5>Cultura, Comunicaci\u00f3n y Educaci\u00f3n<\/h5>\n<\/td>\n<td width=\"258\">\n<h5>_________<\/h5>\n<\/td>\n<\/tr>\n<tr>\n<td width=\"308\">\n<h5>Campo de la Pr\u00e1ctica Docente II<\/h5>\n<\/td>\n<td width=\"258\">\n<h5>Campo de la Pr\u00e1ctica Docente I<\/h5>\n<\/td>\n<\/tr>\n<tr>\n<td width=\"308\">\n<h5>Educaci\u00f3n Pl\u00e1stica<\/h5>\n<\/td>\n<td width=\"258\">\n<h5>_________<\/h5>\n<\/td>\n<\/tr>\n<tr>\n<td width=\"308\">\n<h5>Did\u00e1ctica de Pr\u00e1cticas del Lenguaje y la Literatura<\/h5>\n<\/td>\n<td width=\"258\">\n<h5>_________<\/h5>\n<\/td>\n<\/tr>\n<tr>\n<td width=\"308\">\n<h5>Did\u00e1ctica de las Ciencias Sociales<\/h5>\n<\/td>\n<td width=\"258\">\n<h5>_________<\/h5>\n<\/td>\n<\/tr>\n<tr>\n<td width=\"308\">\n<h5>Did\u00e1ctica de las Ciencias Naturales<\/h5>\n<\/td>\n<td width=\"258\">\n<h5>_________<\/h5>\n<\/td>\n<\/tr>\n<tr>\n<td width=\"308\">\n<h5>Did\u00e1ctica de la Matem\u00e1tica<\/h5>\n<\/td>\n<td width=\"258\">\n<h5>_________<\/h5>\n<\/td>\n<\/tr>\n<tr>\n<td width=\"308\">\n<h5>Teor\u00edas Sociopol\u00edticas y Educaci\u00f3n<\/h5>\n<\/td>\n<td width=\"258\">\n<h5>_________<\/h5>\n<\/td>\n<\/tr>\n<tr>\n<td width=\"308\">\n<h5>Did\u00e1ctica y Curriculum del Nivel Inicial<\/h5>\n<\/td>\n<td width=\"258\">\n<h5>Did\u00e1ctica General<\/h5>\n<\/td>\n<\/tr>\n<tr>\n<td colspan=\"2\" width=\"566\">\n<h3 style=\"text-align: center;\"><span style=\"color: #333399;\"><strong>3\u00ba A\u00d1O<\/strong><\/span><\/h3>\n<\/td>\n<\/tr>\n<tr>\n<td width=\"308\">\n<h5>Juegos y Desarrollo Infantil<\/h5>\n<\/td>\n<td width=\"258\">\n<h5>Psicolog\u00eda del Desarrollo y el Aprendizaje I<\/h5>\n<\/td>\n<\/tr>\n<tr>\n<td width=\"308\">\n<h5>Medios audiovisuales, TIC\u00b4s y Educaci\u00f3n<\/h5>\n<\/td>\n<td width=\"258\">\n<h5>_________<\/h5>\n<\/td>\n<\/tr>\n<tr>\n<td width=\"308\">\n<h5>Educaci\u00f3n Musical<\/h5>\n<\/td>\n<td width=\"258\">\n<h5>_________<\/h5>\n<\/td>\n<\/tr>\n<tr>\n<td width=\"308\">\n<h5>Educaci\u00f3n F\u00edsica Escolar<\/h5>\n<\/td>\n<td width=\"258\">\n<h5>_________<\/h5>\n<\/td>\n<\/tr>\n<tr>\n<td width=\"308\">\n<h5>Taller de Ciencias Sociales<\/h5>\n<\/td>\n<td width=\"258\">\n<h5>Did\u00e1ctica de las Ciencias Sociales<\/h5>\n<\/td>\n<\/tr>\n<tr>\n<td width=\"308\">\n<h5>Taller de Ciencias Naturales<\/h5>\n<\/td>\n<td width=\"258\">\n<h5>Did\u00e1ctica de las Ciencias Naturales<\/h5>\n<\/td>\n<\/tr>\n<tr>\n<td width=\"308\">\n<h5>Taller de Literatura Infantil<\/h5>\n<\/td>\n<td width=\"258\">\n<h5>Did\u00e1ctica de Pr\u00e1cticas del Lenguaje y la Literatura<\/h5>\n<\/td>\n<\/tr>\n<tr>\n<td width=\"308\">\n<h5>Taller de Matem\u00e1tica<\/h5>\n<\/td>\n<td width=\"258\">\n<h5>Did\u00e1ctica de la Matem\u00e1tica<\/h5>\n<\/td>\n<\/tr>\n<tr>\n<td width=\"308\">\n<h5>Producci\u00f3n de Materiales y Objetos l\u00fadicos<\/h5>\n<\/td>\n<td width=\"258\">\n<h5>__________<\/h5>\n<\/td>\n<\/tr>\n<tr>\n<td width=\"308\">\n<h5>Historia y Prospectiva de la Educaci\u00f3n<\/h5>\n<\/td>\n<td width=\"258\">\n<h5>__________<\/h5>\n<\/td>\n<\/tr>\n<tr>\n<td width=\"308\">\n<h5>Pol\u00edticas, Legislaci\u00f3n y Administraci\u00f3n del Trabajo Escolar<\/h5>\n<\/td>\n<td width=\"258\">\n<h5>__________<\/h5>\n<\/td>\n<\/tr>\n<tr>\n<td width=\"308\">\n<h5>Campo de la Pr\u00e1ctica Docente III<\/h5>\n<\/td>\n<td width=\"258\">\n<h5>Campo de la Pr\u00e1ctica Docente II<\/h5>\n<h5>Did\u00e1ctica de las pr\u00e1cticas del Lenguaje y la Literatura<\/h5>\n<h5>Did\u00e1ctica de las Ciencias Sociales<\/h5>\n<h5>Did\u00e1ctica de las Ciencias Naturales<\/h5>\n<h5>Did\u00e1ctica de la Matem\u00e1tica<\/h5>\n<h5>Did\u00e1ctica y Curriculum del Nivel Inicial<\/h5>\n<\/td>\n<\/tr>\n<tr>\n<td colspan=\"2\" width=\"566\">\n<h3 style=\"text-align: center;\"><span style=\"color: #333399;\"><strong>4\u00ba A\u00d1O<\/strong><\/span><\/h3>\n<\/td>\n<\/tr>\n<tr>\n<td width=\"308\">\n<h5>Educaci\u00f3n en y para la salud<\/h5>\n<\/td>\n<td width=\"258\">\n<h5>_________<\/h5>\n<\/td>\n<\/tr>\n<tr>\n<td width=\"308\">\n<h5>Ateneo de Pr\u00e1cticas del Lenguaje y la Literatura<\/h5>\n<\/td>\n<td width=\"258\">\n<h5>Taller de Literatura Infantil<\/h5>\n<\/td>\n<\/tr>\n<tr>\n<td width=\"308\">\n<h5>Ateneo de Matem\u00e1tica<\/h5>\n<\/td>\n<td width=\"258\">\n<h5>Taller de la Matem\u00e1tica<\/h5>\n<\/td>\n<\/tr>\n<tr>\n<td width=\"308\">\n<h5>Ateneo de Naturaleza y Sociedad<\/h5>\n<\/td>\n<td width=\"258\">\n<h5>Taller de Ciencias NaturalesTaller de Ciencias Sociales<\/h5>\n<\/td>\n<\/tr>\n<tr>\n<td width=\"308\">\n<h5>Ateneo de Nuevas Expresiones est\u00e9ticas<\/h5>\n<\/td>\n<td width=\"258\">\n<h5>_________<\/h5>\n<\/td>\n<\/tr>\n<tr>\n<td width=\"308\">\n<h5>Reflexi\u00f3n filos\u00f3fica de la Educaci\u00f3n<\/h5>\n<\/td>\n<td width=\"258\">\n<h5>Filosof\u00edaPedagog\u00eda<\/h5>\n<\/td>\n<\/tr>\n<tr>\n<td width=\"308\">\n<h5>Dimensi\u00f3n \u00e9tico pol\u00edtica de la praxis docente<\/h5>\n<\/td>\n<td width=\"258\">\n<h5>Teor\u00edas Sociopol\u00edticas y Educaci\u00f3n<\/h5>\n<\/td>\n<\/tr>\n<tr>\n<td width=\"308\">\n<h5>Campo de la Pr\u00e1ctica Docente IV<\/h5>\n<\/td>\n<td width=\"258\">\n<h5>Campo de la Pr\u00e1ctica Docente III<\/h5>\n<h5>Taller de Ciencias Sociales<\/h5>\n<h5>Taller de Ciencias Naturales<\/h5>\n<h5>Taller de Literatura Infantil<\/h5>\n<h5>Taller de Matem\u00e1tica<\/h5>\n<\/td>\n<\/tr>\n<\/tbody>\n<\/table>\n","protected":false},"excerpt":{"rendered":"<p>Importante Implementaci\u00f3n del Nuevo R\u00e9gimen de Correlatividades Firma Conjunta Comunicaci\u00f3n Conjunta 109\/23 PROFESORADO DE EDUCACI\u00d3N INICIAL R\u00c9GIMEN DE CORRELATIVIDADES\u00a0 \u2013 PROFESORADO DE EDUCACI\u00d3N INICIAL Los estudiantes que deben RECURSAR alg\u00fan Espacio Curricular de 1er a\u00f1o de la Carrera, NO podr\u00e1n INSCRIBIRSE PARA LA CURSADA DE NING\u00daN ESPACIO CURRICULAR DE 3ER A\u00d1O. Misma situaci\u00f3n se aplicar\u00e1 &#8230; <a title=\"R\u00e9gimen de Correlatividades\" class=\"read-more\" href=\"https:\/\/isfd36-bue.infd.edu.ar\/sitio\/correlatividades-4\/\" aria-label=\"More on R\u00e9gimen de Correlatividades\">[+]<\/a><\/p>\n","protected":false},"author":1461,"featured_media":0,"parent":0,"menu_order":0,"comment_status":"closed","ping_status":"closed","template":"","meta":[],"acf":[],"_links":{"self":[{"href":"https:\/\/isfd36-bue.infd.edu.ar\/sitio\/wp-json\/wp\/v2\/pages\/1371"}],"collection":[{"href":"https:\/\/isfd36-bue.infd.edu.ar\/sitio\/wp-json\/wp\/v2\/pages"}],"about":[{"href":"https:\/\/isfd36-bue.infd.edu.ar\/sitio\/wp-json\/wp\/v2\/types\/page"}],"author":[{"embeddable":true,"href":"https:\/\/isfd36-bue.infd.edu.ar\/sitio\/wp-json\/wp\/v2\/users\/1461"}],"replies":[{"embeddable":true,"href":"https:\/\/isfd36-bue.infd.edu.ar\/sitio\/wp-json\/wp\/v2\/comments?post=1371"}],"version-history":[{"count":5,"href":"https:\/\/isfd36-bue.infd.edu.ar\/sitio\/wp-json\/wp\/v2\/pages\/1371\/revisions"}],"predecessor-version":[{"id":5156,"href":"https:\/\/isfd36-bue.infd.edu.ar\/sitio\/wp-json\/wp\/v2\/pages\/1371\/revisions\/5156"}],"wp:attachment":[{"href":"https:\/\/isfd36-bue.infd.edu.ar\/sitio\/wp-json\/wp\/v2\/media?parent=1371"}],"curies":[{"name":"wp","href":"https:\/\/api.w.org\/{rel}","templated":true}]}}