{"id":1373,"date":"2018-07-02T18:53:47","date_gmt":"2018-07-02T21:53:47","guid":{"rendered":"https:\/\/isfd36-bue.infd.edu.ar\/sitio\/ensenar-en-inicial\/"},"modified":"2023-08-07T22:32:16","modified_gmt":"2023-08-08T01:32:16","slug":"plandeestudioycargahoraria","status":"publish","type":"page","link":"https:\/\/isfd36-bue.infd.edu.ar\/sitio\/plandeestudioycargahoraria\/","title":{"rendered":"Plan de Estudio y Carga Horaria"},"content":{"rendered":"<h2 style=\"text-align: center;\"><span style=\"color: #333399;\">PROFESORADO DE EDUCACI\u00d3N INICIAL<\/span><\/h2>\n<h5 style=\"text-align: center;\"><strong>R.M. 4154\/07 y R.M. 1117\/09<\/strong><\/h5>\n<h2><span style=\"color: #333399;\"><strong>PRIMER A\u00d1O<\/strong><\/span><\/h2>\n<table width=\"0\">\n<tbody>\n<tr>\n<td colspan=\"2\" width=\"591\">\n<h5><span style=\"color: #ff0000;\"><strong>ASIGNATURA<\/strong><\/span><\/h5>\n<\/td>\n<td width=\"94\">\n<p style=\"text-align: center;\"><span style=\"color: #ff0000;\"><strong>Carga Horaria<\/strong><\/span><\/p>\n<\/td>\n<\/tr>\n<tr>\n<td rowspan=\"4\" width=\"175\">\n<h5>CAMPO DE LA FUNDAMENTA-CI\u00d3N<\/h5>\n<\/td>\n<td width=\"416\">\n<h5>FILOSOF\u00cdA<\/h5>\n<\/td>\n<td width=\"94\"><strong>2<\/strong><\/td>\n<\/tr>\n<tr>\n<td width=\"416\">\n<h5>DID\u00c1CTICA GENERAL<\/h5>\n<\/td>\n<td width=\"94\"><strong>2<\/strong><\/td>\n<\/tr>\n<tr>\n<td width=\"416\">\n<h5>PEDAGOG\u00cdA<\/h5>\n<\/td>\n<td width=\"94\"><strong>2<\/strong><\/td>\n<\/tr>\n<tr>\n<td width=\"416\">\n<h5>AN\u00c1LISIS\u00a0 DEL MUNDO CONTEMPOR\u00c1NEO<\/h5>\n<\/td>\n<td width=\"94\"><strong>1<\/strong><\/td>\n<\/tr>\n<tr>\n<td rowspan=\"3\" width=\"175\">\n<h5>CAMPO DE ACTUALIZACI\u00d3N FORMATIVA<\/h5>\n<\/td>\n<td width=\"416\">\n<h5>TALLER\u00a0 DE LECTURA, ESCRITURA Y ORALIDAD<\/h5>\n<\/td>\n<td width=\"94\"><strong>2<\/strong><\/td>\n<\/tr>\n<tr>\n<td width=\"416\">\n<h5>TALLER DE PENSAMIENTO L\u00d3GICO MATEM\u00c1TICO<\/h5>\n<\/td>\n<td width=\"94\"><strong>2<\/strong><\/td>\n<\/tr>\n<tr>\n<td width=\"416\">\n<h5>TALLER DE DEFINICI\u00d3N INSTITUCIONAL<\/h5>\n<\/td>\n<td width=\"94\"><strong>2<\/strong><\/td>\n<\/tr>\n<tr>\n<td rowspan=\"2\" width=\"175\">\n<h5>CAMPO DE LA SUBJETIVIDAD Y LAS CULTURAS<\/h5>\n<\/td>\n<td width=\"416\">\n<h5>PSICOLOG\u00cdA DEL DESARROLLO Y\u00a0 EL APRENDIZAJE I<\/h5>\n<\/td>\n<td width=\"94\"><strong>2<\/strong><\/td>\n<\/tr>\n<tr>\n<td width=\"416\">\n<h5>EDUCACI\u00d3N TEMPRANA<\/h5>\n<\/td>\n<td width=\"94\"><strong>2<\/strong><\/td>\n<\/tr>\n<tr>\n<td width=\"175\">\n<h5>CAMPO DE LOS SABERES A ENSE\u00d1AR<\/h5>\n<\/td>\n<td width=\"416\">\n<h5>CORPOREIDAD Y MOTRICIDAD<\/h5>\n<\/td>\n<td width=\"94\"><strong>1<\/strong><\/td>\n<\/tr>\n<tr>\n<td colspan=\"2\" width=\"591\">\n<h5>CAMPO\u00a0 DE LA PR\u00c1CTICA DOCENTE<\/h5>\n<\/td>\n<td width=\"94\"><strong>3<\/strong><\/td>\n<\/tr>\n<\/tbody>\n<\/table>\n<h2><strong>\u00a0<\/strong><span style=\"color: #333399;\">SEGUNDO A\u00d1O<\/span><\/h2>\n<table>\n<tbody>\n<tr>\n<td colspan=\"2\" width=\"475\">\n<h5><span style=\"color: #ff0000;\"><strong>ASIGNATURA<\/strong><\/span><\/h5>\n<\/td>\n<td width=\"91\"><span style=\"color: #ff0000;\"><strong>Carga Horaria<\/strong><\/span><\/td>\n<\/tr>\n<tr>\n<td rowspan=\"2\" width=\"150\">\n<h5>CAMPO DE LA FUNDAMENTA-CI\u00d3N<\/h5>\n<\/td>\n<td width=\"325\">\n<h5>TEOR\u00cdAS SOCIOPOL\u00cdTICAS Y EDUCACI\u00d3N<\/h5>\n<\/td>\n<td width=\"91\">\n<h5><strong>2<\/strong><\/h5>\n<\/td>\n<\/tr>\n<tr>\n<td width=\"325\">\n<h5>DID\u00c1CTICA\u00a0 Y CURRICULUM DE NIVEL INICIAL<\/h5>\n<\/td>\n<td width=\"91\">\n<h5><strong>2<\/strong><\/h5>\n<\/td>\n<\/tr>\n<tr>\n<td rowspan=\"3\" width=\"150\">\n<h5>CAMPO DE LA SUBJETIVIDAD Y LAS CULTURAS<\/h5>\n<\/td>\n<td width=\"325\">\n<h5>PSICOLOG\u00cdA DEL DESARROLLO Y\u00a0 EL APRENDIZAJE II<\/h5>\n<\/td>\n<td width=\"91\">\n<h5><strong>2<\/strong><\/h5>\n<\/td>\n<\/tr>\n<tr>\n<td width=\"325\">\n<h5>PSICOLOG\u00cdA SOCIAL E INSTITUCIONAL<\/h5>\n<\/td>\n<td width=\"91\">\n<h5><strong>1<\/strong><\/h5>\n<\/td>\n<\/tr>\n<tr>\n<td width=\"325\">\n<h5>CULTURA, COMUNICACI\u00d3N Y EDUCACI\u00d3N<\/h5>\n<\/td>\n<td width=\"91\">\n<h5><strong>1<\/strong><\/h5>\n<\/td>\n<\/tr>\n<tr>\n<td rowspan=\"5\" width=\"150\">\n<h5>CAMPO DE LOS SABERES A ENSE\u00d1AR<\/h5>\n<\/td>\n<td width=\"325\">\n<h5>EDUCACI\u00d3N PL\u00c1STICA<\/h5>\n<\/td>\n<td width=\"91\">\n<h5><strong>2<\/strong><\/h5>\n<\/td>\n<\/tr>\n<tr>\n<td width=\"325\">\n<h5>DID\u00c1CTICA DE PR\u00c1CTICAS DEL LENGUAJE Y LA LITERATURA<\/h5>\n<\/td>\n<td width=\"91\">\n<h5><strong>2<\/strong><\/h5>\n<\/td>\n<\/tr>\n<tr>\n<td width=\"325\">\n<h5>DID\u00c1CTICA DE LAS CIENCIAS SOCIALES<\/h5>\n<\/td>\n<td width=\"91\">\n<h5><strong>2<\/strong><\/h5>\n<\/td>\n<\/tr>\n<tr>\n<td width=\"325\">\n<h5>DID\u00c1CTICA DE LAS CIENCIAS NATURALES<\/h5>\n<\/td>\n<td width=\"91\">\n<h5><strong>2<\/strong><\/h5>\n<\/td>\n<\/tr>\n<tr>\n<td width=\"325\">\n<h5>DID\u00c1CTICA DE LA MATEM\u00c1TICA<\/h5>\n<\/td>\n<td width=\"91\">\n<h5><strong>2<\/strong><\/h5>\n<\/td>\n<\/tr>\n<tr>\n<td colspan=\"2\" width=\"475\">\n<h5>CAMPO\u00a0 DE LA PR\u00c1CTICA DOCENTE<\/h5>\n<\/td>\n<td width=\"91\">\n<h5><strong>4<\/strong><\/h5>\n<\/td>\n<\/tr>\n<tr>\n<td width=\"150\"><\/td>\n<td width=\"325\"><\/td>\n<td width=\"91\"><\/td>\n<\/tr>\n<\/tbody>\n<\/table>\n<h2><span style=\"color: #333399;\">TERCER A\u00d1O<\/span><\/h2>\n<table>\n<tbody>\n<tr>\n<td colspan=\"2\" width=\"475\">\n<h5><span style=\"color: #ff0000;\"><strong>ASIGNATURA<\/strong><\/span><\/h5>\n<\/td>\n<td width=\"91\">\n<h5><span style=\"color: #ff0000;\"><strong>Carga Horaria<\/strong><\/span><\/h5>\n<\/td>\n<\/tr>\n<tr>\n<td rowspan=\"2\" width=\"150\">\n<h5>CAMPO DE LA FUNDAMENTA-CI\u00d3N<\/h5>\n<\/td>\n<td width=\"325\">\n<h5>HISTORIA Y PROSPECTIVA DE LA EDUCACI\u00d3N<\/h5>\n<\/td>\n<td width=\"91\">\n<h5><strong>2<\/strong><\/h5>\n<\/td>\n<\/tr>\n<tr>\n<td width=\"325\">\n<h5>POL\u00cdTICAS, LEGISLACI\u00d3N Y ADMINISTRACI\u00d3N DEL TRABAJO ESCOLAR<\/h5>\n<\/td>\n<td width=\"91\">\n<h5><strong>2<\/strong><\/h5>\n<\/td>\n<\/tr>\n<tr>\n<td rowspan=\"2\" width=\"150\">\n<h5>CAMPO DE LA SUBJETIVIDAD Y LAS CULTURAS<\/h5>\n<\/td>\n<td width=\"325\">\n<h5>JUEGO Y DESARROLLO INFANTIL<\/h5>\n<\/td>\n<td width=\"91\">\n<h5><strong>2<\/strong><\/h5>\n<\/td>\n<\/tr>\n<tr>\n<td width=\"325\">\n<h5>MEDIOS AUDIOVISUALES, TIC\u2019s Y EDUCACI\u00d3N<\/h5>\n<\/td>\n<td width=\"91\">\n<h5><strong>1<\/strong><\/h5>\n<\/td>\n<\/tr>\n<tr>\n<td rowspan=\"7\" width=\"150\">\n<h5>CAMPO DE LOS SABERES A ENSE\u00d1AR<\/h5>\n<\/td>\n<td width=\"325\">\n<h5>EDUCACI\u00d3N MUSICAL<\/h5>\n<\/td>\n<td width=\"91\">\n<h5><strong>2<\/strong><\/h5>\n<\/td>\n<\/tr>\n<tr>\n<td width=\"325\">\n<h5>EDUCACI\u00d3N F\u00cdSICA ESCOLAR<\/h5>\n<\/td>\n<td width=\"91\">\n<h5><strong>2<\/strong><\/h5>\n<\/td>\n<\/tr>\n<tr>\n<td width=\"325\">\n<h5>TALLER DE LITERATURA INFANTIL<\/h5>\n<\/td>\n<td width=\"91\">\n<h5><strong>1<\/strong><\/h5>\n<\/td>\n<\/tr>\n<tr>\n<td width=\"325\">\n<h5>TALLER DE CIENCIAS SOCIALES<\/h5>\n<\/td>\n<td width=\"91\">\n<h5><strong>1<\/strong><\/h5>\n<\/td>\n<\/tr>\n<tr>\n<td width=\"325\">\n<h5>TALLER DE CIENCIAS NATURALES<\/h5>\n<\/td>\n<td width=\"91\">\n<h5><strong>1<\/strong><\/h5>\n<\/td>\n<\/tr>\n<tr>\n<td width=\"325\">\n<h5>TALLER DE LA MATEM\u00c1TICA<\/h5>\n<\/td>\n<td width=\"91\">\n<h5><strong>1<\/strong><\/h5>\n<\/td>\n<\/tr>\n<tr>\n<td width=\"325\">\n<h5>PRODUCCI\u00d3N DE MATERIALES Y OBJETOS L\u00daDICOS<\/h5>\n<\/td>\n<td width=\"91\">\n<h5><strong>1<\/strong><\/h5>\n<\/td>\n<\/tr>\n<tr>\n<td colspan=\"2\" width=\"475\">\n<h5>CAMPO\u00a0 DE LA PR\u00c1CTICA DOCENTE<\/h5>\n<\/td>\n<td width=\"91\">\n<h5><strong>6<\/strong><\/h5>\n<\/td>\n<\/tr>\n<tr>\n<td width=\"150\">\n<h5>TRAYECTOS FORMATIVOS OPCIONALES<\/h5>\n<\/td>\n<td width=\"325\">\n<h5>ESPACIOS DE DEFINICI\u00d3N INSTITUCIONAL<\/h5>\n<\/td>\n<td width=\"91\">\n<h5><strong>2<\/strong><\/h5>\n<\/td>\n<\/tr>\n<\/tbody>\n<\/table>\n<h2><span style=\"color: #333399;\">CUARTO A\u00d1O<\/span><\/h2>\n<table>\n<tbody>\n<tr>\n<td colspan=\"2\" width=\"475\">\n<h5><span style=\"color: #ff0000;\"><strong>ASIGNATURA<\/strong><\/span><\/h5>\n<\/td>\n<td width=\"91\">\n<h5><span style=\"color: #ff0000;\"><strong>Carga Horaria<\/strong><\/span><\/h5>\n<\/td>\n<\/tr>\n<tr>\n<td rowspan=\"2\" width=\"150\">\n<h5>CAMPO DE LA FUNDAMENTA-CI\u00d3N<\/h5>\n<\/td>\n<td width=\"325\">\n<h5>REFLEXI\u00d3N FILOS\u00d3FICA DE LA EDUCACI\u00d3N<\/h5>\n<\/td>\n<td width=\"91\">\n<h5><strong>1<\/strong><\/h5>\n<\/td>\n<\/tr>\n<tr>\n<td width=\"325\">\n<h5>DIMENSI\u00d3N \u00c9TICO-POL\u00cdTICA DE LA PRAXIS\u00a0 DOCENTE<\/h5>\n<\/td>\n<td width=\"91\">\n<h5><strong>1<\/strong><\/h5>\n<\/td>\n<\/tr>\n<tr>\n<td width=\"150\">\n<h5>CAMPO DE LA\u00a0 SUBJETIVIDAD Y LAS CULTURAS<\/h5>\n<\/td>\n<td width=\"325\">\n<h5>EDUCACI\u00d3N EN Y PARA LA SALUD<\/h5>\n<\/td>\n<td width=\"91\">\n<h5><strong>1<\/strong><\/h5>\n<\/td>\n<\/tr>\n<tr>\n<td rowspan=\"4\" width=\"150\">\n<h5>CAMPO DE LOS SABERES A ENSE\u00d1AR<\/h5>\n<\/td>\n<td width=\"325\">\n<h5>ATENEO DE PR\u00c1CTICAS DEL LENGUAJE Y LA LITERATURA<\/h5>\n<\/td>\n<td width=\"91\">\n<h5><strong>2<\/strong><\/h5>\n<\/td>\n<\/tr>\n<tr>\n<td width=\"325\">\n<h5>ATENEO DE MATEM\u00c1TICA<\/h5>\n<\/td>\n<td width=\"91\">\n<h5><strong>2<\/strong><\/h5>\n<\/td>\n<\/tr>\n<tr>\n<td width=\"325\">\n<h5>ATENEO DE NATURALEZA Y SOCIEDAD<\/h5>\n<\/td>\n<td width=\"91\">\n<h5><strong>2<\/strong><\/h5>\n<\/td>\n<\/tr>\n<tr>\n<td width=\"325\">\n<h5>ATENEO DE NUEVAS EXPRESIONES EST\u00c9TICAS<\/h5>\n<\/td>\n<td width=\"91\">\n<h5><strong>2<\/strong><\/h5>\n<\/td>\n<\/tr>\n<tr>\n<td colspan=\"2\" width=\"475\">\n<h5>CAMPO\u00a0 DE LA PR\u00c1CTICA DOCENTE<\/h5>\n<\/td>\n<td width=\"91\">\n<h5><strong>9<\/strong><\/h5>\n<\/td>\n<\/tr>\n<tr>\n<td width=\"150\">\n<h5>TRAYECTOS FORMATIVOS OPCIONALES<\/h5>\n<\/td>\n<td width=\"325\">\n<h5>ESPACIOS DE DEFINICI\u00d3N INSTITUCIONAL<\/h5>\n<\/td>\n<td width=\"91\">\n<h5><strong>1<\/strong><\/h5>\n<\/td>\n<\/tr>\n<\/tbody>\n<\/table>\n","protected":false},"excerpt":{"rendered":"<p>PROFESORADO DE EDUCACI\u00d3N INICIAL R.M. 4154\/07 y R.M. 1117\/09 PRIMER A\u00d1O ASIGNATURA Carga Horaria CAMPO DE LA FUNDAMENTA-CI\u00d3N FILOSOF\u00cdA 2 DID\u00c1CTICA GENERAL 2 PEDAGOG\u00cdA 2 AN\u00c1LISIS\u00a0 DEL MUNDO CONTEMPOR\u00c1NEO 1 CAMPO DE ACTUALIZACI\u00d3N FORMATIVA TALLER\u00a0 DE LECTURA, ESCRITURA Y ORALIDAD 2 TALLER DE PENSAMIENTO L\u00d3GICO MATEM\u00c1TICO 2 TALLER DE DEFINICI\u00d3N INSTITUCIONAL 2 CAMPO DE LA &#8230; <a title=\"Plan de Estudio y Carga Horaria\" class=\"read-more\" href=\"https:\/\/isfd36-bue.infd.edu.ar\/sitio\/plandeestudioycargahoraria\/\" aria-label=\"More on Plan de Estudio y Carga Horaria\">[+]<\/a><\/p>\n","protected":false},"author":1461,"featured_media":0,"parent":0,"menu_order":0,"comment_status":"closed","ping_status":"closed","template":"","meta":[],"acf":[],"_links":{"self":[{"href":"https:\/\/isfd36-bue.infd.edu.ar\/sitio\/wp-json\/wp\/v2\/pages\/1373"}],"collection":[{"href":"https:\/\/isfd36-bue.infd.edu.ar\/sitio\/wp-json\/wp\/v2\/pages"}],"about":[{"href":"https:\/\/isfd36-bue.infd.edu.ar\/sitio\/wp-json\/wp\/v2\/types\/page"}],"author":[{"embeddable":true,"href":"https:\/\/isfd36-bue.infd.edu.ar\/sitio\/wp-json\/wp\/v2\/users\/1461"}],"replies":[{"embeddable":true,"href":"https:\/\/isfd36-bue.infd.edu.ar\/sitio\/wp-json\/wp\/v2\/comments?post=1373"}],"version-history":[{"count":3,"href":"https:\/\/isfd36-bue.infd.edu.ar\/sitio\/wp-json\/wp\/v2\/pages\/1373\/revisions"}],"predecessor-version":[{"id":4527,"href":"https:\/\/isfd36-bue.infd.edu.ar\/sitio\/wp-json\/wp\/v2\/pages\/1373\/revisions\/4527"}],"wp:attachment":[{"href":"https:\/\/isfd36-bue.infd.edu.ar\/sitio\/wp-json\/wp\/v2\/media?parent=1373"}],"curies":[{"name":"wp","href":"https:\/\/api.w.org\/{rel}","templated":true}]}}