{"id":1388,"date":"2018-07-02T18:53:53","date_gmt":"2018-07-02T21:53:53","guid":{"rendered":"https:\/\/isfd36-bue.infd.edu.ar\/sitio\/campo-de-la-practica\/"},"modified":"2020-03-28T17:26:00","modified_gmt":"2020-03-28T20:26:00","slug":"plandeestudioycargahorariaprim","status":"publish","type":"page","link":"https:\/\/isfd36-bue.infd.edu.ar\/sitio\/plandeestudioycargahorariaprim\/","title":{"rendered":"Plan de Estudios y Carga Horaria"},"content":{"rendered":"<h2 style=\"text-align: center;\"><span style=\"color: #333399;\">PROFESORADO DE EDUCACI\u00d3N PRIMARIA<\/span><\/h2>\n<h4 style=\"text-align: center;\">R.M. 4154\/07 &#8211; R.M. 1117\/09<\/h4>\n<h3><span style=\"color: #333399;\"><strong>PRIMER A\u00d1O<\/strong><\/span><\/h3>\n<table>\n<tbody>\n<tr>\n<td colspan=\"2\" width=\"469\">\n<h5><strong>ASIGNATURA<\/strong><\/h5>\n<\/td>\n<td width=\"96\"><strong>M\u00d3DULOS<\/strong><\/td>\n<\/tr>\n<tr>\n<td rowspan=\"3\" width=\"183\">\n<h5>CAMPO DE ACTUALIZACI\u00d3N FORMATIVA<\/h5>\n<\/td>\n<td width=\"286\">\n<h5>TALLER\u00a0 DE LECTURA, ESCRITURA Y ORALIDAD<\/h5>\n<\/td>\n<td width=\"96\"><strong>2<\/strong><\/td>\n<\/tr>\n<tr>\n<td width=\"286\">\n<h5>TALLER DE PENSAMIENTO L\u00d3GICO MATEM\u00c1TICO<\/h5>\n<\/td>\n<td width=\"96\"><strong>2<\/strong><\/td>\n<\/tr>\n<tr>\n<td width=\"286\">\n<h5>TALLER DE DEFINICI\u00d3N INSTITUCIONAL<\/h5>\n<\/td>\n<td width=\"96\"><strong>2<\/strong><\/td>\n<\/tr>\n<tr>\n<td rowspan=\"4\" width=\"183\">\n<h5>CAMPO DE LA FUNDAMENTA-CI\u00d3N<\/h5>\n<\/td>\n<td width=\"286\">\n<h5>FILOSOF\u00cdA<\/h5>\n<\/td>\n<td width=\"96\"><strong>2<\/strong><\/td>\n<\/tr>\n<tr>\n<td width=\"286\">\n<h5>DID\u00c1CTICA GENERAL<\/h5>\n<\/td>\n<td width=\"96\"><strong>2<\/strong><\/td>\n<\/tr>\n<tr>\n<td width=\"286\">\n<h5>PEDAGOG\u00cdA<\/h5>\n<\/td>\n<td width=\"96\"><strong>2<\/strong><\/td>\n<\/tr>\n<tr>\n<td width=\"286\">\n<h5>AN\u00c1LISIS\u00a0 DEL MUNDO CONTEMPOR\u00c1NEO<\/h5>\n<\/td>\n<td width=\"96\"><strong>1<\/strong><\/td>\n<\/tr>\n<tr>\n<td width=\"183\">\n<h5>CAMPO DE LA SUBJETIVIDAD Y LAS CULTURAS<\/h5>\n<\/td>\n<td width=\"286\">\n<h5>PSICOLOG\u00cdA DEL DESARROLLO Y\u00a0 EL APRENDIZAJE I<\/h5>\n<\/td>\n<td width=\"96\"><strong>2<\/strong><\/td>\n<\/tr>\n<tr>\n<td rowspan=\"2\" width=\"183\">\n<h5>CAMPO DE LOS SABERES A ENSE\u00d1AR<\/h5>\n<\/td>\n<td width=\"286\">\n<h6>CORPOREIDAD Y MOTRICIDAD<\/h6>\n<\/td>\n<td width=\"96\"><strong>1<\/strong><\/td>\n<\/tr>\n<tr>\n<td width=\"286\">\n<h5>ARTE Y EDUCACI\u00d3N<\/h5>\n<\/td>\n<td width=\"96\"><strong>2<\/strong><\/td>\n<\/tr>\n<tr>\n<td colspan=\"2\" width=\"469\">\n<h5>CAMPO\u00a0 DE LA PR\u00c1CTICA DOCENTE<\/h5>\n<\/td>\n<td width=\"96\"><strong>3<\/strong><\/td>\n<\/tr>\n<\/tbody>\n<\/table>\n<h3><strong>\u00a0<\/strong><span style=\"color: #333399;\"><strong>SEGUNDO A\u00d1O<\/strong><\/span><\/h3>\n<table>\n<tbody>\n<tr>\n<td colspan=\"2\" width=\"468\">\n<h5><strong>ASIGNATURA<\/strong><\/h5>\n<\/td>\n<td width=\"98\"><strong>M\u00d3DULOS<\/strong><\/td>\n<\/tr>\n<tr>\n<td rowspan=\"2\" width=\"184\">\n<h5>CAMPO DE LA FUNDAMENTA-CI\u00d3N<\/h5>\n<\/td>\n<td width=\"283\">\n<h5>TEOR\u00cdAS SOCIOPOL\u00cdTICAS Y EDUCACI\u00d3N<\/h5>\n<\/td>\n<td width=\"98\"><strong>2<\/strong><\/td>\n<\/tr>\n<tr>\n<td width=\"283\">\n<h5>DID\u00c1CTICA Y CURRICULUM DE NIVEL PRIMARIO<\/h5>\n<\/td>\n<td width=\"98\"><strong>2<\/strong><\/td>\n<\/tr>\n<tr>\n<td rowspan=\"3\" width=\"184\">\n<h5>CAMPO DE LA SUBJETIVIDAD Y LAS CULTURAS<\/h5>\n<\/td>\n<td width=\"283\">\n<h5>PSICOLOG\u00cdA DEL DESARROLLO Y\u00a0 EL APRENDIZAJE II<\/h5>\n<\/td>\n<td width=\"98\"><strong>2<\/strong><\/td>\n<\/tr>\n<tr>\n<td width=\"283\">\n<h5>PSICOLOG\u00cdA SOCIAL E INSTITUCIONAL<\/h5>\n<\/td>\n<td width=\"98\"><strong>1<\/strong><\/td>\n<\/tr>\n<tr>\n<td width=\"283\">\n<h5>CULTURA, COMUNICACI\u00d3N Y EDUCACI\u00d3N<\/h5>\n<\/td>\n<td width=\"98\"><strong>1<\/strong><\/td>\n<\/tr>\n<tr>\n<td rowspan=\"5\" width=\"184\">\n<h5>CAMPO DE LOS SABERES A ENSE\u00d1AR<\/h5>\n<\/td>\n<td width=\"283\">\n<h5>EDUCACI\u00d3N ART\u00cdSTICA<\/h5>\n<\/td>\n<td width=\"98\"><strong>2<\/strong><\/td>\n<\/tr>\n<tr>\n<td width=\"283\">\n<h5>DID\u00c1CTICA DE PR\u00c1CTICAS DEL LENGUAJE Y LA LITERATURA I<\/h5>\n<\/td>\n<td width=\"98\"><strong>2<\/strong><\/td>\n<\/tr>\n<tr>\n<td width=\"283\">\n<h5>DID\u00c1CTICA DE LAS CIENCIAS SOCIALES I<\/h5>\n<\/td>\n<td width=\"98\"><strong>2<\/strong><\/td>\n<\/tr>\n<tr>\n<td width=\"283\">\n<h5>DIDACTICA DE LAS CIENCIAS NATURALES I<\/h5>\n<\/td>\n<td width=\"98\"><strong>2<\/strong><\/td>\n<\/tr>\n<tr>\n<td width=\"283\">\n<h5>DID\u00c1CTICA DE LA MATEM\u00c1TICA I<\/h5>\n<\/td>\n<td width=\"98\"><strong>2<\/strong><\/td>\n<\/tr>\n<tr>\n<td colspan=\"2\" width=\"468\">\n<h5>CAMPO\u00a0 DE LA PR\u00c1CTICA DOCENTE<\/h5>\n<\/td>\n<td width=\"98\"><strong>4<\/strong><\/td>\n<\/tr>\n<tr>\n<td width=\"184\">\n<h5>TRAYECTOS FORMATIVOS OPCIONALES<\/h5>\n<\/td>\n<td width=\"283\">\n<h5>ESPACIOS DE DEFINICI\u00d3N INSTITUCIONAL<\/h5>\n<\/td>\n<td width=\"98\"><strong>1<\/strong><\/td>\n<\/tr>\n<\/tbody>\n<\/table>\n<h3><span style=\"color: #333399;\">TERCER A\u00d1O<\/span><\/h3>\n<table>\n<tbody>\n<tr>\n<td colspan=\"2\" width=\"475\">\n<h5><strong>ASIGNATURA<\/strong><\/h5>\n<\/td>\n<td width=\"91\"><strong>M\u00d3DULOS<\/strong><\/td>\n<\/tr>\n<tr>\n<td rowspan=\"2\" width=\"150\">\n<h5>CAMPO DE LA FUNDAMENTA-CI\u00d3N<\/h5>\n<\/td>\n<td width=\"325\">\n<h5>HISTORIA Y PROSPECTIVA DE LA EDUCACI\u00d3N<\/h5>\n<\/td>\n<td width=\"91\"><strong>2<\/strong><\/td>\n<\/tr>\n<tr>\n<td width=\"325\">\n<h5>POL\u00cdTICAS, LEGISLACI\u00d3N Y ADMINISTRACI\u00d3N DEL TRABAJO ESCOLAR<\/h5>\n<\/td>\n<td width=\"91\"><strong>2<\/strong><\/td>\n<\/tr>\n<tr>\n<td rowspan=\"2\" width=\"150\">\n<h5>CAMPO DE LA SUBJETIVIDAD Y LAS CULTURAS<\/h5>\n<\/td>\n<td width=\"325\">\n<h5>CONFIGURACIONES CULTURALES DEL SUJETO EDUCATIVO DE PRIMARIA<\/h5>\n<\/td>\n<td width=\"91\"><strong>1<\/strong><\/td>\n<\/tr>\n<tr>\n<td width=\"325\">\n<h5>MEDIOS AUDIOVISUALES, TIC\u2019s Y EDUCACI\u00d3N<\/h5>\n<\/td>\n<td width=\"91\"><strong>1<\/strong><\/td>\n<\/tr>\n<tr>\n<td rowspan=\"5\" width=\"150\">\n<h5>CAMPO DE LOS SABERES A ENSE\u00d1AR<\/h5>\n<\/td>\n<td width=\"325\">\n<h6>EDUCACI\u00d3N F\u00cdSICA ESCOLAR<\/h6>\n<\/td>\n<td width=\"91\"><strong>2<\/strong><\/td>\n<\/tr>\n<tr>\n<td width=\"325\">\n<h5>DID\u00c1CTICA DE PR\u00c1CTICAS DEL LENGUAJE Y LA LITERATURA II<\/h5>\n<\/td>\n<td width=\"91\"><strong>2<\/strong><\/td>\n<\/tr>\n<tr>\n<td width=\"325\">\n<h5>DID\u00c1CTICA DE LAS CIENCIAS SOCIALES II<\/h5>\n<\/td>\n<td width=\"91\"><strong>2<\/strong><\/td>\n<\/tr>\n<tr>\n<td width=\"325\">\n<h5>DIDACTICA DE LAS CIENCIAS NATURALES II<\/h5>\n<\/td>\n<td width=\"91\"><strong>2<\/strong><\/td>\n<\/tr>\n<tr>\n<td width=\"325\">\n<h5>DID\u00c1CTICA DE LA MATEM\u00c1TICA II<\/h5>\n<\/td>\n<td width=\"91\"><strong>2<\/strong><\/td>\n<\/tr>\n<tr>\n<td colspan=\"2\" width=\"475\">\n<h5>CAMPO\u00a0 DE LA PR\u00c1CTICA DOCENTE<\/h5>\n<\/td>\n<td width=\"91\"><strong>6<\/strong><\/td>\n<\/tr>\n<tr>\n<td width=\"150\">\n<h5>TRAYECTOS FOMATIVOS OPCIONALES<\/h5>\n<\/td>\n<td width=\"325\">\n<h5>ESPACIOS DE DEFINICI\u00d3N INSTITUCIONAL<\/h5>\n<\/td>\n<td width=\"91\"><strong>1<\/strong><\/td>\n<\/tr>\n<\/tbody>\n<\/table>\n<h3><span style=\"color: #333399;\">CUARTO A\u00d1O<\/span><\/h3>\n<table>\n<tbody>\n<tr>\n<td colspan=\"2\" width=\"475\">\n<h5><strong>ASIGNATURA<\/strong><\/h5>\n<\/td>\n<td width=\"91\"><strong>M\u00d3DULOS<\/strong><\/td>\n<\/tr>\n<tr>\n<td rowspan=\"2\" width=\"151\">\n<h5>CAMPO DE LA FUNDAMENTA-CI\u00d3N<\/h5>\n<\/td>\n<td width=\"324\">\n<h5>REFLEXI\u00d3N FILOS\u00d3FICA DE LA EDUCACI\u00d3N<\/h5>\n<\/td>\n<td width=\"91\"><strong>1<\/strong><\/td>\n<\/tr>\n<tr>\n<td width=\"324\">\n<h5>DIMENSI\u00d3N \u00c9TICO-POL\u00cdTICA DE LA PRAXIS DOCENTE<\/h5>\n<\/td>\n<td width=\"91\"><strong>1<\/strong><\/td>\n<\/tr>\n<tr>\n<td width=\"151\">\n<h5>CAMPO DE LA SUBJETIVIDAD Y LAS CULTURAS<\/h5>\n<\/td>\n<td width=\"324\">\n<h5>PEDAGOG\u00cdA CR\u00cdTICA DE LAS DIFERENCIAS<\/h5>\n<\/td>\n<td width=\"91\"><strong>1<\/strong><\/td>\n<\/tr>\n<tr>\n<td rowspan=\"4\" width=\"151\">\n<h5>CAMPO DE LOS SABERES A ENSE\u00d1AR<\/h5>\n<\/td>\n<td width=\"324\">\n<h5>ATENEO DE PR\u00c1CTICAS DEL LENGUAJE Y LA LITERATURA<\/h5>\n<\/td>\n<td width=\"91\"><strong>2<\/strong><\/td>\n<\/tr>\n<tr>\n<td width=\"324\">\n<h5>ATENEO\u00a0 DE CIENCIAS SOCIALES<\/h5>\n<\/td>\n<td width=\"91\"><strong>2<\/strong><\/td>\n<\/tr>\n<tr>\n<td width=\"324\">\n<h5>ATENEO DE CIENCIAS NATURALES<\/h5>\n<\/td>\n<td width=\"91\"><strong>2<\/strong><\/td>\n<\/tr>\n<tr>\n<td width=\"324\">\n<h5>ATENEO DE MATEM\u00c1TICA<\/h5>\n<\/td>\n<td width=\"91\"><strong>2<\/strong><\/td>\n<\/tr>\n<tr>\n<td colspan=\"2\" width=\"475\">\n<h5>CAMPO\u00a0 DE LA PR\u00c1CTICA DOCENTE<\/h5>\n<\/td>\n<td width=\"91\"><strong>9<\/strong><\/td>\n<\/tr>\n<tr>\n<td width=\"151\">\n<h5>TRAYECTOS FOMATIVOS OPCIONALES<\/h5>\n<\/td>\n<td width=\"324\">\n<h5>ESPACIOS DE DEFINICI\u00d3N INSTITUCIONAL<\/h5>\n<\/td>\n<td width=\"91\"><strong>1<\/strong><\/td>\n<\/tr>\n<\/tbody>\n<\/table>\n<p>&nbsp;<\/p>\n","protected":false},"excerpt":{"rendered":"<p>PROFESORADO DE EDUCACI\u00d3N PRIMARIA R.M. 4154\/07 &#8211; R.M. 1117\/09 PRIMER A\u00d1O ASIGNATURA M\u00d3DULOS CAMPO DE ACTUALIZACI\u00d3N FORMATIVA TALLER\u00a0 DE LECTURA, ESCRITURA Y ORALIDAD 2 TALLER DE PENSAMIENTO L\u00d3GICO MATEM\u00c1TICO 2 TALLER DE DEFINICI\u00d3N INSTITUCIONAL 2 CAMPO DE LA FUNDAMENTA-CI\u00d3N FILOSOF\u00cdA 2 DID\u00c1CTICA GENERAL 2 PEDAGOG\u00cdA 2 AN\u00c1LISIS\u00a0 DEL MUNDO CONTEMPOR\u00c1NEO 1 CAMPO DE LA SUBJETIVIDAD &#8230; <a title=\"Plan de Estudios y Carga Horaria\" class=\"read-more\" href=\"https:\/\/isfd36-bue.infd.edu.ar\/sitio\/plandeestudioycargahorariaprim\/\" aria-label=\"More on Plan de Estudios y Carga Horaria\">[+]<\/a><\/p>\n","protected":false},"author":1461,"featured_media":0,"parent":0,"menu_order":0,"comment_status":"closed","ping_status":"closed","template":"","meta":[],"acf":[],"_links":{"self":[{"href":"https:\/\/isfd36-bue.infd.edu.ar\/sitio\/wp-json\/wp\/v2\/pages\/1388"}],"collection":[{"href":"https:\/\/isfd36-bue.infd.edu.ar\/sitio\/wp-json\/wp\/v2\/pages"}],"about":[{"href":"https:\/\/isfd36-bue.infd.edu.ar\/sitio\/wp-json\/wp\/v2\/types\/page"}],"author":[{"embeddable":true,"href":"https:\/\/isfd36-bue.infd.edu.ar\/sitio\/wp-json\/wp\/v2\/users\/1461"}],"replies":[{"embeddable":true,"href":"https:\/\/isfd36-bue.infd.edu.ar\/sitio\/wp-json\/wp\/v2\/comments?post=1388"}],"version-history":[{"count":4,"href":"https:\/\/isfd36-bue.infd.edu.ar\/sitio\/wp-json\/wp\/v2\/pages\/1388\/revisions"}],"predecessor-version":[{"id":2687,"href":"https:\/\/isfd36-bue.infd.edu.ar\/sitio\/wp-json\/wp\/v2\/pages\/1388\/revisions\/2687"}],"wp:attachment":[{"href":"https:\/\/isfd36-bue.infd.edu.ar\/sitio\/wp-json\/wp\/v2\/media?parent=1388"}],"curies":[{"name":"wp","href":"https:\/\/api.w.org\/{rel}","templated":true}]}}