{"id":1403,"date":"2018-07-02T18:53:58","date_gmt":"2018-07-02T21:53:58","guid":{"rendered":"https:\/\/isfd36-bue.infd.edu.ar\/sitio\/equivalencias\/"},"modified":"2026-04-01T10:33:41","modified_gmt":"2026-04-01T13:33:41","slug":"equivalencias","status":"publish","type":"page","link":"https:\/\/isfd36-bue.infd.edu.ar\/sitio\/equivalencias\/","title":{"rendered":"EQUIVALENCIAS"},"content":{"rendered":"<p><strong>SOLICITUD DE EQUIVALENCIAS<\/strong><\/p>\n<p class=\"pa1\"><span style=\"font-size: 14pt;\">El o la estudiante que cursa alguna carrera en nuestra instituci\u00f3n y tiene espacios aprobados en otras instituciones de Educaci\u00f3n Superior universitarias y\/o terciarias con las asignaturas y\/o perspectivas establecidas por los dise\u00f1os curriculares pueden solicitar equivalencias de espacios aprobadas.<br \/><\/span><\/p>\n<p class=\"pa1\"><strong><span style=\"font-size: 14pt; color: #ff6600;\">El o la estudiante que solicita equivalencias deber\u00e1 presentar la documentaci\u00f3n hasta el 30 de abril.<\/span><\/strong><\/p>\n<p><strong>Completar la siguiente documentaci\u00f3n para entregar en Preceptor\u00eda de manera presencial.\u00a0<\/strong><\/p>\n<p><span style=\"font-size: 14pt;\">\u2022 Car\u00e1tula de equivalencia.\u00a0 Este formulario se completa detallando el listado de los espacios a solicitar por equivalencia.\u00a0 \u00a0(<a title=\"EQUIVALENCIAS ASIGNATURA\" href=\"https:\/\/isfd36-bue.infd.edu.ar\/sitio\/wp-content\/uploads\/2023\/04\/SOLICITUD-DE-EQUIVALENCIA-caratula.pdf\" target=\"_blank\" rel=\"noopener\"><strong>Descargar<\/strong><\/a>)<\/span><\/p>\n<p><span style=\"font-size: 14pt;\">\u2022 Resumen de equivalencia por asignatura y\/o perspectiva.\u00a0 Este formulario se completa para cada uno de los espacios que solicitar\u00e1 la equivalencia. (<a title=\"EQUIVALENCIAS ASIGNATURA\" href=\"upload\/A14a.pdf\" target=\"_blank\" rel=\"noopener\"><strong>Descargar<\/strong><\/a>)<\/span><\/p>\n<p class=\"pa35\"><span style=\"font-size: 14pt;\">\u2022 Certificado de espacios aprobados original extendido por la instituci\u00f3n que corresponda, con la firma de la autoridad correspondiente.<\/span><\/p>\n<p class=\"pa35\"><span style=\"font-size: 14pt;\">\u2022 Los programas originales de las asignaturas que presenta para el otorgamiento de la equivalencia, debidamente certificados por la autoridad correspondiente.<\/span><\/p>\n<p class=\"pa1\"><span style=\"font-size: 14pt;\">Con esta documentaci\u00f3n, se conformar\u00e1 un legajo \u00fanico por cada alumno\/a y se proceder\u00e1 a verificar que la documentaci\u00f3n presentada cumpla los requisitos solicitados y se halle debidamente certificada por autoridad competente.<\/span><\/p>\n<p class=\"pa1\"><span style=\"font-size: 14pt;\">Los docentes especializados emitir\u00e1n un informe sobre el resultado de la equivalencia que se transcribir\u00e1 en la hoja de solicitud completada por el o la estudiante.<\/span><\/p>\n<p class=\"pa1\"><span style=\"font-size: 14pt;\">El resultado podr\u00e1 ser alguna de estas alternativas:<\/span><\/p>\n<ul>\n<li>Se otorga <strong>equivalencia autom\u00e1tica<\/strong> cuando se trate de unidades curriculares con la misma denominaci\u00f3n y contenidos en los planes de estudio de las carreras vigentes en la jurisdicci\u00f3n.<\/li>\n<li>Se otorga la <strong style=\"font-size: 14pt;\">equivalencia total<\/strong><span style=\"font-size: 14pt;\"> de la perspectiva y\/o asignatura.<\/span><\/li>\n<li>Se otorga <strong style=\"font-size: 14pt;\">equivalencia parcial<\/strong><span style=\"font-size: 14pt;\"> de la perspectiva. Por ello, el docente deber\u00e1 presentar un proyecto de compensaci\u00f3n a cumplimentar por el alumno\/a por la parte del proyecto curricular faltante.<\/span><\/li>\n<li><strong style=\"font-size: 14pt;\">No se otorga equivalencia<\/strong><span style=\"font-size: 14pt;\">.<\/span><\/li>\n<\/ul>\n<p>Cursar la unidad curricular cuya acreditaci\u00f3n se solicita por equivalencia, hasta tanto se le confirme fehacientemente que se le otorg\u00f3 lo solicitado.<\/p>\n<p><span style=\"font-size: 14pt;\">Cumplimentado en su totalidad el legajo por el cuerpo docente, se solicitar\u00e1 el aval del equipo directivo a los criterios emitidos por los docentes. <\/span><\/p>\n<p><span style=\"font-size: 14pt;\">Luego el o la estudiante deber\u00e1 notificarse de los criterios emitidos<\/span>.<\/p>\n<p>\u00a0<\/p>\n\n\n<p><\/p>\n","protected":false},"excerpt":{"rendered":"<p>SOLICITUD DE EQUIVALENCIAS El o la estudiante que cursa alguna carrera en nuestra instituci\u00f3n y tiene espacios aprobados en otras instituciones de Educaci\u00f3n Superior universitarias y\/o terciarias con las asignaturas y\/o perspectivas establecidas por los dise\u00f1os curriculares pueden solicitar equivalencias de espacios aprobadas. El o la estudiante que solicita equivalencias deber\u00e1 presentar la documentaci\u00f3n hasta &#8230; <a title=\"EQUIVALENCIAS\" class=\"read-more\" href=\"https:\/\/isfd36-bue.infd.edu.ar\/sitio\/equivalencias\/\" aria-label=\"More on EQUIVALENCIAS\">[+]<\/a><\/p>\n","protected":false},"author":1461,"featured_media":0,"parent":0,"menu_order":0,"comment_status":"closed","ping_status":"closed","template":"","meta":[],"acf":[],"_links":{"self":[{"href":"https:\/\/isfd36-bue.infd.edu.ar\/sitio\/wp-json\/wp\/v2\/pages\/1403"}],"collection":[{"href":"https:\/\/isfd36-bue.infd.edu.ar\/sitio\/wp-json\/wp\/v2\/pages"}],"about":[{"href":"https:\/\/isfd36-bue.infd.edu.ar\/sitio\/wp-json\/wp\/v2\/types\/page"}],"author":[{"embeddable":true,"href":"https:\/\/isfd36-bue.infd.edu.ar\/sitio\/wp-json\/wp\/v2\/users\/1461"}],"replies":[{"embeddable":true,"href":"https:\/\/isfd36-bue.infd.edu.ar\/sitio\/wp-json\/wp\/v2\/comments?post=1403"}],"version-history":[{"count":18,"href":"https:\/\/isfd36-bue.infd.edu.ar\/sitio\/wp-json\/wp\/v2\/pages\/1403\/revisions"}],"predecessor-version":[{"id":6197,"href":"https:\/\/isfd36-bue.infd.edu.ar\/sitio\/wp-json\/wp\/v2\/pages\/1403\/revisions\/6197"}],"wp:attachment":[{"href":"https:\/\/isfd36-bue.infd.edu.ar\/sitio\/wp-json\/wp\/v2\/media?parent=1403"}],"curies":[{"name":"wp","href":"https:\/\/api.w.org\/{rel}","templated":true}]}}