{"id":1409,"date":"2018-07-02T18:54:01","date_gmt":"2018-07-02T21:54:01","guid":{"rendered":"https:\/\/isfd36-bue.infd.edu.ar\/sitio\/especializacion-superior-en-ensenanza-de-la-matematica\/"},"modified":"2018-07-02T18:54:01","modified_gmt":"2018-07-02T21:54:01","slug":"especializacion-superior-en-ensenanza-de-la-matematica","status":"publish","type":"page","link":"https:\/\/isfd36-bue.infd.edu.ar\/sitio\/especializacion-superior-en-ensenanza-de-la-matematica\/","title":{"rendered":"Especializaci\u00f3n Superior en Ense\u00f1anza de la Matem\u00e1tica"},"content":{"rendered":"<h1 style=\"text-align: center;\"><span style=\"font-family: georgia, palatino; font-size: 18pt; color: #3366ff;\">Especializaci&oacute;n Superior en<\/span><\/p>\n<h1 style=\"text-align: center;\"><span style=\"font-family: georgia, palatino; font-size: 18pt; color: #3366ff;\"> Ense&ntilde;anza de la Matem&aacute;tica<\/span><\/h1>\n<p>&nbsp;<\/p>\n<h4><span style=\"font-size: 10pt;\">Son destinatarios de la Especializaci&oacute;n docente en ense&ntilde;anza de la Matem&aacute;tica en la Educaci&oacute;n Secundaria quienes est&eacute;n actualmente:<\/span><\/h4>\n<p><span style=\"font-size: 10pt;\">&bull; en ejercicio en instituciones educativas de nivel secundario, en el &aacute;rea de Matem&aacute;tica, incluyendo funciones de acompa&ntilde;amiento o supervisi&oacute;n o,<\/span><br \/><span style=\"font-size: 10pt;\">&bull; inscriptos para conformar las listas de orden de m&eacute;rito para el acceso a la docencia o para carreras de Formaci&oacute;n Docente en el Nivel Secundario o Nivel Superior, para el &aacute;rea de Matem&aacute;tica, del sistema educativo argentino, o<\/span><br \/><span style=\"font-size: 10pt;\">&bull; en ejercicio en instituciones educativas de Nivel Superior en carreras de formaci&oacute;n docente para nivel secundario en el &aacute;rea de Matem&aacute;tica, o<\/span><br \/><span style=\"font-size: 10pt;\">&bull; desempe&ntilde;&aacute;ndose en Equipos T&eacute;cnicos Jurisdiccionales.<\/span><\/p>\n<p>&nbsp;<\/p>\n<h3><span style=\"font-size: 10pt;\">Carater&iacute;sticas de la Cursada<\/span><\/h3>\n<p><span style=\"font-size: 10pt;\">Duraci&oacute;n de la carrera: La duraci&oacute;n de la especializaci&oacute;n es de 400 horas reloj, de las cuales 353 son virtuales y 47 son presenciales.<\/span><\/p>\n<p><span style=\"font-size: 10pt;\">Car&aacute;cter: Gratuito<\/span><\/p>\n<p><span style=\"font-size: 10pt;\">Instancias virtuales: Las actividades virtuales desarrolladas por los alumnos, consisten en la lectura de clases (acompa&ntilde;adas de bibliograf&iacute;a pertinente), actividades de producci&oacute;n de textos y materiales en diversos formatos, e interacci&oacute;n con pares y profesores en el aula virtual.<\/span><\/p>\n<p><span style=\"font-size: 10pt;\">Instancias presenciales: Las actividades presenciales consisten en encuentros con modalidad de talleres o espacios de evaluaci&oacute;n a cargo de los tutores, adem&aacute;s de trabajos de campo en las instituciones educativas en las cuales se desempe&ntilde;an los cursantes. A estas instancias presenciales, se agrega un Coloquio en el cual cada cursante debe defender en forma individual y oral el trabajo realizado en el Seminario Final de la Especializaci&oacute;n.<\/span><\/p>\n<p><span style=\"font-size: 10pt;\">Certificaci&oacute;n: Estar&aacute; a cargo de las jurisdicciones la emisi&oacute;n del siguiente t&iacute;tulo y\/o certificaci&oacute;n seg&uacute;n corresponda y atendiendo a lo dispuesto por las respectivas regulaciones jurisdiccionales: T&iacute;tulo &ldquo;Especialista docente de Nivel Superior en Ense&ntilde;anza de la Matem&aacute;tica en la&nbsp;Educaci&oacute;n&nbsp;Secundaria&rdquo; o la certificaci&oacute;n de cada uno de los espacios curriculares aprobados.<\/span><\/p>\n<p>&nbsp;<\/p>\n<h3><span style=\"font-size: 10pt;\">Plan de estudios<\/span><\/h3>\n<p><span style=\"font-size: 10pt;\">El siguiente cuadro sintetiza la estructura curricular del plan de estudios:<\/span><\/p>\n<table border=\"0\">\n<tbody>\n<tr>\n<td width=\"395\"><span style=\"font-size: 10pt;\">Espacio curricular<\/span><\/td>\n<td width=\"204\"><span style=\"font-size: 10pt;\">Carga horaria<\/span><\/td>\n<\/tr>\n<tr>\n<td width=\"395\"><span style=\"font-size: 10pt;\">M&oacute;dulo Introductorio<\/span><\/td>\n<td width=\"204\"><span style=\"font-size: 10pt;\">5 horas<\/span><\/td>\n<\/tr>\n<tr>\n<td width=\"395\"><span style=\"font-size: 10pt;\">Marco Pol&iacute;tico Pedag&oacute;gico<\/span><br \/><span style=\"font-size: 10pt;\"><a title=\"Ver Programa\" href=\"http:\/\/nuestraescuela.educacion.gov.ar\/wp-content\/uploads\/2016\/07\/MPP.pdf\">Ver Programa<\/a><\/span><\/td>\n<td width=\"204\"><span style=\"font-size: 10pt;\">38 horas<\/span><\/td>\n<\/tr>\n<tr>\n<td width=\"395\"><span style=\"font-size: 10pt;\">Pensamiento Pedag&oacute;gico Latinoamericano<\/span><br \/><span style=\"font-size: 10pt;\"><a title=\"Ver Programa\" href=\"http:\/\/nuestraescuela.educacion.gov.ar\/wp-content\/uploads\/2016\/07\/PPL.pdf\" target=\"_blank\">Ver Programa<\/a><\/span><\/td>\n<td width=\"204\"><span style=\"font-size: 10pt;\">38 horas<\/span><\/td>\n<\/tr>\n<tr>\n<td width=\"395\"><span style=\"font-size: 10pt;\">Perspectivas para la ense&ntilde;anza de la matem&aacute;tica<\/span><br \/><span style=\"font-size: 10pt;\"><a title=\"Ver Programa\" href=\"http:\/\/nuestraescuela.educacion.gov.ar\/wp-content\/uploads\/2016\/07\/PEM.pdf\" target=\"_blank\">Ver Programa<\/a><\/span><\/td>\n<td width=\"204\"><span style=\"font-size: 10pt;\">46 horas<\/span><\/td>\n<\/tr>\n<tr>\n<td width=\"395\"><span style=\"font-size: 10pt;\">Ense&ntilde;anza de la aritm&eacute;tica<\/span><br \/><span style=\"font-size: 10pt;\"><a title=\"Ver Programa\" href=\"http:\/\/nuestraescuela.educacion.gov.ar\/wp-content\/uploads\/2016\/07\/Programa-Ense%C3%B1anza-de-la-Aritm%C3%A9tica-Secundario.pdf\" target=\"_blank\">Ver Programa<\/a><\/span><\/td>\n<td width=\"204\"><span style=\"font-size: 10pt;\">46 horas<\/span><\/td>\n<\/tr>\n<tr>\n<td width=\"395\"><span style=\"font-size: 10pt;\">Ense&ntilde;anza del &aacute;lgebra y las funciones<\/span><br \/><span style=\"font-size: 10pt;\"><a title=\"Ver Programa\" href=\"http:\/\/nuestraescuela.educacion.gov.ar\/wp-content\/uploads\/2016\/07\/EAF.pdf\" target=\"_blank\">Ver Programa<\/a><\/span><\/td>\n<td width=\"204\"><span style=\"font-size: 10pt;\">46 horas<\/span><\/td>\n<\/tr>\n<tr>\n<td width=\"395\"><span style=\"font-size: 10pt;\">Ense&ntilde;anza de la geometr&iacute;a<\/span><br \/><span style=\"font-size: 10pt;\"><a title=\"Ver Programa\" href=\"http:\/\/nuestraescuela.educacion.gov.ar\/wp-content\/uploads\/2016\/07\/Programa-Ense%C3%B1anza-de-la-Geometr%C3%ADa-Secundario.pdf\" target=\"_blank\">Ver Programa<\/a><\/span><\/td>\n<td width=\"204\"><span style=\"font-size: 10pt;\">46 horas<\/span><\/td>\n<\/tr>\n<tr>\n<td width=\"395\"><span style=\"font-size: 10pt;\">Ense&ntilde;anza de la probabilidad y la estad&iacute;stica<\/span><br \/><span style=\"font-size: 10pt;\"><a title=\"Ver Programa\" href=\"http:\/\/nuestraescuela.educacion.gov.ar\/wp-content\/uploads\/2016\/07\/EPE.pdf\" target=\"_blank\">Ver Programa<\/a><\/span><\/td>\n<td width=\"204\"><span style=\"font-size: 10pt;\">46 horas<\/span><\/td>\n<\/tr>\n<tr>\n<td width=\"395\"><span style=\"font-size: 10pt;\">Taller de escritura acad&eacute;mica<\/span><br \/><span style=\"font-size: 10pt;\"><a title=\"Ver Programa\" href=\"http:\/\/nuestraescuela.educacion.gov.ar\/wp-content\/uploads\/2016\/07\/Programa-Taller-de-Escritura-Acad%C3%A9mica-Secundario.pdf\" target=\"_blank\">Ver Programa<\/a><\/span><\/td>\n<td width=\"204\"><span style=\"font-size: 10pt;\">39 horas<\/span><\/td>\n<\/tr>\n<tr>\n<td width=\"395\"><span style=\"font-size: 10pt;\">Seminario Final<\/span><\/td>\n<td width=\"204\"><span style=\"font-size: 10pt;\">50 horas<\/span><\/td>\n<\/tr>\n<\/tbody>\n<\/table>\n<table border=\"0\">\n<tbody>\n<tr>\n<td width=\"395\"><span style=\"font-size: 10pt;\">Total de los espacios curriculares<\/span><\/td>\n<td width=\"204\"><span style=\"font-size: 10pt;\">400 horas<\/span><\/td>\n<\/tr>\n<\/tbody>\n<\/table>\n<p><span style=\"font-size: 10pt;\">Todos los espacios curriculares son obligatorios.<\/span><\/p>\n<h4><span style=\"font-size: 10pt;\">Descripci&oacute;n de los m&oacute;dulos<\/span><\/h4>\n<h6><span style=\"font-size: 10pt;\">M&oacute;dulo Introductorio<\/span><\/h6>\n<p><span style=\"font-size: 10pt;\">El prop&oacute;sito de este m&oacute;dulo de alfabetizaci&oacute;n digital, es familiarizar a los cursantes con la plataforma virtual y abordar una serie de procedimientos t&eacute;cnicos imprescindibles para el cursado (manejo m&iacute;nimo de un procesador de textos, uso del correo electr&oacute;nico, formularios web, gesti&oacute;n de archivos, descarga de programas, capturas de pantalla, etc).<\/span><\/p>\n<h6><span style=\"font-size: 10pt;\">Marco pol&iacute;tico pedag&oacute;gico<\/span><\/h6>\n<p><span style=\"font-size: 10pt;\">El m&oacute;dulo contextualiza los contenidos del trabajo docente en el marco de las pol&iacute;ticas nacionales para el nivel secundario y superior. El conocimiento profundo de la normativa actual, propicia la generaci&oacute;n de los cambios necesarios para que las rutinas institucionales fortalezcan las trayectorias escolares de los j&oacute;venes y adolescentes.<\/span><\/p>\n<h6><span style=\"font-size: 10pt;\">Pensamiento pedag&oacute;gico latinoamericano<\/span><\/h6>\n<p><span style=\"font-size: 10pt;\">Este m&oacute;dulo pretende presenta, por un lado, la posibilidad de conocer las ideas de algunos referentes que forjaron el pensamiento pedag&oacute;gico latinoamericano y, por el otro, abre la posibilidad de problematizar dichas ideas en un cruce permanente con la pr&aacute;ctica cotidiana de cada uno de los docentes participantes.<\/span><\/p>\n<h6><span style=\"font-size: 10pt;\">Perspectivas para la ense&ntilde;anza de la matem&aacute;tica<\/span><\/h6>\n<p><span style=\"font-size: 10pt;\">En este m&oacute;dulo se propone un marco particular para el estudio y la comprensi&oacute;n de la disciplina. Se han seleccionado algunas teor&iacute;as y conceptos que en su conjunto permiten profundizar, enriquecer, analizar y\/o reformular las propias pr&aacute;cticas en el &aacute;mbito de la misma. El recorte de contenidos seleccionado para este m&oacute;dulo pretende no solo actualizar y enriquecer la formaci&oacute;n de los docentes sino tambi&eacute;n dotar de sentido y coherencia a los m&oacute;dulos que integran el recorrido &ldquo;Problemas de la ense&ntilde;anza&rdquo;.<\/span><\/p>\n<h6><span style=\"font-size: 10pt;\">Ense&ntilde;anza de la aritm&eacute;tica<\/span><\/h6>\n<p><span style=\"font-size: 10pt;\">El m&oacute;dulo presenta un recorte de un amplio n&uacute;cleo tem&aacute;tico cuyo tratamiento se inicia en la escolaridad primaria y se contin&uacute;a en el Ciclo B&aacute;sico de la Escuela Secundaria.<\/span><br \/><span style=\"font-size: 10pt;\">Los lineamientos de la &ldquo;Did&aacute;ctica de la Matem&aacute;tica&rdquo; para la ense&ntilde;anza de estos contenidos plantean desaf&iacute;os importantes para los docentes en tanto suponen un quiebre con las pr&aacute;cticas tradicionales. Por tanto se propone un trabajo en torno a diferentes situaciones que permitan cuestionar la naturalizaci&oacute;n de estos objetos matem&aacute;ticos, abrir la discusi&oacute;n en torno a problemas que se plantean en las pr&aacute;cticas de ense&ntilde;anza, recuperar experiencias y resultados de investigaciones vinculados con estas tem&aacute;ticas, y reflexionar acerca de los cambios recientes en las orientaciones curriculares de cada jurisdicci&oacute;n, en el marco de los &ldquo;N&uacute;cleos de Aprendizaje Prioritarios&rdquo;.<\/span><\/p>\n<h6><span style=\"font-size: 10pt;\">Ense&ntilde;anza del &aacute;lgebra y las funciones<\/span><\/h6>\n<p><span style=\"font-size: 10pt;\">El n&uacute;cleo representa la oportunidad de estudiar alternativas para la ense&ntilde;anza y el aprendizaje del &aacute;lgebra, una parte de la matem&aacute;tica que se presenta a los alumnos como algo incomprensible y carente de sentido mientras que los profesores reconocen en ella una herramienta imprescindible para la tarea matem&aacute;tica.<\/span><br \/><span style=\"font-size: 10pt;\">En este m&oacute;dulo se presentan algunos contenidos de &aacute;lgebra en relaci&oacute;n con el estudio de funciones. El tratamiento de estos temas abarca gran parte de la escolaridad secundaria.<\/span><\/p>\n<h6><span style=\"font-size: 10pt;\">Ense&ntilde;anza de la geometr&iacute;a<\/span><\/h6>\n<p><span style=\"font-size: 10pt;\">Ense&ntilde;ar geometr&iacute;a a lo largo de la escolaridad obligatoria representa un verdadero desaf&iacute;o para los docentes. En general, esta parte de la matem&aacute;tica ha perdido espacio en las planificaciones, pero m&aacute;s grave a&uacute;n es el hecho de que pareciera haber perdido el sentido por el cual es importante trabajarla con los alumnos.<\/span><br \/><span style=\"font-size: 10pt;\">La intenci&oacute;n del m&oacute;dulo es proponer y analizar algunas situaciones que favorezcan la entrada de los alumnos en un estilo de trabajo geom&eacute;trico particular, partiendo de la premisa de que saber geometr&iacute;a consiste en &ldquo;inferir a partir de los datos y con el apoyo de las propiedades, relaciones que no est&aacute;n explicitadas y que llevar&aacute;n a establecer el car&aacute;cter necesario de los resultados de manera independiente a la experimentaci&oacute;n.&rdquo; (Documento de Actualizaci&oacute;n Did&aacute;ctica N&ordm; 5. Matem&aacute;tica. CABA, 1998) Asimismo y en este contexto, interesa realizar un trabajo exploratorio sobre el concepto de &ldquo;Geometr&iacute;a Din&aacute;mica&rdquo; y las posibilidades que brindan para la ense&ntilde;anza los procesadores geom&eacute;tricos como GeoGebra.<\/span><\/p>\n<h6><span style=\"font-size: 10pt;\">Ense&ntilde;anza de la probabilidad y la estad&iacute;stica<\/span><\/h6>\n<p><span style=\"font-size: 10pt;\">Planteaba Luis Santal&oacute;: &ldquo;Para actuar acertadamente en el mundo de hoy se requiere &ndash; entre otras cosas &ndash; estar educado en cierto `pensar estad&iacute;stico&acute; que permita no solo tener presente o saber buscar resultados anteriores (recopilados en registros tabulares o en gr&aacute;ficos), sino tambi&eacute;n saberlos interpretar y aplicar adecuadamente en la toma de decisiones&rdquo;. En este sentido los lineamientos curriculares proponen la ense&ntilde;anza de un recorte de contenidos de estad&iacute;stica y probabilidad que desarrolle en los alumnos capacidades para comunicarse, tratar informaci&oacute;n, resolver problemas, utilizar recursos tecnol&oacute;gicos, trabajar en forma colaborativa, etc. El m&oacute;dulo brinda un espacio de reflexi&oacute;n que permite estudiar los sentidos que se construyen y los aprendizajes que se alcanzan sobre la ense&ntilde;anza de estos contenidos en la escuela secundaria.<\/span><\/p>\n<h6><span style=\"font-size: 10pt;\">Taller de escritura acad&eacute;mica<\/span><\/h6>\n<p><span style=\"font-size: 10pt;\">Este espacio curricular propone reflexionar sobre las pr&aacute;cticas de escritura que permiten a los docentes profesionalizar su tarea. Se intenta contribuir al enriquecimiento de estrategias de escritura que lleven al docente a detenerse en los espacios del texto donde es necesario reformular, simplificar, explicar y aportar datos de otros textos, garantizando la comunicaci&oacute;n de las experiencias y relatos &aacute;ulicos a trav&eacute;s de una escritura adecuada a tal efecto.<\/span><\/p>\n<h6><span style=\"font-size: 10pt;\">Seminario Final<\/span><\/h6>\n<p><span style=\"font-size: 10pt;\">El espacio curricular plantea el desarrollo de un proyecto integrador de los distintos trabajos de campo elaborados durante la cursada. Incluye el dise&ntilde;o, puesta en escena, an&aacute;lisis e informe de una propuesta &aacute;ulica de matem&aacute;tica en la Escuela Secundaria. Su conclusi&oacute;n permite completar la especializaci&oacute;n. Los cursantes realizan sus trabajos en relaci&oacute;n con el nivel educativo en el que trabajan, y deben defenderlo de manera individual y oral en un Coloquio Final presencial.<\/span><\/p>\n<p>&nbsp;<\/p>\n<p>&nbsp;<\/p>\n<p><span style=\"font-size: 12pt;\"><strong>&nbsp;PREGUNTAS FRECUENTES<\/strong><\/span><\/p>\n<p>http:\/\/nuestraescuela.educacion.gov.ar\/preguntas-frecuentes-matematica-en-la-escuela-secundaria\/<\/p>\n<\/h1>\n","protected":false},"excerpt":{"rendered":"<p>Especializaci&oacute;n Superior en Ense&ntilde;anza de la Matem&aacute;tica &nbsp; Son destinatarios de la Especializaci&oacute;n docente en ense&ntilde;anza de la Matem&aacute;tica en la Educaci&oacute;n Secundaria quienes est&eacute;n actualmente: &bull; en ejercicio en instituciones educativas de nivel secundario, en el &aacute;rea de Matem&aacute;tica, incluyendo funciones de acompa&ntilde;amiento o supervisi&oacute;n o,&bull; inscriptos para conformar las listas de orden de &#8230; <a title=\"Especializaci\u00f3n Superior en Ense\u00f1anza de la Matem\u00e1tica\" class=\"read-more\" href=\"https:\/\/isfd36-bue.infd.edu.ar\/sitio\/especializacion-superior-en-ensenanza-de-la-matematica\/\" aria-label=\"More on Especializaci\u00f3n Superior en Ense\u00f1anza de la Matem\u00e1tica\">[+]<\/a><\/p>\n","protected":false},"author":1461,"featured_media":0,"parent":0,"menu_order":0,"comment_status":"closed","ping_status":"closed","template":"","meta":[],"acf":[],"_links":{"self":[{"href":"https:\/\/isfd36-bue.infd.edu.ar\/sitio\/wp-json\/wp\/v2\/pages\/1409"}],"collection":[{"href":"https:\/\/isfd36-bue.infd.edu.ar\/sitio\/wp-json\/wp\/v2\/pages"}],"about":[{"href":"https:\/\/isfd36-bue.infd.edu.ar\/sitio\/wp-json\/wp\/v2\/types\/page"}],"author":[{"embeddable":true,"href":"https:\/\/isfd36-bue.infd.edu.ar\/sitio\/wp-json\/wp\/v2\/users\/1461"}],"replies":[{"embeddable":true,"href":"https:\/\/isfd36-bue.infd.edu.ar\/sitio\/wp-json\/wp\/v2\/comments?post=1409"}],"version-history":[{"count":0,"href":"https:\/\/isfd36-bue.infd.edu.ar\/sitio\/wp-json\/wp\/v2\/pages\/1409\/revisions"}],"wp:attachment":[{"href":"https:\/\/isfd36-bue.infd.edu.ar\/sitio\/wp-json\/wp\/v2\/media?parent=1409"}],"curies":[{"name":"wp","href":"https:\/\/api.w.org\/{rel}","templated":true}]}}