{"id":1443,"date":"2018-07-02T18:54:14","date_gmt":"2018-07-02T21:54:14","guid":{"rendered":"https:\/\/isfd36-bue.infd.edu.ar\/sitio\/constancia-general\/"},"modified":"2026-04-01T10:45:11","modified_gmt":"2026-04-01T13:45:11","slug":"constancia-general","status":"publish","type":"page","link":"https:\/\/isfd36-bue.infd.edu.ar\/sitio\/constancia-general\/","title":{"rendered":"Otras constancias"},"content":{"rendered":"\n<p><strong>Descarga de Constancias Institucionales<\/strong> Acced\u00e9 a tu constancia general de pase u otras constancias espec\u00edficas, seg\u00fan el tr\u00e1mite que necesites realizar.<\/p>\n\n\n<ul>\n<li>\n<h3><span style=\"font-size: 12pt;\"><a title=\"Constancia General\" href=\"https:\/\/isfd36-bue.infd.edu.ar\/sitio\/wp-content\/uploads\/2026\/04\/CONSTANCIA-GENERAL.pdf\" target=\"_blank\" rel=\"noopener\">Constancia General. Descargar<\/a><\/span><\/h3>\n<\/li>\n<li>\n<h6><a href=\"https:\/\/isfd36-bue.infd.edu.ar\/sitio\/wp-content\/uploads\/2026\/04\/CONSTANCIA-DE-PASE.pdf\">Constancia de Pase. Descargar<\/a><\/h6>\n<\/li>\n<li>\n<h6><a href=\"https:\/\/isfd36-bue.infd.edu.ar\/sitio\/wp-content\/uploads\/2026\/04\/CONSTANCIA-DE-VACANTE.pdf\">Constancia de Vacante. Descargar<\/a><\/h6>\n<\/li>\n<\/ul>","protected":false},"excerpt":{"rendered":"<p>Descarga de Constancias Institucionales Acced\u00e9 a tu constancia general de pase u otras constancias espec\u00edficas, seg\u00fan el tr\u00e1mite que necesites realizar. Constancia General. Descargar Constancia de Pase. Descargar Constancia de Vacante. Descargar<\/p>\n","protected":false},"author":1461,"featured_media":0,"parent":0,"menu_order":0,"comment_status":"closed","ping_status":"closed","template":"","meta":[],"acf":[],"_links":{"self":[{"href":"https:\/\/isfd36-bue.infd.edu.ar\/sitio\/wp-json\/wp\/v2\/pages\/1443"}],"collection":[{"href":"https:\/\/isfd36-bue.infd.edu.ar\/sitio\/wp-json\/wp\/v2\/pages"}],"about":[{"href":"https:\/\/isfd36-bue.infd.edu.ar\/sitio\/wp-json\/wp\/v2\/types\/page"}],"author":[{"embeddable":true,"href":"https:\/\/isfd36-bue.infd.edu.ar\/sitio\/wp-json\/wp\/v2\/users\/1461"}],"replies":[{"embeddable":true,"href":"https:\/\/isfd36-bue.infd.edu.ar\/sitio\/wp-json\/wp\/v2\/comments?post=1443"}],"version-history":[{"count":5,"href":"https:\/\/isfd36-bue.infd.edu.ar\/sitio\/wp-json\/wp\/v2\/pages\/1443\/revisions"}],"predecessor-version":[{"id":6192,"href":"https:\/\/isfd36-bue.infd.edu.ar\/sitio\/wp-json\/wp\/v2\/pages\/1443\/revisions\/6192"}],"wp:attachment":[{"href":"https:\/\/isfd36-bue.infd.edu.ar\/sitio\/wp-json\/wp\/v2\/media?parent=1443"}],"curies":[{"name":"wp","href":"https:\/\/api.w.org\/{rel}","templated":true}]}}