{"id":2704,"date":"2020-03-29T12:29:59","date_gmt":"2020-03-29T15:29:59","guid":{"rendered":"https:\/\/isfd36-bue.infd.edu.ar\/sitio\/?page_id=2704"},"modified":"2020-03-29T13:44:03","modified_gmt":"2020-03-29T16:44:03","slug":"plan-de-estudio-y-carga-horaria-tecno","status":"publish","type":"page","link":"https:\/\/isfd36-bue.infd.edu.ar\/sitio\/plan-de-estudio-y-carga-horaria-tecno\/","title":{"rendered":"Plan de Estudio y Carga Horaria"},"content":{"rendered":"<h2 style=\"text-align: center;\"><span style=\"color: #333399;\">PROFESORADO DE EDUCACI\u00d3N SECUNDARIA EN TECNOLOG\u00cdA (Electr\u00f3nica)<\/span><\/h2>\n<h5 style=\"text-align: center;\"><strong>R.M. N\u00b0 4435\/00 &#8211; R.M. N\u00b0 13271\/99 &#8211; R.M. N\u00b0 379\/03<\/strong><\/h5>\n<h2><span style=\"color: #333399;\">PRIMER A\u00d1O<\/span><\/h2>\n<table>\n<tbody>\n<tr>\n<td width=\"354\">\n<h5><strong>ASIGNATURA<\/strong><\/h5>\n<\/td>\n<td width=\"113\"><strong>M\u00d3DULOS<\/strong><\/td>\n<\/tr>\n<tr>\n<td width=\"354\">\n<h5>PERSPECTIVA FILOS\u00d3FICO-PEDAG\u00d3GICA I<\/h5>\n<\/td>\n<td width=\"113\"><strong>2<\/strong><\/td>\n<\/tr>\n<tr>\n<td width=\"354\">\n<h5>PERSPECTIVA PEDAG\u00d3GICO-DID\u00c1CTICA I<\/h5>\n<\/td>\n<td width=\"113\"><strong>2<\/strong><\/td>\n<\/tr>\n<tr>\n<td width=\"354\">\n<h5>PERSPECTIVA SOCIO-POL\u00cdTICA<\/h5>\n<\/td>\n<td width=\"113\"><strong>2<\/strong><\/td>\n<\/tr>\n<tr>\n<td width=\"354\">\n<h5>PSICOLOG\u00cdA Y CULTURA EN LA EDUCACI\u00d3N<\/h5>\n<\/td>\n<td width=\"113\"><strong>2<\/strong><\/td>\n<\/tr>\n<tr>\n<td width=\"354\">\n<h5>APLICACIONES DE LA MATEM\u00c1TICA A LA TECNOLOG\u00cdA I<\/h5>\n<\/td>\n<td width=\"113\"><strong>4<\/strong><\/td>\n<\/tr>\n<tr>\n<td width=\"354\">\n<h5>FUNDAMENTOS F\u00cdSICOS DE LA TECNOLOG\u00cdA<\/h5>\n<\/td>\n<td width=\"113\"><strong>2<\/strong><\/td>\n<\/tr>\n<tr>\n<td width=\"354\">\n<h5>FUNDAMENTOS QU\u00cdMICOS DE LA TECNOLOG\u00cdA<\/h5>\n<\/td>\n<td width=\"113\"><strong>2<\/strong><\/td>\n<\/tr>\n<tr>\n<td width=\"354\">\n<h5>LENGUAJE TECNOL\u00d3GICO I<\/h5>\n<\/td>\n<td width=\"113\"><strong>2<\/strong><\/td>\n<\/tr>\n<tr>\n<td width=\"354\">\n<h5>TEOR\u00cdA E HISTORIA SOCIAL DE LA TECNOLOG\u00cdA<\/h5>\n<\/td>\n<td width=\"113\"><strong>2<\/strong><\/td>\n<\/tr>\n<tr>\n<td width=\"354\">\n<h5>ESPACIO DE LA PR\u00c1CTICA DOCENTE I<\/h5>\n<\/td>\n<td width=\"113\"><strong>5 (*)<\/strong><\/td>\n<\/tr>\n<\/tbody>\n<\/table>\n<h2><span style=\"color: #333399;\">SEGUNDO A\u00d1O<\/span><\/h2>\n<table>\n<tbody>\n<tr>\n<td width=\"354\">\n<h5><strong>ASIGNATURA<\/strong><\/h5>\n<\/td>\n<td width=\"113\"><strong>M\u00d3DULOS<\/strong><\/td>\n<\/tr>\n<tr>\n<td width=\"354\">\n<h5>PERSPECTIVA FILOS\u00d3FICO-PEDAG\u00d3GICA II<\/h5>\n<\/td>\n<td width=\"113\"><strong>2<\/strong><\/td>\n<\/tr>\n<tr>\n<td width=\"354\">\n<h5>PERSPECTIVA PEDAG\u00d3GICO-DID\u00c1CTICA II (DID\u00c1CTICA ESPECIAL)<\/h5>\n<\/td>\n<td width=\"113\"><strong>2<\/strong><\/td>\n<\/tr>\n<tr>\n<td width=\"354\">\n<h5>PSICOLOG\u00cdA Y CULTURA DEL ALUMNO DE ED.POL<\/h5>\n<\/td>\n<td width=\"113\"><strong>2<\/strong><\/td>\n<\/tr>\n<tr>\n<td width=\"354\">\n<h5>APLICACIONES DE LA MATEM\u00c1TICA A LA TECNOLOG\u00cdA II<\/h5>\n<\/td>\n<td width=\"113\"><strong>3<\/strong><\/td>\n<\/tr>\n<tr>\n<td width=\"354\">\n<h5>LENGUAJE TECNOL\u00d3GICO II<\/h5>\n<\/td>\n<td width=\"113\"><strong>2<\/strong><\/td>\n<\/tr>\n<tr>\n<td width=\"354\">\n<h5>PROYECTO TECNOL\u00d3GICO I<\/h5>\n<\/td>\n<td width=\"113\"><strong>2<\/strong><\/td>\n<\/tr>\n<tr>\n<td width=\"354\">\n<h5>AN\u00c1LISIS DE MODELOS CIRCUITALES I<\/h5>\n<\/td>\n<td width=\"113\"><strong>3<\/strong><\/td>\n<\/tr>\n<tr>\n<td width=\"354\">\n<h5>INSTRUMENTOS Y MEDIDAS EL\u00c9CTRICAS Y ELECTR\u00d3NICAS<\/h5>\n<\/td>\n<td width=\"113\"><strong>2<\/strong><\/td>\n<\/tr>\n<tr>\n<td width=\"354\">\n<h5>TECNOLOG\u00cdA DE LOS MATERIALES, COMPONENTES Y CIRCUITOS EL\u00c9CTRICOS Y ELECTR\u00d3NICOS<\/h5>\n<\/td>\n<td width=\"113\"><strong>2<\/strong><\/td>\n<\/tr>\n<tr>\n<td width=\"354\">\n<h5>ESPACIO DE LA PR\u00c1CTICA DOCENTE II<\/h5>\n<\/td>\n<td width=\"113\"><strong>5 (*)<\/strong><\/td>\n<\/tr>\n<\/tbody>\n<\/table>\n<h2><span style=\"color: #333399;\">TERCER A\u00d1O<\/span><\/h2>\n<table>\n<tbody>\n<tr>\n<td width=\"354\">\n<h5><strong>ASIGNATURA<\/strong><\/h5>\n<\/td>\n<td width=\"113\"><strong>M\u00d3DULOS<\/strong><\/td>\n<\/tr>\n<tr>\n<td width=\"354\">\n<h5>PERSPECTIVA FILOS\u00d3FICO-PEDAG\u00d3GICO-DID\u00c1CTICA<\/h5>\n<\/td>\n<td width=\"113\"><strong>2<\/strong><\/td>\n<\/tr>\n<tr>\n<td width=\"354\">\n<h5>PERSPECTIVA POL\u00cdTICO-INSTITUCIONAL<\/h5>\n<\/td>\n<td width=\"113\"><strong>2<\/strong><\/td>\n<\/tr>\n<tr>\n<td width=\"354\">\n<h5>ECONOM\u00cdA Y GESTI\u00d3N DE LA PRODUCCI\u00d3N<\/h5>\n<\/td>\n<td width=\"113\"><strong>2<\/strong><\/td>\n<\/tr>\n<tr>\n<td width=\"354\">\n<h5>PROYECTO TECNOL\u00d3GICO II<\/h5>\n<\/td>\n<td width=\"113\"><strong>2<\/strong><\/td>\n<\/tr>\n<tr>\n<td width=\"354\">\n<h5>ESPACIO DE DEFINICI\u00d3N INSTITUCIONAL<\/h5>\n<\/td>\n<td width=\"113\"><strong>1<\/strong><\/td>\n<\/tr>\n<tr>\n<td width=\"354\">\n<h5>AN\u00c1LISIS DE MODELOS CIRCUITALES II<\/h5>\n<\/td>\n<td width=\"113\"><strong>3<\/strong><\/td>\n<\/tr>\n<tr>\n<td width=\"354\">\n<h5>SISTEMAS ELECTR\u00d3NICOS ANAL\u00d3GICOS<\/h5>\n<\/td>\n<td width=\"113\"><strong>3<\/strong><\/td>\n<\/tr>\n<tr>\n<td width=\"354\">\n<h5>SISTEMAS ELECTR\u00d3NICOS DIGITALES<\/h5>\n<\/td>\n<td width=\"113\"><strong>2<\/strong><\/td>\n<\/tr>\n<tr>\n<td width=\"354\">\n<h5>COMUNICACIONES Y SISTEMAS DE MODULACI\u00d3N<\/h5>\n<\/td>\n<td width=\"113\"><strong>2<\/strong><\/td>\n<\/tr>\n<tr>\n<td width=\"354\">\n<h5>SIMULACI\u00d3N, AN\u00c1LISIS Y SINTESIS DE CIRCUITOS-SISTEMAS AUTOM\u00c1TICOS<\/h5>\n<\/td>\n<td width=\"113\"><strong>2<\/strong><\/td>\n<\/tr>\n<tr>\n<td width=\"354\">\n<h5>ESPACIO DE LA PR\u00c1CTICA DOCENTE III<\/h5>\n<\/td>\n<td width=\"113\"><strong>4<\/strong><\/td>\n<\/tr>\n<\/tbody>\n<\/table>\n<h2><span style=\"color: #333399;\">CUARTO A\u00d1O<\/span><\/h2>\n<table>\n<tbody>\n<tr>\n<td width=\"354\">\n<h5><strong>ASIGNATURA<\/strong><\/h5>\n<\/td>\n<td width=\"113\"><strong>M\u00d3DULOS<\/strong><\/td>\n<\/tr>\n<tr>\n<td width=\"354\">\n<h5>EMPRENDIMIENTOS PRODUCTIVOS<\/h5>\n<\/td>\n<td width=\"113\"><strong>2<\/strong><\/td>\n<\/tr>\n<tr>\n<td width=\"354\">\n<h5>ESPACIO DE DEFINICI\u00d3N INSTITUCIONAL<\/h5>\n<\/td>\n<td width=\"113\"><strong>2<\/strong><\/td>\n<\/tr>\n<tr>\n<td width=\"354\">\n<h5>INSTRUMENTACI\u00d3N Y SISTEMAS ELECTR\u00d3NICOS DE CONTROL<\/h5>\n<\/td>\n<td width=\"113\"><strong>4<\/strong><\/td>\n<\/tr>\n<tr>\n<td width=\"354\">\n<h5>TECNOLOG\u00cdA DE LA INFORMACI\u00d3N<\/h5>\n<\/td>\n<td width=\"113\"><strong>3<\/strong><\/td>\n<\/tr>\n<tr>\n<td width=\"354\">\n<h5>TECNOLOG\u00cdA DE LOS SISTEMAS DE COMUNICACI\u00d3N<\/h5>\n<\/td>\n<td width=\"113\"><strong>3<\/strong><\/td>\n<\/tr>\n<tr>\n<td width=\"354\">\n<h5>FUNDAMENTOS Y T\u00c9CNICAS DE LA ELECTR\u00d3NICA INDUSTRIAL<\/h5>\n<\/td>\n<td width=\"113\"><strong>3<\/strong><\/td>\n<\/tr>\n<tr>\n<td width=\"354\">\n<h5>PROYECTO TECNOL\u00d3GICO III<\/h5>\n<\/td>\n<td width=\"113\"><strong>4<\/strong><\/td>\n<\/tr>\n<tr>\n<td width=\"354\">\n<h5>ESPACIO DE LA PR\u00c1CTICA DOCENTE IV<\/h5>\n<\/td>\n<td width=\"113\"><strong>4<\/strong><\/td>\n<\/tr>\n<\/tbody>\n<\/table>\n<p>&nbsp;<\/p>\n","protected":false},"excerpt":{"rendered":"<p>PROFESORADO DE EDUCACI\u00d3N SECUNDARIA EN TECNOLOG\u00cdA (Electr\u00f3nica) R.M. N\u00b0 4435\/00 &#8211; R.M. N\u00b0 13271\/99 &#8211; R.M. N\u00b0 379\/03 PRIMER A\u00d1O ASIGNATURA M\u00d3DULOS PERSPECTIVA FILOS\u00d3FICO-PEDAG\u00d3GICA I 2 PERSPECTIVA PEDAG\u00d3GICO-DID\u00c1CTICA I 2 PERSPECTIVA SOCIO-POL\u00cdTICA 2 PSICOLOG\u00cdA Y CULTURA EN LA EDUCACI\u00d3N 2 APLICACIONES DE LA MATEM\u00c1TICA A LA TECNOLOG\u00cdA I 4 FUNDAMENTOS F\u00cdSICOS DE LA TECNOLOG\u00cdA 2 &#8230; <a title=\"Plan de Estudio y Carga Horaria\" class=\"read-more\" href=\"https:\/\/isfd36-bue.infd.edu.ar\/sitio\/plan-de-estudio-y-carga-horaria-tecno\/\" aria-label=\"More on Plan de Estudio y Carga Horaria\">[+]<\/a><\/p>\n","protected":false},"author":1542,"featured_media":0,"parent":0,"menu_order":0,"comment_status":"closed","ping_status":"closed","template":"","meta":[],"acf":[],"_links":{"self":[{"href":"https:\/\/isfd36-bue.infd.edu.ar\/sitio\/wp-json\/wp\/v2\/pages\/2704"}],"collection":[{"href":"https:\/\/isfd36-bue.infd.edu.ar\/sitio\/wp-json\/wp\/v2\/pages"}],"about":[{"href":"https:\/\/isfd36-bue.infd.edu.ar\/sitio\/wp-json\/wp\/v2\/types\/page"}],"author":[{"embeddable":true,"href":"https:\/\/isfd36-bue.infd.edu.ar\/sitio\/wp-json\/wp\/v2\/users\/1542"}],"replies":[{"embeddable":true,"href":"https:\/\/isfd36-bue.infd.edu.ar\/sitio\/wp-json\/wp\/v2\/comments?post=2704"}],"version-history":[{"count":4,"href":"https:\/\/isfd36-bue.infd.edu.ar\/sitio\/wp-json\/wp\/v2\/pages\/2704\/revisions"}],"predecessor-version":[{"id":2713,"href":"https:\/\/isfd36-bue.infd.edu.ar\/sitio\/wp-json\/wp\/v2\/pages\/2704\/revisions\/2713"}],"wp:attachment":[{"href":"https:\/\/isfd36-bue.infd.edu.ar\/sitio\/wp-json\/wp\/v2\/media?parent=2704"}],"curies":[{"name":"wp","href":"https:\/\/api.w.org\/{rel}","templated":true}]}}