{"id":2730,"date":"2020-04-07T13:31:19","date_gmt":"2020-04-07T16:31:19","guid":{"rendered":"https:\/\/isfd36-bue.infd.edu.ar\/sitio\/?page_id=2730"},"modified":"2024-12-05T21:13:07","modified_gmt":"2024-12-06T00:13:07","slug":"solicitud-de-pases","status":"publish","type":"page","link":"https:\/\/isfd36-bue.infd.edu.ar\/sitio\/solicitud-de-pases\/","title":{"rendered":"Solicitud de Pases"},"content":{"rendered":"<h5>Los estudiantes de nuestra instituci\u00f3n que deseen realizar el pase a otro establecimiento deber\u00e1n completar el siguiente formulario.<\/h5>\n<h5 style=\"text-align: center;\"><a href=\"https:\/\/forms.gle\/3vgzES2YjbCXrNt7A\">SOLICITUD DE PASE A OTRA INSTITUCI\u00d3N<\/a><\/h5>\n","protected":false},"excerpt":{"rendered":"<p>Los estudiantes de nuestra instituci\u00f3n que deseen realizar el pase a otro establecimiento deber\u00e1n completar el siguiente formulario. SOLICITUD DE PASE A OTRA INSTITUCI\u00d3N<\/p>\n","protected":false},"author":1542,"featured_media":0,"parent":0,"menu_order":0,"comment_status":"closed","ping_status":"closed","template":"","meta":[],"acf":[],"_links":{"self":[{"href":"https:\/\/isfd36-bue.infd.edu.ar\/sitio\/wp-json\/wp\/v2\/pages\/2730"}],"collection":[{"href":"https:\/\/isfd36-bue.infd.edu.ar\/sitio\/wp-json\/wp\/v2\/pages"}],"about":[{"href":"https:\/\/isfd36-bue.infd.edu.ar\/sitio\/wp-json\/wp\/v2\/types\/page"}],"author":[{"embeddable":true,"href":"https:\/\/isfd36-bue.infd.edu.ar\/sitio\/wp-json\/wp\/v2\/users\/1542"}],"replies":[{"embeddable":true,"href":"https:\/\/isfd36-bue.infd.edu.ar\/sitio\/wp-json\/wp\/v2\/comments?post=2730"}],"version-history":[{"count":6,"href":"https:\/\/isfd36-bue.infd.edu.ar\/sitio\/wp-json\/wp\/v2\/pages\/2730\/revisions"}],"predecessor-version":[{"id":5550,"href":"https:\/\/isfd36-bue.infd.edu.ar\/sitio\/wp-json\/wp\/v2\/pages\/2730\/revisions\/5550"}],"wp:attachment":[{"href":"https:\/\/isfd36-bue.infd.edu.ar\/sitio\/wp-json\/wp\/v2\/media?parent=2730"}],"curies":[{"name":"wp","href":"https:\/\/api.w.org\/{rel}","templated":true}]}}