{"id":2920,"date":"2020-10-19T17:14:57","date_gmt":"2020-10-19T20:14:57","guid":{"rendered":"https:\/\/isfd36-bue.infd.edu.ar\/sitio\/?page_id=2920"},"modified":"2026-04-06T22:03:24","modified_gmt":"2026-04-07T01:03:24","slug":"pre-inscripciones-2026","status":"publish","type":"page","link":"https:\/\/isfd36-bue.infd.edu.ar\/sitio\/pre-inscripciones-2026\/","title":{"rendered":"Pre &#8211; Inscripci\u00f3n Estudiantes Ingresantes 2026"},"content":{"rendered":"\n<p><\/p>\n\n\n<h1 class=\"wp-block wp-block-post-title block-editor-block-list__block editor-post-title editor-post-title__input rich-text is-selected\" style=\"text-align: center;\" role=\"textbox\" contenteditable=\"true\" aria-label=\"Escribe un t\u00edtulo\" aria-multiline=\"true\"><span style=\"color: #ff0000;\">TODOS LOS PROFESORADOS <\/span><\/h1>\n<h2 style=\"text-align: center;\"><span style=\"color: #ff0000;\">Bienvenidos al Instituto Superior de Formaci\u00f3n Docente N\u00ba 36<\/span><\/h2>\n<h1 style=\"text-align: center;\"><span style=\"color: #0000ff;\">\u00a1Atenci\u00f3n!<img decoding=\"async\" loading=\"lazy\" class=\"alignnone  wp-image-2980\" src=\"https:\/\/isfd36-bue.infd.edu.ar\/sitio\/wp-content\/uploads\/2020\/11\/AVISO.gif\" alt=\"\" width=\"88\" height=\"43\"><\/span><\/h1>\n\n\n<p class=\"has-text-align-center has-large-font-size\"><strong><mark style=\"background-color:rgba(0, 0, 0, 0)\" class=\"has-inline-color has-vivid-red-color\">Requisitos<\/mark><\/strong><\/p>\n\n\n\n<p class=\"has-text-align-center has-large-font-size\"><strong>Estudiantes Ingresantes 2026<\/strong><\/p>\n\n\n\n<p><strong> Completar la siguiente documentaci\u00f3n al momento de la inscripci\u00f3n definitiva:<\/strong><\/p>\n\n\n\n<ul>\n<li><strong><span class=\"has-inline-color has-vivid-red-color\">Fotocopia de DNI y Original<\/span><\/strong><\/li>\n\n\n\n<li><strong><span class=\"has-inline-color has-vivid-red-color\">Fotocopia de T\u00edtulo Secundario y Original  o Constancia de T\u00edtulo en Tr\u00e1mite Original.<\/span><\/strong><\/li>\n\n\n\n<li><mark style=\"background-color:rgba(0, 0, 0, 0)\" class=\"has-inline-color has-vivid-red-color\"><b>Apto Psicof\u00edsico COMPLETO (firmado por Cl\u00ednico y Psic\u00f3logo)- Clic <\/b><\/mark><a href=\"https:\/\/isfd36-bue.infd.edu.ar\/sitio\/wp-content\/uploads\/2024\/10\/FICHA-MEDICA-2025.pdf\" data-type=\"URL\" data-id=\"https:\/\/isfd36-bue.infd.edu.ar\/sitio\/wp-content\/uploads\/2022\/11\/FICHA-MEDICA-2023.pdf\"><strong>AQUI<\/strong><\/a><strong><mark style=\"background-color:rgba(0, 0, 0, 0)\" class=\"has-inline-color has-vivid-red-color\"> para descargar<\/mark><\/strong> <strong>(Este tr\u00e1mite no es obligatorio pero debe ser realizado con tiempo, si desea presentarlo de manera completa al momento de la inscripci\u00f3n)<\/strong><\/li>\n\n\n\n<li><strong><mark style=\"background-color:rgba(0, 0, 0, 0)\" class=\"has-inline-color has-vivid-red-color\">Dos fotos 4&#215;4<\/mark><\/strong><\/li>\n<\/ul>\n\n\n\n<ul>\n<li><mark style=\"background-color:rgba(0, 0, 0, 0)\" class=\"has-inline-color has-contrast-color\"><strong>Ficha de Pre &#8211; Inscripci\u00f3n Institucional<\/strong> <strong>online <\/strong>&#8211; <strong>Clic<\/strong><\/mark><mark style=\"background-color:rgba(0, 0, 0, 0)\" class=\"has-inline-color has-vivid-purple-color\"> <\/mark><strong><mark style=\"background-color:rgba(0, 0, 0, 0)\" class=\"has-inline-color has-vivid-red-color\"><a href=\"https:\/\/micarpeta.profehugoadrian.com\/Ingresantes\/MenuIngresantes.html\">AQU\u00cd<\/a><\/mark><\/strong><mark style=\"background-color:rgba(0, 0, 0, 0)\" class=\"has-inline-color has-vivid-purple-color\"><a href=\"http:\/\/www.profesorhugoadrian.esy.es\/Ingresantes2024QUTELL\/MenuIngresantes.html\"> <\/a><\/mark><strong><mark style=\"background-color:rgba(0, 0, 0, 0)\" class=\"has-inline-color has-contrast-color\">para completar<\/mark> e IMPRIMIR<\/strong><\/li>\n\n\n\n<li><strong>Planilla de Inscripci\u00f3n 2026<\/strong>  &#8211; <mark style=\"background-color:rgba(0, 0, 0, 0)\" class=\"has-inline-color has-contrast-color\"><strong>Clic<\/strong><\/mark><mark style=\"background-color:rgba(0, 0, 0, 0)\" class=\"has-inline-color has-vivid-purple-color\"> <\/mark><a href=\"https:\/\/isfd36-bue.infd.edu.ar\/sitio\/wp-content\/uploads\/2023\/12\/Formacion-Docente-inicial-Tecnica-y-Artistica-Planilla-de-inscripcion-Educacion-Superior_1.pdf\"><strong>AQU\u00cd<\/strong><\/a><mark style=\"background-color:rgba(0, 0, 0, 0)\" class=\"has-inline-color has-vivid-purple-color\"><a href=\"http:\/\/www.profesorhugoadrian.esy.es\/Ingresantes2024QUTELL\/MenuIngresantes.html\"> <\/a><\/mark><strong><mark style=\"background-color:rgba(0, 0, 0, 0)\" class=\"has-inline-color has-contrast-color\">para descargar <\/mark><\/strong>(Completar con birome azul, con letra imprenta clara y prolija) <\/li>\n\n\n\n<li>Descargar el Acta de Acuerdo Institucional de Convivencia &#8211; Completar el mismo y firmar una vez que haya le\u00eddo el Acuerdo.  <a href=\"https:\/\/isfd36-bue.infd.edu.ar\/sitio\/wp-content\/uploads\/2025\/03\/Acta-de-notificacion-AIC.pdf\">Descargar aqu\u00ed<\/a><\/li>\n\n\n\n<li>Descargar el Acuerdo Institucional de Convivencia <a href=\"https:\/\/isfd36-bue.infd.edu.ar\/sitio\/wp-content\/uploads\/2025\/10\/Acuerdo-Institucional-de-Convivencia-ISFD-36.pdf\">AQU\u00cd<\/a><\/li>\n\n\n\n<li>Tener en cuenta lo siguiente:\n<ul>\n<li><strong>Leer cada uno de los \u00edtems al completar el formulario.<\/strong><\/li>\n\n\n\n<li><strong>No omitir ninguna informaci\u00f3n.  Los datos deben estar bien completos.<\/strong><\/li>\n\n\n\n<li><strong>Imprimir la pre &#8211; inscripci\u00f3n de manera clara y legible.<\/strong><\/li>\n\n\n\n<li><strong>Esperar la confirmaci\u00f3n del cronograma de inscripci\u00f3n para presentar toda la documentaci\u00f3n.  (Publicaci\u00f3n aproximada en<\/strong> <strong>el per\u00edodo de diciembre)<\/strong>.<\/li>\n<\/ul>\n<\/li>\n\n\n\n<li><mark style=\"background-color: rgba(0, 0, 0, 0);\" class=\"has-inline-color has-vivid-red-color\"><b>Bono Colaboraci\u00f3n <\/b><\/mark><mark style=\"background-color:rgba(0, 0, 0, 0)\" class=\"has-inline-color has-vivid-red-color\"><b style=\"\">Cooperadora (monto anual $30.000).<\/b><\/mark><\/li>\n<\/ul>\n\n\n\n<p class=\"has-text-align-center\"><strong>Todo lo indicado, son los requisitos m\u00ednimos a cumplimentar y presentar al momento de asistir para realizar la Inscripci\u00f3n Definitiva.<\/strong><\/p>\n\n\n\n<p><mark><mark style=\"background-color:#fefdfd\" class=\"has-inline-color\">ATENCI\u00d3N: Estudiantes que provienen de Tecnicatura Superior en Bibliotecolog\u00eda de Instituciones Educativas,&nbsp;Resol. 5498\/23 podr\u00e1n inscribirse para cursar las asignaturas pedag\u00f3gicas, en los profesorados de: Qu\u00edmica o Lengua y Literatura.<\/mark><\/mark><\/p>\n\n\n\n<p><strong>IMPORTANTE<\/strong><\/p>\n\n\n\n<p>*<strong><em>NO CONCURRIR SI NO&nbsp;POSEE LA DOCUMENTACI\u00d3N COMPLETA.<\/em><\/strong><\/p>\n\n\n\n<p><strong>*PRESENTAR <\/strong><span><em style=\"font-weight: bold;\">TODO EN FOLIO N\u00ba 5.<\/em><\/span><\/p>\n\n\n\n<p><strong><em>*ESPERAR AFUERA DEL ESTABLECIMIENTO HASTA SER LLAMADOS.<\/em><\/strong><\/p>\n\n\n\n<p>*<strong>BONO COLABORACI\u00d3N ASOCIACI\u00d3N COOPERADORA: $30.000  anual.&nbsp;<\/strong><\/p>\n\n\n\n<p><strong><mark style=\"background-color:rgba(0, 0, 0, 0)\" class=\"has-inline-color has-vivid-red-color\">Cronograma para la presentaci\u00f3n de Documentaci\u00f3n<\/mark><\/strong> (Inscripci\u00f3n definitiva) Importante: A partir del 12 de febrero de 2026 estaremos publicando las nuevas fechas de inscripci\u00f3n.  Gracias.<\/p>\n\n\n\n<figure class=\"wp-block-table is-style-stripes\"><table><tbody><tr><td class=\"has-text-align-center\" data-align=\"center\"><span class=\"has-inline-color has-vivid-red-color\"><strong>Carrera<\/strong><\/span><\/td><td class=\"has-text-align-center\" data-align=\"center\"><strong><mark style=\"background-color:rgba(0, 0, 0, 0)\" class=\"has-inline-color has-vivid-red-color\">Fechas &#8211; Horario de 19.00 horas a 21:00 horas<\/mark><\/strong><\/td><td class=\"has-text-align-center\" data-align=\"center\"><span class=\"has-inline-color has-vivid-red-color\"><strong>Lugar<\/strong><\/span><\/td><\/tr><tr><td class=\"has-text-align-center\" data-align=\"center\"><mark style=\"background-color:rgba(0, 0, 0, 0)\" class=\"has-inline-color has-black-color\"><strong>Profesorado de Qu\u00edmica<\/strong><\/mark><\/td><td class=\"has-text-align-center\" data-align=\"center\">A partir del lunes 23\/02<\/td><td class=\"has-text-align-center\" data-align=\"center\">Gelly y Obes 4950 &#8211; EP 2<\/td><\/tr><tr><td class=\"has-text-align-center\" data-align=\"center\"><strong>Profesorado de Biolog\u00eda<\/strong><\/td><td class=\"has-text-align-center\" data-align=\"center\">NO HAY VACANTES<\/td><td class=\"has-text-align-center\" data-align=\"center\">Gelly y Obes 4950 &#8211; EP 2<\/td><\/tr><tr><td class=\"has-text-align-center\" data-align=\"center\"><strong>Profesorado de Lengua y Literatura<\/strong><\/td><td class=\"has-text-align-center\" data-align=\"center\">NO HAY VACANTES<\/td><td class=\"has-text-align-center\" data-align=\"center\">Gelly y Obes 4950 &#8211; EP 2<\/td><\/tr><tr><td class=\"has-text-align-center\" data-align=\"center\"><strong>Profesorado de Educaci\u00f3n Inicial<\/strong><\/td><td class=\"has-text-align-center\" data-align=\"center\">NO HAY VACANTES <\/td><td class=\"has-text-align-center\" data-align=\"center\">Chile 995  &#8211; EP 14\/EES 13<\/td><\/tr><tr><td class=\"has-text-align-center\" data-align=\"center\"><strong>Profesorado de Educaci\u00f3n Primaria<\/strong><\/td><td class=\"has-text-align-center\" data-align=\"center\">NO HAY VACANTES <\/td><td class=\"has-text-align-center\" data-align=\"center\">Chile 995 &#8211; EP 14\/EES 13<\/td><\/tr><tr><td class=\"has-text-align-center\" data-align=\"center\"><strong>Profesorado de Tecnolog\u00eda<\/strong><\/td><td class=\"has-text-align-center\" data-align=\"center\">a partir del lunes 23\/02<\/td><td class=\"has-text-align-center\" data-align=\"center\">Chile 995 &#8211; EP 14\/EES 13<\/td><\/tr><\/tbody><\/table><\/figure>\n\n\n\n<p><\/p>\n\n\n\n<p class=\"has-text-align-center\"><strong>Muchas gracias por elegir nuestra instituci\u00f3n.<\/strong><\/p>\n\n\n\n<p class=\"has-text-align-center\"><strong>Equipo de Conducci\u00f3n I.S.F.D. N\u00ba 36 de Jos\u00e9 C. Paz<\/strong><\/p>\n","protected":false},"excerpt":{"rendered":"<p>TODOS LOS PROFESORADOS Bienvenidos al Instituto Superior de Formaci\u00f3n Docente N\u00ba 36 \u00a1Atenci\u00f3n! Requisitos Estudiantes Ingresantes 2026 Completar la siguiente documentaci\u00f3n al momento de la inscripci\u00f3n definitiva: Todo lo indicado, son los requisitos m\u00ednimos a cumplimentar y presentar al momento de asistir para realizar la Inscripci\u00f3n Definitiva. ATENCI\u00d3N: Estudiantes que provienen de Tecnicatura Superior en &#8230; <a title=\"Pre &#8211; Inscripci\u00f3n Estudiantes Ingresantes 2026\" class=\"read-more\" href=\"https:\/\/isfd36-bue.infd.edu.ar\/sitio\/pre-inscripciones-2026\/\" aria-label=\"More on Pre &#8211; Inscripci\u00f3n Estudiantes Ingresantes 2026\">[+]<\/a><\/p>\n","protected":false},"author":1463,"featured_media":0,"parent":0,"menu_order":0,"comment_status":"closed","ping_status":"closed","template":"","meta":[],"acf":[],"_links":{"self":[{"href":"https:\/\/isfd36-bue.infd.edu.ar\/sitio\/wp-json\/wp\/v2\/pages\/2920"}],"collection":[{"href":"https:\/\/isfd36-bue.infd.edu.ar\/sitio\/wp-json\/wp\/v2\/pages"}],"about":[{"href":"https:\/\/isfd36-bue.infd.edu.ar\/sitio\/wp-json\/wp\/v2\/types\/page"}],"author":[{"embeddable":true,"href":"https:\/\/isfd36-bue.infd.edu.ar\/sitio\/wp-json\/wp\/v2\/users\/1463"}],"replies":[{"embeddable":true,"href":"https:\/\/isfd36-bue.infd.edu.ar\/sitio\/wp-json\/wp\/v2\/comments?post=2920"}],"version-history":[{"count":141,"href":"https:\/\/isfd36-bue.infd.edu.ar\/sitio\/wp-json\/wp\/v2\/pages\/2920\/revisions"}],"predecessor-version":[{"id":6208,"href":"https:\/\/isfd36-bue.infd.edu.ar\/sitio\/wp-json\/wp\/v2\/pages\/2920\/revisions\/6208"}],"wp:attachment":[{"href":"https:\/\/isfd36-bue.infd.edu.ar\/sitio\/wp-json\/wp\/v2\/media?parent=2920"}],"curies":[{"name":"wp","href":"https:\/\/api.w.org\/{rel}","templated":true}]}}