{"id":3052,"date":"2021-03-30T13:27:57","date_gmt":"2021-03-30T16:27:57","guid":{"rendered":"https:\/\/isfd36-bue.infd.edu.ar\/sitio\/?page_id=3052"},"modified":"2021-04-27T08:24:43","modified_gmt":"2021-04-27T11:24:43","slug":"taller-de-ingreso-para-1er-ano","status":"publish","type":"page","link":"https:\/\/isfd36-bue.infd.edu.ar\/sitio\/taller-de-ingreso-para-1er-ano\/","title":{"rendered":"Taller de Ingreso para 1er A\u00f1o"},"content":{"rendered":"<h2 style=\"text-align: center;\"><strong><span style=\"color: #ff0000;\">Bienvenidos Ingresantes al ISFD n\u00ba 36!!!<\/span><\/strong><\/h2>\n<h4><span style=\"color: #000000;\">Todos los matriculados a primer a\u00f1o de alguna carrera deben OBLIGATORIAMENTE realizar este peque\u00f1o Taller Inicial.<\/span><\/h4>\n<h4><span style=\"color: #000000;\">Este Inicio ser\u00e1 de tres semanas donde trabajaremos temas de Alfabetizaci\u00f3n Digital, Lectoescritura, ESI y Rol Docente. Finalizado el Taller, se evaluar\u00e1 el mismo mediante alg\u00fan medio que permita registrar los avances.<\/span><\/h4>\n<h4><span style=\"color: #000000;\">La modalidad es VIRTUAL, mediante alguna plataforma como Meet o Zoom, por lo que recomendamos tener disponible los medios necesarios para una mejor interacci\u00f3n.<\/span><\/h4>\n<h4><span style=\"color: #000000;\">A continuaci\u00f3n compartimos los enlaces y horarios de la tercera semana del Taller:<\/span><\/h4>\n<h4><span style=\"color: #000080;\"><strong>Profesorado de Educaci\u00f3n Inicial &#8211;\u00a0<\/strong><\/span><span style=\"color: #000080;\"><strong>Clic <a href=\"https:\/\/isfd36-bue.infd.edu.ar\/sitio\/wp-content\/uploads\/2021\/04\/Representaciones-sociales.-Ana-Encabo.pdf\"><span style=\"color: #ff0000;\">AQU\u00cd<\/span><\/a> para descargar Lectura obligatoria para el d\u00eda <span style=\"color: #ff0000;\">MARTES 27\/4<\/span><\/strong><\/span><\/h4>\n<p><strong><span style=\"color: #ff0000;\">Rol Docente \/ ESI<\/span><\/strong><\/p>\n<table width=\"1143\">\n<tbody>\n<tr>\n<td width=\"85\">Hora<\/td>\n<td width=\"265\" data-sheets-value=\"{&quot;1&quot;:3,&quot;3&quot;:44313}\" data-sheets-numberformat=\"{&quot;1&quot;:5,&quot;2&quot;:&quot;dddd d\/m&quot;,&quot;3&quot;:1}\">\n<p style=\"text-align: center;\"><span style=\"color: #ff0000;\"><strong>OJO &#8211; Martes 27\/4<\/strong><\/span><\/p>\n<\/td>\n<td width=\"113\"><\/td>\n<td width=\"255\" data-sheets-value=\"{&quot;1&quot;:2,&quot;2&quot;:&quot;LInk de ingreso:&quot;}\"><strong>Mi\u00e9rcoles 21\/4<\/strong><\/td>\n<td width=\"161\" data-sheets-value=\"{&quot;1&quot;:2,&quot;2&quot;:&quot;https:\/\/meet.google.com\/msw-zcft-twb&quot;}\" data-sheets-hyperlink=\"https:\/\/meet.google.com\/msw-zcft-twb\"><strong>Jueves 22\/4<\/strong><\/td>\n<td width=\"265\"><strong>Viernes 23\/4<\/strong><\/td>\n<\/tr>\n<tr>\n<td width=\"85\" data-sheets-value=\"{&quot;1&quot;:2,&quot;2&quot;:&quot;19 a 21 hs&quot;}\">18 a 19 hs<\/td>\n<td width=\"265\" data-sheets-value=\"{&quot;1&quot;:2,&quot;2&quot;:&quot;TEDESCO-SCHIAVONE&quot;}\">TEDESCO-SCHIAVONE \u2013 <span style=\"color: #ff0000;\"><strong>19 hs<\/strong><\/span><\/p>\n<p>Tema: Presentaci\u00f3n de la carrera.<\/p>\n<p>&#8211; Indagaci\u00f3n a trav\u00e9s de preguntas acerca de lo que para ellas es Ser docentes en Nivel Inicial.<\/p>\n<p>&#8211; Representaciones Sociales acerca del docente de Nivel Inicial. Bibliograf\u00eda Ana Encabo.<\/p>\n<p>&#8211; Preguntas para interacci\u00f3n acerca de sus expectativas sobre la carrera, el instituto y ellas como profesionales.<\/p>\n<p>&#8211; Ideas acerca del ser docente.<\/p>\n<p>Bibliograf\u00eda Carlos Libaneo<\/p>\n<p><strong>Link de ingreso:<\/strong><\/p>\n<p><u><a href=\"https:\/\/meet.google.com\/msw-zcft-twb\">https:\/\/meet.google.com\/msw-zcft-twb<\/a><\/u><\/td>\n<td width=\"113\" data-sheets-value=\"{&quot;1&quot;:2,&quot;2&quot;:&quot;Tema: *Presentaci\u00f3n de la carrera. &quot;}\"><\/td>\n<td width=\"255\">Tema: ESI<\/p>\n<p>Prof Grise Natalia \u2013 Panarello Melisa<\/p>\n<p><a href=\"https:\/\/meet.google.com\/jue-zfbj-vxf\">https:\/\/meet.google.com\/jue-zfbj-vxf<\/a><\/td>\n<td width=\"161\" data-sheets-value=\"{&quot;1&quot;:2,&quot;2&quot;:&quot;\/ Los ejes de cada a\u00f1o&quot;}\"><\/td>\n<td width=\"265\">Tema: ESI<\/p>\n<p>Prof Grise Natalia \u2013 Panarello Melisa<\/p>\n<p><a href=\"https:\/\/meet.google.com\/eej-zhsm-djr\">https:\/\/meet.google.com\/eej-zhsm-djr<\/a><\/td>\n<\/tr>\n<\/tbody>\n<\/table>\n<h4><span style=\"color: #000080;\"><strong>Profesorado de Educaci\u00f3n Primaria<\/strong><\/span><\/h4>\n<p><strong><span style=\"color: #ff0000;\">Rol Docente \/ ESI<\/span><\/strong><\/p>\n<table width=\"1020\">\n<tbody>\n<tr>\n<td width=\"75\"><\/td>\n<td width=\"76\" data-sheets-value=\"{&quot;1&quot;:3,&quot;3&quot;:44305}\" data-sheets-numberformat=\"{&quot;1&quot;:5,&quot;2&quot;:&quot;dddd d\/m&quot;,&quot;3&quot;:1}\">lunes 19\/4<\/td>\n<td width=\"217\" data-sheets-value=\"{&quot;1&quot;:3,&quot;3&quot;:44306}\" data-sheets-numberformat=\"{&quot;1&quot;:5,&quot;2&quot;:&quot;dddd d\/m&quot;,&quot;3&quot;:1}\">martes 20\/4<\/td>\n<td width=\"265\" data-sheets-value=\"{&quot;1&quot;:3,&quot;3&quot;:44307}\" data-sheets-numberformat=\"{&quot;1&quot;:5,&quot;2&quot;:&quot;dddd d\/m&quot;,&quot;3&quot;:1}\">mi\u00e9rcoles 21\/4<\/td>\n<td width=\"113\" data-sheets-value=\"{&quot;1&quot;:3,&quot;3&quot;:44308}\" data-sheets-numberformat=\"{&quot;1&quot;:5,&quot;2&quot;:&quot;dddd d\/m&quot;,&quot;3&quot;:1}\">jueves 22\/4<\/td>\n<td width=\"274\" data-sheets-value=\"{&quot;1&quot;:3,&quot;3&quot;:44309}\" data-sheets-numberformat=\"{&quot;1&quot;:5,&quot;2&quot;:&quot;dddd d\/m&quot;,&quot;3&quot;:1}\">viernes 23\/4<\/td>\n<\/tr>\n<tr>\n<td width=\"75\" data-sheets-value=\"{&quot;1&quot;:2,&quot;2&quot;:&quot;18 a 19 hs&quot;}\">18 a 19 hs<\/td>\n<td width=\"76\"><\/td>\n<td width=\"217\"><\/td>\n<td width=\"265\" data-sheets-value=\"{&quot;1&quot;:2,&quot;2&quot;:&quot;Coria Alba -Isla Natalia https:\/\/meet.google.com\/pbr-yeaa-ems &quot;}\" data-sheets-textstyleruns=\"{&quot;1&quot;:0,&quot;2&quot;:{&quot;4&quot;:11}}\uee10{&quot;1&quot;:25,&quot;2&quot;:{&quot;2&quot;:{&quot;1&quot;:2,&quot;2&quot;:1136076},&quot;4&quot;:11,&quot;9&quot;:1}}\uee10{&quot;1&quot;:61,&quot;2&quot;:{&quot;4&quot;:11}}\" data-sheets-hyperlinkruns=\"{&quot;1&quot;:25,&quot;2&quot;:&quot;https:\/\/meet.google.com\/pbr-yeaa-ems&quot;}\uee10{&quot;1&quot;:61}\">Coria Alba &#8211; Isla Natalia &#8211; ESI<\/p>\n<p><u><a href=\"https:\/\/meet.google.com\/pbr-yeaa-ems\">https:\/\/meet.google.com\/pbr-yeaa-ems<\/a><\/u><\/td>\n<td width=\"113\"><\/td>\n<td width=\"274\" data-sheets-value=\"{&quot;1&quot;:2,&quot;2&quot;:&quot;Coria Alba - Isla Natalia https:\/\/meet.google.com\/qkd-tzqq-ooz &quot;}\" data-sheets-textstyleruns=\"{&quot;1&quot;:0,&quot;2&quot;:{&quot;4&quot;:11}}\uee10{&quot;1&quot;:26,&quot;2&quot;:{&quot;2&quot;:{&quot;1&quot;:2,&quot;2&quot;:1136076},&quot;4&quot;:11,&quot;9&quot;:1}}\uee10{&quot;1&quot;:62,&quot;2&quot;:{&quot;4&quot;:11}}\" data-sheets-hyperlinkruns=\"{&quot;1&quot;:26,&quot;2&quot;:&quot;https:\/\/meet.google.com\/qkd-tzqq-ooz&quot;}\uee10{&quot;1&quot;:62}\">Coria Alba &#8211; Isla Natalia &#8211; ESI<\/p>\n<p><u><a href=\"https:\/\/meet.google.com\/qkd-tzqq-ooz\">https:\/\/meet.google.com\/qkd-tzqq-ooz<\/a><\/u><\/td>\n<\/tr>\n<tr>\n<td width=\"75\" data-sheets-value=\"{&quot;1&quot;:2,&quot;2&quot;:&quot;19 a 20 hs&quot;}\">19 a 20 hs<\/td>\n<td width=\"76\"><\/td>\n<td width=\"217\"><\/td>\n<td width=\"265\"><\/td>\n<td width=\"113\"><\/td>\n<td width=\"274\">\n<p style=\"text-align: center;\"><strong><span style=\"color: #ff0000;\">OJO &#8211; 19:30 hs (nuevo)<\/span><\/strong><\/p>\n<p>Mercedes Moreno &#8211; Rol docente<\/p>\n<p>Meet:<br \/>\n<a href=\"https:\/\/meet.google.com\/sze-ghuv-xzj\">https:\/\/meet.google.com\/sze-ghuv-xzj<\/a><\/td>\n<\/tr>\n<tr>\n<td width=\"75\" data-sheets-value=\"{&quot;1&quot;:2,&quot;2&quot;:&quot;20 a 21 hs&quot;}\">20 a 21 hs<\/td>\n<td width=\"76\"><\/td>\n<td width=\"217\" data-sheets-value=\"{&quot;1&quot;:2,&quot;2&quot;:&quot;Ghelfi, F. -Rol docente meet.google.com\/mox-wumd-nww &quot;}\" data-sheets-textstyleruns=\"{&quot;1&quot;:0}\uee10{&quot;1&quot;:25,&quot;2&quot;:{&quot;2&quot;:{&quot;1&quot;:2,&quot;2&quot;:1136076},&quot;9&quot;:1}}\uee10{&quot;1&quot;:53}\" data-sheets-hyperlinkruns=\"{&quot;1&quot;:25,&quot;2&quot;:&quot;http:\/\/meet.google.com\/mox-wumd-nww&quot;}\uee10{&quot;1&quot;:53}\">Ghelfi Fernanda &#8211; Rol docente<\/p>\n<p><u><a href=\"http:\/\/meet.google.com\/mox-wumd-nww\">meet.google.com\/mox-wumd-nww<\/a><\/u><\/td>\n<td width=\"265\"><\/td>\n<td width=\"113\"><\/td>\n<td width=\"274\" data-sheets-value=\"{&quot;1&quot;:2,&quot;2&quot;:&quot;Mercedes Moreno Rol docente\\nViernes, 23 abr. \u2022 18:30\u201319:30\\nInformaci\u00f3n para unirse a la reuni\u00f3n de Google\u00a0Meet\\nV\u00ednculo a la videollamada: https:\/\/meet.google.com\/sze-ghuv-xzj\\nO marca: PIN de +1 240-422-8252: 719 214 016#&quot;}\"><\/td>\n<\/tr>\n<\/tbody>\n<\/table>\n<h4><span style=\"color: #000080;\"><strong>Profesorado de Lengua y Literatura &#8211; Clic <a href=\"https:\/\/drive.google.com\/drive\/folders\/1CWyYlQtrCsRsRKIZ9KYCdA-AExPtnThX?usp=sharing\"><span style=\"color: #ff0000;\">AQU\u00cd<\/span><\/a> para descargar Lectura obligatoria para la semana del 12\/04<\/strong><\/span><\/h4>\n<p><strong><span style=\"color: #ff0000;\">Rol Docente \/ ESI<\/span><\/strong><\/p>\n<table>\n<tbody>\n<tr>\n<td width=\"85\">Hora<\/td>\n<td width=\"394\"><strong>lunes 19\/4<\/strong><\/td>\n<td width=\"90\"><strong>martes 20\/4<\/strong><\/td>\n<td width=\"95\"><strong>mi\u00e9rcoles 21\/4<\/strong><\/td>\n<td width=\"262\"><strong>jueves 22\/4<\/strong><\/td>\n<td width=\"265\"><strong>viernes 23\/4<\/strong><\/td>\n<\/tr>\n<tr>\n<td width=\"85\">18 a 19 hs<\/td>\n<td width=\"394\"><strong>Rodr\u00edguez P\u00e9rez-Lenscak Maria<\/strong><\/p>\n<p><strong>\u00a0<\/strong><a href=\"https:\/\/us02web.zoom.us\/j\/84952413429?pwd=MXRXeDZaZ0dqKzg4OVpka2pyVmJGUT09\">https:\/\/us02web.zoom.us\/j\/84952413429?pwd=MXRXeDZaZ0dqKzg4OVpka2pyVmJGUT09<\/a><\/p>\n<p>ID de reuni\u00f3n: 849 5241 3429<\/p>\n<p>C\u00f3digo de acceso: Literatura<\/td>\n<td width=\"90\"><\/td>\n<td width=\"95\"><\/td>\n<td width=\"262\">Tema: ESI<\/p>\n<p>Romina Rodriguez &#8211; Acosta Diego<\/p>\n<p><a href=\"https:\/\/meet.google.com\/vkh-bpnt-bvq\">https:\/\/meet.google.com\/vkh-bpnt-bvq<\/a><\/p>\n<p>O marca el n\u00famero: (US) +1 727-998-1045<\/p>\n<p>PIN: 906 193 762#<\/td>\n<td width=\"265\">Tema: ESI<\/p>\n<p>Romina Rodriguez &#8211; Acosta Diego<\/p>\n<p><a href=\"https:\/\/meet.google.com\/vkh-bpnt-bvq\">https:\/\/meet.google.com\/vkh-bpnt-bvq<\/a><\/p>\n<p>O marca el n\u00famero: (US) +1 727-998-1045<\/p>\n<p>PIN: 906 193 762#<\/td>\n<\/tr>\n<tr>\n<td width=\"85\">19 a 20 hs<\/td>\n<td width=\"394\"><\/td>\n<td width=\"90\"><\/td>\n<td width=\"95\"><\/td>\n<td width=\"262\">Romina Rodriguez &#8211; Acosta Diego<\/td>\n<td width=\"265\">Romina Rodriguez &#8211; Acosta Diego<\/td>\n<\/tr>\n<tr>\n<td width=\"85\">20:30 hs<\/td>\n<td width=\"394\"><strong>Profesora Paola Castro<\/strong><\/p>\n<p>Historia de la lengua Espa\u00f1ola<\/p>\n<p><u><a href=\"https:\/\/meet.google.com\/ujn-pppk-wqb?hs=122&amp;authuser=1\">https:\/\/meet.google.com\/ujn-pppk-wqb?hs=122&amp;authuser=1<\/a><\/u><\/td>\n<td width=\"90\"><\/td>\n<td width=\"95\"><\/td>\n<td width=\"262\"><\/td>\n<td width=\"265\"><\/td>\n<\/tr>\n<\/tbody>\n<\/table>\n<h4><span style=\"color: #000080;\"><strong>Profesorado de Tecnolog\u00eda &#8211; Clic <a href=\"https:\/\/drive.google.com\/file\/d\/1mUxvfRHnSiAKsZjZ-9fWan_qruqd6SV-\/view?usp=drivesdk\"><span style=\"color: #ff0000;\">AQU\u00cd<\/span><\/a> para descargar material de <span style=\"color: #ff0000;\">MATEM\u00c1TICA<\/span><\/strong><\/span><\/h4>\n<p><strong><span style=\"color: #ff0000;\">Rol Docente \/ ESI<\/span><\/strong><\/p>\n<table width=\"1232\">\n<tbody>\n<tr>\n<td width=\"75\"><\/td>\n<td width=\"235\" data-sheets-value=\"{&quot;1&quot;:3,&quot;3&quot;:44305}\" data-sheets-numberformat=\"{&quot;1&quot;:5,&quot;2&quot;:&quot;dddd d\/m&quot;,&quot;3&quot;:1}\"><strong>lunes 19\/4<\/strong><\/td>\n<td data-sheets-value=\"{&quot;1&quot;:3,&quot;3&quot;:44306}\" data-sheets-numberformat=\"{&quot;1&quot;:5,&quot;2&quot;:&quot;dddd d\/m&quot;,&quot;3&quot;:1}\"><strong>martes 20\/4<\/strong><\/td>\n<td data-sheets-value=\"{&quot;1&quot;:3,&quot;3&quot;:44307}\" data-sheets-numberformat=\"{&quot;1&quot;:5,&quot;2&quot;:&quot;dddd d\/m&quot;,&quot;3&quot;:1}\"><strong>mi\u00e9rcoles 21\/4<\/strong><\/td>\n<td data-sheets-value=\"{&quot;1&quot;:3,&quot;3&quot;:44308}\" data-sheets-numberformat=\"{&quot;1&quot;:5,&quot;2&quot;:&quot;dddd d\/m&quot;,&quot;3&quot;:1}\">jueves 22\/4<\/td>\n<td data-sheets-value=\"{&quot;1&quot;:3,&quot;3&quot;:44309}\" data-sheets-numberformat=\"{&quot;1&quot;:5,&quot;2&quot;:&quot;dddd d\/m&quot;,&quot;3&quot;:1}\"><strong>viernes 23\/4<\/strong><\/td>\n<\/tr>\n<tr>\n<td width=\"75\">18 a 19 hs<\/td>\n<td width=\"235\" data-sheets-value=\"{&quot;1&quot;:2,&quot;2&quot;:&quot;Kempel, Sebasti\u00e1n - Gordillo Gustavo. \\n\\&quot;Pensamiento y pr\u00e1ctica en el nivel superior\\&quot;\\nParte 1: meet.google.com\/qwj-scei-xdj \\n&quot;}\" data-sheets-textstyleruns=\"{&quot;1&quot;:0}\uee10{&quot;1&quot;:94,&quot;2&quot;:{&quot;2&quot;:{&quot;1&quot;:2,&quot;2&quot;:1136076},&quot;9&quot;:1}}\uee10{&quot;1&quot;:122}\" data-sheets-hyperlinkruns=\"{&quot;1&quot;:94,&quot;2&quot;:&quot;http:\/\/meet.google.com\/qwj-scei-xdj&quot;}\uee10{&quot;1&quot;:122}\">Kempel, Sebasti\u00e1n &#8211; Gordillo Gustavo.<br \/>\n\u00abPensamiento y pr\u00e1ctica en el nivel superior\u00bb<br \/>\nParte 1: <u><a href=\"http:\/\/meet.google.com\/qwj-scei-xdj\">meet.google.com\/qwj-scei-xdj<\/a><\/u><\/td>\n<td>DIEGO ACOSTA &#8211; JAVIER MOLINA<\/p>\n<p>Link Meet:<\/p>\n<p><a href=\"https:\/\/meet.google.com\/kdh-ogiu-fqn\">https:\/\/meet.google.com\/kdh-ogiu-fqn<\/a><\/td>\n<td data-sheets-value=\"{&quot;1&quot;:2,&quot;2&quot;:&quot;Kempel, Sebasti\u00e1n - Gordillo Gustavo\\n\\&quot;Pensamiento y pr\u00e1ctca en el nivel superior\\&quot;\\nParte 2: meet.google.com\/qog-wkqv-huf&quot;}\" data-sheets-textstyleruns=\"{&quot;1&quot;:0}\uee10{&quot;1&quot;:91,&quot;2&quot;:{&quot;2&quot;:{&quot;1&quot;:2,&quot;2&quot;:1136076},&quot;9&quot;:1}}\" data-sheets-hyperlinkruns=\"{&quot;1&quot;:90,&quot;2&quot;:&quot;http:\/\/meet.google.com\/qog-wkqv-huf&quot;}\uee10{&quot;1&quot;:118}\">Kempel, Sebasti\u00e1n &#8211; Gordillo Gustavo<br \/>\n\u00abPensamiento y pr\u00e1ctica en el nivel superior\u00bb<br \/>\nParte 2:<u><a href=\"http:\/\/meet.google.com\/qog-wkqv-huf\">meet.google.com\/qog-wkqv-hu<\/a>f<\/u><\/td>\n<td data-sheets-value=\"{&quot;1&quot;:2,&quot;2&quot;:&quot;Romina Rodriguez - Acosta Diego&quot;}\"><strong>Tema: ESI<\/strong><\/p>\n<p><strong>Romina Rodriguez &#8211; Acosta Diego<\/strong><\/p>\n<p><a href=\"https:\/\/meet.google.com\/vkh-bpnt-bvq\">https:\/\/meet.google.com\/vkh-bpnt-bvq<\/a><\/p>\n<p>O marca el n\u00famero: (US) +1 727-998-1045<\/p>\n<p>PIN: 906 193 762#<\/td>\n<td data-sheets-value=\"{&quot;1&quot;:2,&quot;2&quot;:&quot;Romina Rodriguez - Acosta Diego&quot;}\">Tema: ESI<\/p>\n<p>Romina Rodriguez &#8211; Acosta Diego<\/p>\n<p><a href=\"https:\/\/meet.google.com\/vkh-bpnt-bvq\">https:\/\/meet.google.com\/vkh-bpnt-bvq<\/a><\/p>\n<p>O marca el n\u00famero: (US) +1 727-998-1045<\/p>\n<p>PIN: 906 193 762#<\/td>\n<\/tr>\n<tr>\n<td width=\"75\">19 a 20 hs<\/td>\n<td width=\"235\"><\/td>\n<td><\/td>\n<td><\/td>\n<td data-sheets-value=\"{&quot;1&quot;:2,&quot;2&quot;:&quot;Romina Rodriguez - Acosta Diego&quot;}\">Romina Rodriguez &#8211; Acosta Diego<\/td>\n<td data-sheets-value=\"{&quot;1&quot;:2,&quot;2&quot;:&quot;Romina Rodriguez - Acosta Diego&quot;}\">Romina Rodriguez &#8211; Acosta Diego<\/td>\n<\/tr>\n<\/tbody>\n<\/table>\n<h4><span style=\"color: #000080;\"><strong>Profesorado de Biolog\u00eda<\/strong><\/span><\/h4>\n<h5 style=\"text-align: center;\">Cronograma (se publicar\u00e1 en breve)<\/h5>\n<h4><span style=\"color: #000080;\">Profesorado de Qu\u00edmica<\/span><\/h4>\n<h5 style=\"text-align: center;\">Cronograma (se publicar\u00e1 en breve)<\/h5>\n<p>&nbsp;<\/p>\n<p>&nbsp;<\/p>\n","protected":false},"excerpt":{"rendered":"<p>Bienvenidos Ingresantes al ISFD n\u00ba 36!!! Todos los matriculados a primer a\u00f1o de alguna carrera deben OBLIGATORIAMENTE realizar este peque\u00f1o Taller Inicial. Este Inicio ser\u00e1 de tres semanas donde trabajaremos temas de Alfabetizaci\u00f3n Digital, Lectoescritura, ESI y Rol Docente. Finalizado el Taller, se evaluar\u00e1 el mismo mediante alg\u00fan medio que permita registrar los avances. La &#8230; <a title=\"Taller de Ingreso para 1er A\u00f1o\" class=\"read-more\" href=\"https:\/\/isfd36-bue.infd.edu.ar\/sitio\/taller-de-ingreso-para-1er-ano\/\" aria-label=\"More on Taller de Ingreso para 1er A\u00f1o\">[+]<\/a><\/p>\n","protected":false},"author":1542,"featured_media":0,"parent":0,"menu_order":0,"comment_status":"closed","ping_status":"closed","template":"","meta":[],"acf":[],"_links":{"self":[{"href":"https:\/\/isfd36-bue.infd.edu.ar\/sitio\/wp-json\/wp\/v2\/pages\/3052"}],"collection":[{"href":"https:\/\/isfd36-bue.infd.edu.ar\/sitio\/wp-json\/wp\/v2\/pages"}],"about":[{"href":"https:\/\/isfd36-bue.infd.edu.ar\/sitio\/wp-json\/wp\/v2\/types\/page"}],"author":[{"embeddable":true,"href":"https:\/\/isfd36-bue.infd.edu.ar\/sitio\/wp-json\/wp\/v2\/users\/1542"}],"replies":[{"embeddable":true,"href":"https:\/\/isfd36-bue.infd.edu.ar\/sitio\/wp-json\/wp\/v2\/comments?post=3052"}],"version-history":[{"count":20,"href":"https:\/\/isfd36-bue.infd.edu.ar\/sitio\/wp-json\/wp\/v2\/pages\/3052\/revisions"}],"predecessor-version":[{"id":3167,"href":"https:\/\/isfd36-bue.infd.edu.ar\/sitio\/wp-json\/wp\/v2\/pages\/3052\/revisions\/3167"}],"wp:attachment":[{"href":"https:\/\/isfd36-bue.infd.edu.ar\/sitio\/wp-json\/wp\/v2\/media?parent=3052"}],"curies":[{"name":"wp","href":"https:\/\/api.w.org\/{rel}","templated":true}]}}