{"id":3253,"date":"2021-09-21T19:20:57","date_gmt":"2021-09-21T22:20:57","guid":{"rendered":"https:\/\/isfd36-bue.infd.edu.ar\/sitio\/?page_id=3253"},"modified":"2021-10-05T16:24:06","modified_gmt":"2021-10-05T19:24:06","slug":"semana-de-la-formacion-docente-2021","status":"publish","type":"page","link":"https:\/\/isfd36-bue.infd.edu.ar\/sitio\/semana-de-la-formacion-docente-2021\/","title":{"rendered":"Semana de la Formaci\u00f3n Docente 2021"},"content":{"rendered":"\n<p><strong><span class=\"has-inline-color has-black-color\">Aqu\u00ed encontrar\u00e1s el cronograma completo de Actividades y los flyer individuales con la informaci\u00f3n correspondiente de acceso d\u00eda por d\u00eda.<\/span><\/strong><\/p>\n\n\n\n<h3 class=\"wp-block-heading\"><strong><span style=\"color:#0228a7\" class=\"has-inline-color\">Cronograma Completo<\/span><\/strong><span style=\"color:#2600a3\" class=\"has-inline-color\"> <\/span><strong><a href=\"https:\/\/isfd36-bue.infd.edu.ar\/sitio\/wp-content\/uploads\/2021\/09\/Jornadas-Institucionales-ISFD-no-36-1.pdf\"><span class=\"has-inline-color has-vivid-red-color\">AQUI<\/span><\/a><\/strong><\/h3>\n\n\n<h3 style=\"text-align: center;\"><span style=\"color: #000080;\"><strong>D\u00eda 5\/10<\/strong><\/span><\/h3>\n\n\n<figure class=\"wp-block-table\"><table><tbody><tr><td class=\"has-text-align-center\" data-align=\"center\"><img decoding=\"async\" src=\"https:\/\/isfd36-bue.infd.edu.ar\/sitio\/wp-content\/uploads\/2021\/10\/WhatsApp-Image-2021-10-05-at-13.12.25-1.jpeg\" alt=\"La imagen tiene un atributo ALT vac\u00edo; su nombre de archivo es WhatsApp-Image-2021-10-05-at-13.12.25-1.jpeg\" style=\"width: 400px;\"><br><img decoding=\"async\" src=\"https:\/\/isfd36-bue.infd.edu.ar\/sitio\/wp-content\/uploads\/2021\/09\/WhatsApp-Image-2021-09-20-at-15.16.29.jpeg\" alt=\"La imagen tiene un atributo ALT vac\u00edo; su nombre de archivo es WhatsApp-Image-2021-09-20-at-15.16.29.jpeg\" style=\"width: 1px;\"><\/td><td class=\"has-text-align-center\" data-align=\"center\"><img decoding=\"async\" src=\"https:\/\/isfd36-bue.infd.edu.ar\/sitio\/wp-content\/uploads\/2021\/10\/WhatsApp-Image-2021-10-05-at-13.12.24.jpeg\" alt=\"La imagen tiene un atributo ALT vac\u00edo; su nombre de archivo es WhatsApp-Image-2021-10-05-at-13.12.24.jpeg\" style=\"width: 400px;\"><br><\/td><\/tr><\/tbody><\/table><\/figure>\n","protected":false},"excerpt":{"rendered":"<p>Aqu\u00ed encontrar\u00e1s el cronograma completo de Actividades y los flyer individuales con la informaci\u00f3n correspondiente de acceso d\u00eda por d\u00eda. Cronograma Completo AQUI D\u00eda 5\/10<\/p>\n","protected":false},"author":1542,"featured_media":0,"parent":0,"menu_order":0,"comment_status":"closed","ping_status":"closed","template":"","meta":[],"acf":[],"_links":{"self":[{"href":"https:\/\/isfd36-bue.infd.edu.ar\/sitio\/wp-json\/wp\/v2\/pages\/3253"}],"collection":[{"href":"https:\/\/isfd36-bue.infd.edu.ar\/sitio\/wp-json\/wp\/v2\/pages"}],"about":[{"href":"https:\/\/isfd36-bue.infd.edu.ar\/sitio\/wp-json\/wp\/v2\/types\/page"}],"author":[{"embeddable":true,"href":"https:\/\/isfd36-bue.infd.edu.ar\/sitio\/wp-json\/wp\/v2\/users\/1542"}],"replies":[{"embeddable":true,"href":"https:\/\/isfd36-bue.infd.edu.ar\/sitio\/wp-json\/wp\/v2\/comments?post=3253"}],"version-history":[{"count":20,"href":"https:\/\/isfd36-bue.infd.edu.ar\/sitio\/wp-json\/wp\/v2\/pages\/3253\/revisions"}],"predecessor-version":[{"id":3372,"href":"https:\/\/isfd36-bue.infd.edu.ar\/sitio\/wp-json\/wp\/v2\/pages\/3253\/revisions\/3372"}],"wp:attachment":[{"href":"https:\/\/isfd36-bue.infd.edu.ar\/sitio\/wp-json\/wp\/v2\/media?parent=3253"}],"curies":[{"name":"wp","href":"https:\/\/api.w.org\/{rel}","templated":true}]}}