{"id":3401,"date":"2021-10-23T12:02:03","date_gmt":"2021-10-23T15:02:03","guid":{"rendered":"https:\/\/isfd36-bue.infd.edu.ar\/sitio\/?page_id=3401"},"modified":"2025-02-12T10:35:40","modified_gmt":"2025-02-12T13:35:40","slug":"normativas-y-comunicados","status":"publish","type":"page","link":"https:\/\/isfd36-bue.infd.edu.ar\/sitio\/normativas-y-comunicados\/","title":{"rendered":"Normativas y Comunicados"},"content":{"rendered":"\n<p>En esta secci\u00f3n se publicar\u00e1n los comunicados emitidos por la Direcci\u00f3n de Educaci\u00f3n Superior, los documentos Institucionales y las Normativas vigentes.<\/p>\n\n\n\n<h2 class=\"wp-block-heading\" style=\"font-size:24px\">Concursos Docentes:<\/h2>\n\n\n\n<h2 class=\"wp-block-heading\" style=\"font-size:24px\"><a href=\"https:\/\/isfd36-bue.infd.edu.ar\/sitio\/wp-content\/uploads\/sitio\/Res_5886.pdf\">Res 5886\/03<\/a> &#8211; <a href=\"https:\/\/isfd36-bue.infd.edu.ar\/sitio\/wp-content\/uploads\/2021\/11\/Disposicion-30-05.pdf\">Disp 30\/05<\/a> <\/h2>\n\n\n\n<p><\/p>\n\n\n\n<h2 class=\"wp-block-heading\" style=\"font-size:24px\">R\u00e9gimen Acad\u00e9mico Marco:<\/h2>\n\n\n\n<h2 class=\"wp-block-heading\" style=\"font-size:24px\"><a href=\"https:\/\/isfd36-bue.infd.edu.ar\/sitio\/wp-content\/uploads\/2025\/02\/RESOC-2024-4196-GDEBA-DGCYE.pdf\">Res<mark style=\"background-color:rgba(0, 0, 0, 0)\" class=\"has-inline-color has-accent-color\">oluci\u00f3n<\/mark> <\/a><mark style=\"background-color:rgba(0, 0, 0, 0)\" class=\"has-inline-color has-accent-color\">&#8211; <a href=\"https:\/\/isfd36-bue.infd.edu.ar\/sitio\/wp-content\/uploads\/2025\/02\/IF-2024-38567372-GDEBA-SDIFDIDGCYE-1.pdf\">Anexo I<\/a> &#8211; <a href=\"https:\/\/isfd36-bue.infd.edu.ar\/sitio\/wp-content\/uploads\/2025\/02\/IF-2024-37932840-GDEBA-DPESUPDGCYE-1.pdf\">Anexo II<\/a> &#8211; <a href=\"https:\/\/isfd36-bue.infd.edu.ar\/sitio\/wp-content\/uploads\/2025\/02\/IF-2024-37932766-GDEBA-DPESUPDGCYE-1.pdf\">Anexo III<\/a><\/mark> <\/h2>\n\n\n\n<p><\/p>\n\n\n\n<h2 class=\"wp-block-heading\" style=\"font-size:24px\">Consejo Acad\u00e9mico Institucional:<\/h2>\n\n\n\n<h2 class=\"wp-block-heading\" style=\"font-size:24px\"><a href=\"https:\/\/isfd36-bue.infd.edu.ar\/sitio\/wp-content\/uploads\/2021\/11\/Res-4044.pdf\">Res 4044\/09<\/a>  <\/h2>\n\n\n\n<p><\/p>\n\n\n\n<h2 class=\"wp-block-heading\" style=\"font-size:24px\">Salidas Educativas:<\/h2>\n\n\n\n<h2 class=\"wp-block-heading\" style=\"font-size:24px\"><a href=\"https:\/\/isfd36-bue.infd.edu.ar\/sitio\/salida-educativa-salida-de-representacion-institucional\/\">Salidas Educativas<\/a><\/h2>\n\n\n\n<p><\/p>\n\n\n\n\n\n\n\n<p><\/p>\n\n\n\n<p><\/p>\n","protected":false},"excerpt":{"rendered":"<p>En esta secci\u00f3n se publicar\u00e1n los comunicados emitidos por la Direcci\u00f3n de Educaci\u00f3n Superior, los documentos Institucionales y las Normativas vigentes. Concursos Docentes: Res 5886\/03 &#8211; Disp 30\/05 R\u00e9gimen Acad\u00e9mico Marco: Resoluci\u00f3n &#8211; Anexo I &#8211; Anexo II &#8211; Anexo III Consejo Acad\u00e9mico Institucional: Res 4044\/09 Salidas Educativas: Salidas Educativas<\/p>\n","protected":false},"author":1542,"featured_media":0,"parent":0,"menu_order":0,"comment_status":"closed","ping_status":"closed","template":"","meta":[],"acf":[],"_links":{"self":[{"href":"https:\/\/isfd36-bue.infd.edu.ar\/sitio\/wp-json\/wp\/v2\/pages\/3401"}],"collection":[{"href":"https:\/\/isfd36-bue.infd.edu.ar\/sitio\/wp-json\/wp\/v2\/pages"}],"about":[{"href":"https:\/\/isfd36-bue.infd.edu.ar\/sitio\/wp-json\/wp\/v2\/types\/page"}],"author":[{"embeddable":true,"href":"https:\/\/isfd36-bue.infd.edu.ar\/sitio\/wp-json\/wp\/v2\/users\/1542"}],"replies":[{"embeddable":true,"href":"https:\/\/isfd36-bue.infd.edu.ar\/sitio\/wp-json\/wp\/v2\/comments?post=3401"}],"version-history":[{"count":53,"href":"https:\/\/isfd36-bue.infd.edu.ar\/sitio\/wp-json\/wp\/v2\/pages\/3401\/revisions"}],"predecessor-version":[{"id":5580,"href":"https:\/\/isfd36-bue.infd.edu.ar\/sitio\/wp-json\/wp\/v2\/pages\/3401\/revisions\/5580"}],"wp:attachment":[{"href":"https:\/\/isfd36-bue.infd.edu.ar\/sitio\/wp-json\/wp\/v2\/media?parent=3401"}],"curies":[{"name":"wp","href":"https:\/\/api.w.org\/{rel}","templated":true}]}}