{"id":3695,"date":"2022-03-09T20:12:20","date_gmt":"2022-03-09T23:12:20","guid":{"rendered":"https:\/\/isfd36-bue.infd.edu.ar\/sitio\/?page_id=3695"},"modified":"2026-03-16T01:34:08","modified_gmt":"2026-03-16T04:34:08","slug":"actualizacion_docente","status":"publish","type":"page","link":"https:\/\/isfd36-bue.infd.edu.ar\/sitio\/actualizacion_docente\/","title":{"rendered":"Actualizaci\u00f3n docente"},"content":{"rendered":"\n<p>En esta p\u00e1gina encontrar\u00e1n cursos, talleres, seminarios, especializaciones, etc.  <\/p>\n\n\n\n<figure class=\"wp-block-table is-style-stripes\"><table><tbody><tr><td>FEBRERO 2024<\/td><\/tr><tr><td><a href=\"https:\/\/isfd36-bue.infd.edu.ar\/sitio\/wp-content\/uploads\/2024\/02\/Especializacion-en-lenguaje-y-comunicacion-digital-.pdf\">Especializaci\u00f3n en Lenguaje y Comunicaci\u00f3n Digital <\/a><\/td><\/tr><tr><td><a href=\"https:\/\/isfd36-bue.infd.edu.ar\/sitio\/wp-content\/uploads\/2024\/02\/flyer-Acompanamiento.jpg\">Flyer Acompa\u00f1amiento<\/a><\/td><\/tr><tr><td><a href=\"https:\/\/isfd36-bue.infd.edu.ar\/sitio\/wp-content\/uploads\/2024\/02\/Nuevo-catalogo-de-experiencias-y-proyectos-con-medios-de-la-Provincia-de-Buenos-Aires-2023.pdf\">Cat\u00e1logo de Experiencias y Proyectos con Medios <\/a><\/td><\/tr><tr><td><\/td><\/tr><tr><td><\/td><\/tr><tr><td><\/td><\/tr><tr><td><\/td><\/tr><tr><td><\/td><\/tr><tr><td><\/td><\/tr><tr><td><\/td><\/tr><tr><td><\/td><\/tr><\/tbody><\/table><\/figure>\n","protected":false},"excerpt":{"rendered":"<p>En esta p\u00e1gina encontrar\u00e1n cursos, talleres, seminarios, especializaciones, etc. FEBRERO 2024 Especializaci\u00f3n en Lenguaje y Comunicaci\u00f3n Digital Flyer Acompa\u00f1amiento Cat\u00e1logo de Experiencias y Proyectos con Medios<\/p>\n","protected":false},"author":3345,"featured_media":0,"parent":0,"menu_order":0,"comment_status":"closed","ping_status":"closed","template":"","meta":[],"acf":[],"_links":{"self":[{"href":"https:\/\/isfd36-bue.infd.edu.ar\/sitio\/wp-json\/wp\/v2\/pages\/3695"}],"collection":[{"href":"https:\/\/isfd36-bue.infd.edu.ar\/sitio\/wp-json\/wp\/v2\/pages"}],"about":[{"href":"https:\/\/isfd36-bue.infd.edu.ar\/sitio\/wp-json\/wp\/v2\/types\/page"}],"author":[{"embeddable":true,"href":"https:\/\/isfd36-bue.infd.edu.ar\/sitio\/wp-json\/wp\/v2\/users\/3345"}],"replies":[{"embeddable":true,"href":"https:\/\/isfd36-bue.infd.edu.ar\/sitio\/wp-json\/wp\/v2\/comments?post=3695"}],"version-history":[{"count":35,"href":"https:\/\/isfd36-bue.infd.edu.ar\/sitio\/wp-json\/wp\/v2\/pages\/3695\/revisions"}],"predecessor-version":[{"id":4938,"href":"https:\/\/isfd36-bue.infd.edu.ar\/sitio\/wp-json\/wp\/v2\/pages\/3695\/revisions\/4938"}],"wp:attachment":[{"href":"https:\/\/isfd36-bue.infd.edu.ar\/sitio\/wp-json\/wp\/v2\/media?parent=3695"}],"curies":[{"name":"wp","href":"https:\/\/api.w.org\/{rel}","templated":true}]}}