{"id":3990,"date":"2022-05-20T08:41:36","date_gmt":"2022-05-20T11:41:36","guid":{"rendered":"https:\/\/isfd36-bue.infd.edu.ar\/sitio\/?page_id=3990"},"modified":"2026-03-16T01:07:59","modified_gmt":"2026-03-16T04:07:59","slug":"estudiantes-libres-2024","status":"publish","type":"page","link":"https:\/\/isfd36-bue.infd.edu.ar\/sitio\/estudiantes-libres-2024\/","title":{"rendered":"Estudiantes LIBRES (Estamos trabajando para actualizar esta secci\u00f3n)"},"content":{"rendered":"\n<p><strong>R\u00e9gimen de Unidades Curriculares Libres<\/strong><\/p>\n\n\n\n<p><strong>R\u00e9gimen de estudiante libre<\/strong><\/p>\n\n\n\n<p>Res 4043\/09<\/p>\n\n\n\n<ul>\n<li>Al inicio de cada ciclo lectivo el estudiante podr\u00e1 inscribirse como libre hasta en un 30% de las unidades curriculares con formato materia establecidas por a\u00f1o en el dise\u00f1o curricular.<\/li>\n\n\n\n<li>En los casos que los estudiantes hayan cursado una\/s unidad\/des curricular\/res con modalidad presencial y deban volver a cursar en el ciclo lectivo siguiente, podr\u00e1n optar por este r\u00e9gimen independientemente del porcentaje establecido.<\/li>\n\n\n\n<li>Quedan exceptuados de este r\u00e9gimen los Talleres, Seminarios, Ateneos y los Campos de la Pr\u00e1ctica Docente y de la Pr\u00e1ctica Profesional, Did\u00e1cticas.<\/li>\n\n\n\n<li>En caso de haberse cerrado la carrera o cambiado el plan de estudios, la evaluaci\u00f3n final se ajustar\u00e1 al programa desarrollado en el \u00faltimo a\u00f1o en que se dict\u00f3 la unidad curricular.<\/li>\n\n\n\n<li><strong>Otras consideraciones<\/strong><\/li>\n\n\n\n<li>La evaluaci\u00f3n final tendr\u00e1 una instancia escrita y una oral. Se deber\u00e1 aprobar la instancia escrita para pasar a la oral. La calificaci\u00f3n resultar\u00e1 del promedio de ambas. Para la acreditaci\u00f3n final se debe obtener 4 (cuatro) o m\u00e1s puntos.<\/li>\n\n\n\n<li>El estudiante en condici\u00f3n de libre tiene los turnos de diciembre 2024  y marzo 2025 para regularizar su situaci\u00f3n acad\u00e9mica.<\/li>\n\n\n\n<li>Deber\u00e1n rendir con la propuesta pedag\u00f3gica vigente al momento de su inscripci\u00f3n.<\/li>\n<\/ul>\n\n\n\n<h5 class=\"wp-block-heading\"><\/h5>\n\n\n\n<h5 class=\"wp-block-heading\">La presente inscripci\u00f3n a cursadas LIBRE estar\u00e1 disponible hasta el Viernes 7 de Junio hasta las 22.00 horas<\/h5>\n\n\n\n<h5 class=\"wp-block-heading\">Para rendir libre un espacio debe anotarse <strong><a href=\"https:\/\/micarpeta.profesorhugoadrian.esy.es\/libres2024\/MenuLibres.html\"><mark style=\"background-color:rgba(0, 0, 0, 0)\" class=\"has-inline-color has-vivid-red-color\">AQU\u00cd.<\/mark><\/a><\/strong><\/h5>\n\n\n\n<p><\/p>\n","protected":false},"excerpt":{"rendered":"<p>R\u00e9gimen de Unidades Curriculares Libres R\u00e9gimen de estudiante libre Res 4043\/09 La presente inscripci\u00f3n a cursadas LIBRE estar\u00e1 disponible hasta el Viernes 7 de Junio hasta las 22.00 horas Para rendir libre un espacio debe anotarse AQU\u00cd.<\/p>\n","protected":false},"author":3345,"featured_media":0,"parent":0,"menu_order":0,"comment_status":"closed","ping_status":"closed","template":"","meta":[],"acf":[],"_links":{"self":[{"href":"https:\/\/isfd36-bue.infd.edu.ar\/sitio\/wp-json\/wp\/v2\/pages\/3990"}],"collection":[{"href":"https:\/\/isfd36-bue.infd.edu.ar\/sitio\/wp-json\/wp\/v2\/pages"}],"about":[{"href":"https:\/\/isfd36-bue.infd.edu.ar\/sitio\/wp-json\/wp\/v2\/types\/page"}],"author":[{"embeddable":true,"href":"https:\/\/isfd36-bue.infd.edu.ar\/sitio\/wp-json\/wp\/v2\/users\/3345"}],"replies":[{"embeddable":true,"href":"https:\/\/isfd36-bue.infd.edu.ar\/sitio\/wp-json\/wp\/v2\/comments?post=3990"}],"version-history":[{"count":6,"href":"https:\/\/isfd36-bue.infd.edu.ar\/sitio\/wp-json\/wp\/v2\/pages\/3990\/revisions"}],"predecessor-version":[{"id":6103,"href":"https:\/\/isfd36-bue.infd.edu.ar\/sitio\/wp-json\/wp\/v2\/pages\/3990\/revisions\/6103"}],"wp:attachment":[{"href":"https:\/\/isfd36-bue.infd.edu.ar\/sitio\/wp-json\/wp\/v2\/media?parent=3990"}],"curies":[{"name":"wp","href":"https:\/\/api.w.org\/{rel}","templated":true}]}}