{"id":4098,"date":"2022-08-05T21:29:40","date_gmt":"2022-08-06T00:29:40","guid":{"rendered":"https:\/\/isfd36-bue.infd.edu.ar\/sitio\/?page_id=4098"},"modified":"2024-06-18T20:15:46","modified_gmt":"2024-06-18T23:15:46","slug":"consejo-academico-institucional","status":"publish","type":"page","link":"https:\/\/isfd36-bue.infd.edu.ar\/sitio\/consejo-academico-institucional\/","title":{"rendered":"Consejo Acad\u00e9mico Institucional"},"content":{"rendered":"\n<h2 class=\"wp-block-heading\"><mark style=\"background-color:rgba(0, 0, 0, 0);color:#064ae5\" class=\"has-inline-color\"><strong>A\u00f1o 202<\/strong>4 <\/mark><\/h2>\n\n\n\n<ul>\n<li><strong><mark style=\"background-color:rgba(0, 0, 0, 0)\" class=\"has-inline-color has-accent-color\">\u00bfQu\u00e9 es el Consejo Acad\u00e9mico Institucional???<\/mark><\/strong><\/li>\n<\/ul>\n\n\n\n<p>El Consejo Acad\u00e9mico Institucional es una instancia de propuesta, debate, asesoramiento y decisi\u00f3n, para una gesti\u00f3n participativa, dentro de la pol\u00edtica educativa, en el marco del nivel superior.<\/p>\n\n\n\n<p>Es un espacio de representaci\u00f3n en la que participan miembros de toda la comunidad educativa del Instituto:&nbsp;<strong>docentes, no docentes y estudiantes<\/strong>&nbsp;de todas las carreras.<\/p>\n\n\n\n<p><strong>Asesora<\/strong>&nbsp;al Equipo Directivo e interviene en cuestiones vinculadas a la&nbsp;<strong>organizaci\u00f3n y gesti\u00f3n institucional.<\/strong><\/p>\n\n\n\n<ul>\n<li><strong><mark style=\"background-color:rgba(0, 0, 0, 0)\" class=\"has-inline-color has-accent-color\">\u00bfCu\u00e1l es la Funci\u00f3n del CAI?<\/mark><\/strong><\/li>\n<\/ul>\n\n\n\n<p>Intervenir en cuestiones vinculadas a la organizaci\u00f3n institucional, presupuestaria, tratamiento de planta org\u00e1nico-funcional, gesti\u00f3n curricular, proyectos de articulaci\u00f3n, extensi\u00f3n e investigaci\u00f3n, concursos docentes, convivencia y trayectorias estudiantiles.<\/p>\n\n\n\n<ul>\n<li><strong><mark style=\"background-color:rgba(0, 0, 0, 0)\" class=\"has-inline-color has-accent-color\">\u00bfQui\u00e9nes Participan del CAI?<\/mark><\/strong><\/li>\n<\/ul>\n\n\n\n<p>Estudiantes, Docentes, no Docentes y Equipo Directivo. La cantidad de miembros de la Comisi\u00f3n se determina por la matr\u00edcula institucional, de esta forma el Consejo del ISFD 36 deber\u00e1 conformarse por:<\/p>\n\n\n\n<p>1 miembro del Equipo de Conducci\u00f3n &#8211; 7 estudiantes &#8211; 8 docentes &#8211; 2 no Docentes<\/p>\n\n\n\n<ul>\n<li><strong><mark style=\"background-color:rgba(0, 0, 0, 0)\" class=\"has-inline-color has-accent-color\"> Elecciones<\/mark><\/strong><\/li>\n<\/ul>\n\n\n\n<p>Se conformar\u00e1n listas con titulares y sus respectivos suplentes. Los docentes votan a las listas de docentes y los estudiantes a las listas de estudiantes. Se podr\u00e1n presentar varias y cada listado debe tener:<\/p>\n\n\n\n<p>(docentes) 8 Profesores Titulares con sus 8 Profesores Suplentes. (estudiantes) 7 estudiantes Titulares con sus 7 suplente.<\/p>\n\n\n\n<ul>\n<li><strong><mark style=\"background-color:rgba(0, 0, 0, 0)\" class=\"has-inline-color has-accent-color\">Cronograma<\/mark><\/strong><\/li>\n<\/ul>\n\n\n<div class=\"wp-block-image\">\n<figure class=\"aligncenter size-full is-resized\"><img decoding=\"async\" loading=\"lazy\" src=\"https:\/\/isfd36-bue.infd.edu.ar\/sitio\/wp-content\/uploads\/2024\/06\/image.png\" alt=\"\" class=\"wp-image-5344\" width=\"619\" height=\"358\" srcset=\"https:\/\/isfd36-bue.infd.edu.ar\/sitio\/wp-content\/uploads\/2024\/06\/image.png 1103w, https:\/\/isfd36-bue.infd.edu.ar\/sitio\/wp-content\/uploads\/2024\/06\/image-1000x580.png 1000w, https:\/\/isfd36-bue.infd.edu.ar\/sitio\/wp-content\/uploads\/2024\/06\/image-768x446.png 768w\" sizes=\"(max-width: 619px) 100vw, 619px\" \/><\/figure><\/div>\n\n","protected":false},"excerpt":{"rendered":"<p>A\u00f1o 2024 El Consejo Acad\u00e9mico Institucional es una instancia de propuesta, debate, asesoramiento y decisi\u00f3n, para una gesti\u00f3n participativa, dentro de la pol\u00edtica educativa, en el marco del nivel superior. Es un espacio de representaci\u00f3n en la que participan miembros de toda la comunidad educativa del Instituto:&nbsp;docentes, no docentes y estudiantes&nbsp;de todas las carreras. Asesora&nbsp;al &#8230; <a title=\"Consejo Acad\u00e9mico Institucional\" class=\"read-more\" href=\"https:\/\/isfd36-bue.infd.edu.ar\/sitio\/consejo-academico-institucional\/\" aria-label=\"More on Consejo Acad\u00e9mico Institucional\">[+]<\/a><\/p>\n","protected":false},"author":3345,"featured_media":0,"parent":0,"menu_order":0,"comment_status":"closed","ping_status":"closed","template":"","meta":[],"acf":[],"_links":{"self":[{"href":"https:\/\/isfd36-bue.infd.edu.ar\/sitio\/wp-json\/wp\/v2\/pages\/4098"}],"collection":[{"href":"https:\/\/isfd36-bue.infd.edu.ar\/sitio\/wp-json\/wp\/v2\/pages"}],"about":[{"href":"https:\/\/isfd36-bue.infd.edu.ar\/sitio\/wp-json\/wp\/v2\/types\/page"}],"author":[{"embeddable":true,"href":"https:\/\/isfd36-bue.infd.edu.ar\/sitio\/wp-json\/wp\/v2\/users\/3345"}],"replies":[{"embeddable":true,"href":"https:\/\/isfd36-bue.infd.edu.ar\/sitio\/wp-json\/wp\/v2\/comments?post=4098"}],"version-history":[{"count":17,"href":"https:\/\/isfd36-bue.infd.edu.ar\/sitio\/wp-json\/wp\/v2\/pages\/4098\/revisions"}],"predecessor-version":[{"id":5345,"href":"https:\/\/isfd36-bue.infd.edu.ar\/sitio\/wp-json\/wp\/v2\/pages\/4098\/revisions\/5345"}],"wp:attachment":[{"href":"https:\/\/isfd36-bue.infd.edu.ar\/sitio\/wp-json\/wp\/v2\/media?parent=4098"}],"curies":[{"name":"wp","href":"https:\/\/api.w.org\/{rel}","templated":true}]}}