{"id":4905,"date":"2024-02-26T00:38:27","date_gmt":"2024-02-26T03:38:27","guid":{"rendered":"https:\/\/isfd36-bue.infd.edu.ar\/sitio\/?page_id=4905"},"modified":"2026-04-21T00:03:43","modified_gmt":"2026-04-21T03:03:43","slug":"https-isfd36-bue-infd-edu-ar-sitio-comunicados-2024","status":"publish","type":"page","link":"https:\/\/isfd36-bue.infd.edu.ar\/sitio\/https-isfd36-bue-infd-edu-ar-sitio-comunicados-2024\/","title":{"rendered":"Reglamentos de Pr\u00e1ctica Docente"},"content":{"rendered":"\n<figure class=\"wp-block-table\"><table><tbody><tr><td>Reglamento de Profesorado de Qu\u00edmica y Biolog\u00eda .  Vigente a partir de 2026<\/td><td><\/td><\/tr><tr><td><a href=\"https:\/\/isfd36-bue.infd.edu.ar\/sitio\/wp-content\/uploads\/2026\/04\/REGLAMENTO-DE-PRACTICAS-BIOLOGIA-Y-QUIMICA-.docx.pdf\">Descargar aqu\u00ed<\/a><\/td><td><\/td><\/tr><tr><td>Reglamento de Profesorado de Lengua y Literatura &#8211; Vigente a partir de 2026<\/td><td><\/td><\/tr><tr><td><a href=\"https:\/\/isfd36-bue.infd.edu.ar\/sitio\/wp-content\/uploads\/2026\/04\/REGLAMENTO-DE-PRACTICAS-DEL-PROF-DE-LENGUA-Y-LITERATURA.pdf\">Descargar aqu\u00ed<\/a> <\/td><td><\/td><\/tr><tr><td><\/td><td><\/td><\/tr><tr><td><\/td><td><\/td><\/tr><tr><td><\/td><td><\/td><\/tr><tr><td><\/td><td><\/td><\/tr><tr><td><\/td><td><\/td><\/tr><tr><td><\/td><td><\/td><\/tr><tr><td><\/td><td><\/td><\/tr><tr><td><\/td><td><\/td><\/tr><tr><td><\/td><td><\/td><\/tr><tr><td><\/td><td><\/td><\/tr><tr><td><\/td><td><\/td><\/tr><\/tbody><\/table><\/figure>\n","protected":false},"excerpt":{"rendered":"<p>Reglamento de Profesorado de Qu\u00edmica y Biolog\u00eda . Vigente a partir de 2026 Descargar aqu\u00ed Reglamento de Profesorado de Lengua y Literatura &#8211; Vigente a partir de 2026 Descargar aqu\u00ed<\/p>\n","protected":false},"author":3345,"featured_media":0,"parent":0,"menu_order":0,"comment_status":"closed","ping_status":"closed","template":"","meta":[],"acf":[],"_links":{"self":[{"href":"https:\/\/isfd36-bue.infd.edu.ar\/sitio\/wp-json\/wp\/v2\/pages\/4905"}],"collection":[{"href":"https:\/\/isfd36-bue.infd.edu.ar\/sitio\/wp-json\/wp\/v2\/pages"}],"about":[{"href":"https:\/\/isfd36-bue.infd.edu.ar\/sitio\/wp-json\/wp\/v2\/types\/page"}],"author":[{"embeddable":true,"href":"https:\/\/isfd36-bue.infd.edu.ar\/sitio\/wp-json\/wp\/v2\/users\/3345"}],"replies":[{"embeddable":true,"href":"https:\/\/isfd36-bue.infd.edu.ar\/sitio\/wp-json\/wp\/v2\/comments?post=4905"}],"version-history":[{"count":19,"href":"https:\/\/isfd36-bue.infd.edu.ar\/sitio\/wp-json\/wp\/v2\/pages\/4905\/revisions"}],"predecessor-version":[{"id":6215,"href":"https:\/\/isfd36-bue.infd.edu.ar\/sitio\/wp-json\/wp\/v2\/pages\/4905\/revisions\/6215"}],"wp:attachment":[{"href":"https:\/\/isfd36-bue.infd.edu.ar\/sitio\/wp-json\/wp\/v2\/media?parent=4905"}],"curies":[{"name":"wp","href":"https:\/\/api.w.org\/{rel}","templated":true}]}}