{"id":5369,"date":"2024-07-01T20:23:40","date_gmt":"2024-07-01T23:23:40","guid":{"rendered":"https:\/\/isfd36-bue.infd.edu.ar\/sitio\/?page_id=5369"},"modified":"2026-02-20T22:56:57","modified_gmt":"2026-02-21T01:56:57","slug":"mesas-de-examen-turno-febrero-2026","status":"publish","type":"page","link":"https:\/\/isfd36-bue.infd.edu.ar\/sitio\/mesas-de-examen-turno-febrero-2026\/","title":{"rendered":"Mesas de Examen &#8211; Turno Febrero\/Marzo 2026"},"content":{"rendered":"\n<p>Para tener en cuenta:<\/p>\n\n\n\n<p><strong>Per\u00edodo de Recuperatorios y Libres &#8211; <\/strong> 16\/02 al 21\/02 &#8211; Se desarrollar\u00e1n en el horario del espacio. <\/p>\n\n\n\n<p><strong>Inicio de Mesas Examinadoras<\/strong> &#8211; 23\/02\/26 <\/p>\n\n\n\n<p><strong>Las Mesas de Ex\u00e1menes de Febrero\/Marzo 2026 se llevar\u00e1n adelante siguiendo las consideraciones detalladas a continuaci\u00f3n:<\/strong><\/p>\n\n\n\n<ul>\n<li><strong>Las Mesas son <\/strong><strong>presenciales.&nbsp; (Sede &#8211; Profesorados:<\/strong><strong>&nbsp; Lengua y Literatura, Qu\u00edmica, Biolog\u00eda \/ Extensi\u00f3n &#8211; Profesorados: Educaci\u00f3n Primaria, Educaci\u00f3n Inicial, Tecnolog\u00eda)<\/strong><\/li>\n\n\n\n<li><strong>PER\u00cdODO DE MESAS EXAMINADORAS<\/strong><\/li>\n\n\n\n<li><strong>Es conveniente organizar un cronograma personal para rendir. No inscribirse apresuradamente. Preparar bien los espacios en los que se va a presentar. Es muy importante ser responsable en esta instancia de <em>Inscripci\u00f3n a Mesas Examinadoras<\/em>.<\/strong><\/li>\n<\/ul>\n\n\n\n<ul>\n<li><strong>Se deber\u00e1 dar el presente en el horario fijado para el comienzo de la mesa examinadora, caso contrario se considerar\u00e1 ausente.<\/strong>\n<ul>\n<li>Lunes a viernes de 18.20 horas (Sede y Extensi\u00f3n)<\/li>\n\n\n\n<li>S\u00e1bados 8.00 horas (Sede: Gelly y Obes 4950)<\/li>\n<\/ul>\n<\/li>\n\n\n\n<li><strong>Ser\u00e1 sancionado todo estudiante que realice plagio de producciones o publicaciones de compa\u00f1eros o de sitios p\u00fablicos o privados.<\/strong> (Ver Acuerdo de Convivencia Institucional)<\/li>\n\n\n\n<li><strong>Para el Espacio de la Pr\u00e1ctica Docente el estudiante solo podr\u00e1 rendir el examen presentando Foto de Apto Fonoaudiol\u00f3gico, caso contrario deber\u00e1 esperar a la siguiente instancia con la documentaci\u00f3n correspondiente.<\/strong><\/li>\n<\/ul>\n\n\n\n<p><strong>Los y las estudiantes de 4\u00b0 a\u00f1o que est\u00e9n pr\u00f3ximos a recibirse, deben tener el legajo completo para iniciar su tr\u00e1mite de T\u00edtulo (DNI, T\u00edtulo Secundario, Apto Psicof\u00edsico (si pertenecen al plan anterior), Fotocopia de Partida de Nacimiento).&nbsp; Antes deber\u00e1n hablar con el preceptor\/a de la carrera para revisar la situaci\u00f3n acad\u00e9mica.<\/strong><\/p>\n\n\n\n<ul>\n<li><strong>Es obligaci\u00f3n de los y las estudiantes llevar libreta y anotar en la misma en el momento del examen: Libro, Folio, Fecha y Nota, para luego ser firmada por el o la Docente.<\/strong> La Libreta debe estar completa y firmada por a autoridad institucional.<\/li>\n\n\n\n<li><strong>NO podr\u00e1n anotarse para rendir 2 (dos) finales en un mismo d\u00eda. Solo se permitir\u00e1 anotarse en dos Mesas cuando una de ellas sea SOLO PARA FIRMAR LIBRETA.<\/strong><\/li>\n<\/ul>\n\n\n\n<p class=\"has-accent-color has-text-color\"><strong>CONDICI\u00d3N DE LIBRE<\/strong><\/p>\n\n\n\n<p class=\"has-accent-color has-text-color\">Lxs estudiantes que deban rendir en condici\u00f3n de libre en la instancia de noviembre, deber\u00e1n acercarse a Preceptor\u00eda <strong>el d\u00eda del examen<\/strong> para notificar su situaci\u00f3n y permitir la consignaci\u00f3n en el acta volante correspondiente.<\/p>\n\n\n\n<p class=\"has-accent-color has-text-color\">Es fundamental que, previamente, se hayan comunicado con el\/la docente del espacio curricular para acordar los contenidos que ser\u00e1n evaluados bajo esta modalidad.<\/p>\n\n\n\n<h5 class=\"wp-block-heading has-text-align-center\"><strong>Equipo de Conducci\u00f3n I.S.F.D. N\u00ba 36<\/strong><\/h5>\n\n\n\n<h4 class=\"wp-block-heading\">Ver Cronograma&nbsp;<\/h4>\n\n\n\n<h4 class=\"wp-block-heading\"><a href=\"https:\/\/isfd36-bue.infd.edu.ar\/sitio\/wp-content\/uploads\/2025\/12\/Mesas-de-Febrero-2026-Educacion-Primaria.pdf\">Educaci\u00f3n Primaria<\/a> &#8211; <a href=\"https:\/\/isfd36-bue.infd.edu.ar\/sitio\/wp-content\/uploads\/2025\/12\/Mesas-de-Febrero-2026-Inicial.pdf\">Educaci\u00f3n Inicial<\/a> &#8211; <a href=\"https:\/\/isfd36-bue.infd.edu.ar\/sitio\/wp-content\/uploads\/2025\/12\/Mesas-de-Febrero-2026-Biologia.pdf\">Biolog\u00eda<\/a> &#8211; <a href=\"https:\/\/isfd36-bue.infd.edu.ar\/sitio\/wp-content\/uploads\/2025\/12\/Mesas-de-Febrero-2026-Quimica-Plan-Viejo.pdf\">Qu\u00edmica<\/a> &#8211; <mark style=\"background-color:rgba(0, 0, 0, 0)\" class=\"has-inline-color has-accent-color\"><a href=\"https:\/\/isfd36-bue.infd.edu.ar\/sitio\/wp-content\/uploads\/2025\/12\/Mesas-de-Febrero-2026-Quimica-Plan-Nuevo.pdf\">Qu\u00edmica Nuevo<\/a><\/mark> &#8211; <a href=\"https:\/\/isfd36-bue.infd.edu.ar\/sitio\/wp-content\/uploads\/2025\/12\/Mesas-de-Febrero-2026-Lengua-y-Literatura.pdf\">Lengua y Literatura<\/a><a href=\"https:\/\/isfd36-bue.infd.edu.ar\/sitio\/wp-content\/uploads\/2024\/07\/Lengua-y-Literatura-Agosto-2024.pdf\"> <\/a>&#8211; <a href=\"https:\/\/isfd36-bue.infd.edu.ar\/sitio\/wp-content\/uploads\/2025\/12\/Mesas-de-Febrero-2026-Tecnologia-Plan-Viejo.pdf\">Tecnolog\u00eda<\/a> &#8211; <mark style=\"background-color:rgba(0, 0, 0, 0)\" class=\"has-inline-color has-accent-color\"><a href=\"https:\/\/isfd36-bue.infd.edu.ar\/sitio\/wp-content\/uploads\/2025\/12\/Mesas-de-Febrero-2026-Tecnologia-Plan-Nuevo.pdf\">Tecnolog\u00eda Nuevo<\/a><\/mark><\/h4>\n\n\n\n<p class=\"has-text-align-center has-text-color has-medium-font-size\" style=\"color:#f50515\"><strong>IMPORTANTE &#8211; Antes de realizar la Inscripci\u00f3n a mesa les solicitamos mirar nuevamente el cronograma para revisar cambios de \u00faltimo momento.  <\/strong><\/p>\n\n\n\n<h2 class=\"wp-block-heading has-text-align-center\">Hacer Inscripci\u00f3n a Mesas &#8211; Acceder al Enlace <\/h2>\n\n\n\n<h2 class=\"wp-block-heading has-text-align-center\">ENLACE CERRADO<\/h2>\n\n\n\n<p class=\"has-text-align-center has-accent-color has-text-color\">Enlace abierto desde el d\u00eda lunes 16\/02\/2026 al viernes 20\/02\/2026 hasta las 22.00 horas<\/p>\n\n\n\n<h5 class=\"wp-block-heading\">Si alg\u00fan estudiante NO se encuentra en el Sistema de Inscripci\u00f3n, deber\u00e1 registrar su reclamo en el correo de preceptor\u00eda o de manera presencial con el preceptor correspondiente.<\/h5>\n\n\n\n<p><\/p>\n\n\n\n<ul>\n<li>preceptoria.isfd36.primaria@gmail.com &#8211; Educaci\u00f3n Primaria<\/li>\n\n\n\n<li>preceptoria.isfd36.tecno@gmail.com &#8211; Profesorado de Tecnolog\u00eda<\/li>\n\n\n\n<li>preceptoria.isfd36.quim@gmail.com &#8211; Profesorado de Qu\u00edmica<\/li>\n\n\n\n<li>preceptoria.isfd36.bio@gmail.com &#8211; Profesorado de Biolog\u00eda<\/li>\n\n\n\n<li>preceptoria.isfd36.lengua@gmail.com &#8211; Profesorado de Lengua y Literatura<\/li>\n\n\n\n<li>preceptoria.isfd36.inicial@gmail.com &#8211; Educaci\u00f3n Inicial<\/li>\n<\/ul>\n\n\n\n<h4 class=\"wp-block-heading\">&nbsp;<\/h4>\n","protected":false},"excerpt":{"rendered":"<p>Para tener en cuenta: Per\u00edodo de Recuperatorios y Libres &#8211; 16\/02 al 21\/02 &#8211; Se desarrollar\u00e1n en el horario del espacio. Inicio de Mesas Examinadoras &#8211; 23\/02\/26 Las Mesas de Ex\u00e1menes de Febrero\/Marzo 2026 se llevar\u00e1n adelante siguiendo las consideraciones detalladas a continuaci\u00f3n: Los y las estudiantes de 4\u00b0 a\u00f1o que est\u00e9n pr\u00f3ximos a recibirse, &#8230; <a title=\"Mesas de Examen &#8211; Turno Febrero\/Marzo 2026\" class=\"read-more\" href=\"https:\/\/isfd36-bue.infd.edu.ar\/sitio\/mesas-de-examen-turno-febrero-2026\/\" aria-label=\"More on Mesas de Examen &#8211; Turno Febrero\/Marzo 2026\">[+]<\/a><\/p>\n","protected":false},"author":3345,"featured_media":0,"parent":0,"menu_order":0,"comment_status":"closed","ping_status":"closed","template":"","meta":[],"acf":[],"_links":{"self":[{"href":"https:\/\/isfd36-bue.infd.edu.ar\/sitio\/wp-json\/wp\/v2\/pages\/5369"}],"collection":[{"href":"https:\/\/isfd36-bue.infd.edu.ar\/sitio\/wp-json\/wp\/v2\/pages"}],"about":[{"href":"https:\/\/isfd36-bue.infd.edu.ar\/sitio\/wp-json\/wp\/v2\/types\/page"}],"author":[{"embeddable":true,"href":"https:\/\/isfd36-bue.infd.edu.ar\/sitio\/wp-json\/wp\/v2\/users\/3345"}],"replies":[{"embeddable":true,"href":"https:\/\/isfd36-bue.infd.edu.ar\/sitio\/wp-json\/wp\/v2\/comments?post=5369"}],"version-history":[{"count":58,"href":"https:\/\/isfd36-bue.infd.edu.ar\/sitio\/wp-json\/wp\/v2\/pages\/5369\/revisions"}],"predecessor-version":[{"id":6042,"href":"https:\/\/isfd36-bue.infd.edu.ar\/sitio\/wp-json\/wp\/v2\/pages\/5369\/revisions\/6042"}],"wp:attachment":[{"href":"https:\/\/isfd36-bue.infd.edu.ar\/sitio\/wp-json\/wp\/v2\/media?parent=5369"}],"curies":[{"name":"wp","href":"https:\/\/api.w.org\/{rel}","templated":true}]}}