{"id":6165,"date":"2026-03-22T11:48:38","date_gmt":"2026-03-22T14:48:38","guid":{"rendered":"https:\/\/isfd36-bue.infd.edu.ar\/sitio\/?page_id=6165"},"modified":"2026-03-22T11:55:34","modified_gmt":"2026-03-22T14:55:34","slug":"espacios-acreditados","status":"publish","type":"page","link":"https:\/\/isfd36-bue.infd.edu.ar\/sitio\/espacios-acreditados\/","title":{"rendered":"Espacios Acreditados"},"content":{"rendered":"\n<p>Para listar los espacios acreditados deber\u00e1<strong> <a href=\"https:\/\/micarpeta.profehugoadrian.com\/notas\/notas.html\">A<\/a><\/strong><a href=\"https:\/\/micarpeta.profehugoadrian.com\/notas\/notas.html\"><strong>CCEDER AQU\u00cd<\/strong><\/a><\/p>\n\n\n\n<p class=\"has-text-align-center\"><strong>La presente publicaci\u00f3n tiene car\u00e1cter exclusivamente informativo. Su emisi\u00f3n no constituye constancia oficial ni habilita la realizaci\u00f3n de<em> tr\u00e1m<\/em>ites administrativos o acad\u00e9micos con otras instituciones. Para cualquier gesti\u00f3n formal, deber\u00e1n solicitarse los documentos correspondientes en las instancias institucionales habilitadas<em>.<\/em><\/strong><\/p>\n\n\n\n<p><\/p>\n","protected":false},"excerpt":{"rendered":"<p>Para listar los espacios acreditados deber\u00e1 ACCEDER AQU\u00cd La presente publicaci\u00f3n tiene car\u00e1cter exclusivamente informativo. Su emisi\u00f3n no constituye constancia oficial ni habilita la realizaci\u00f3n de tr\u00e1mites administrativos o acad\u00e9micos con otras instituciones. Para cualquier gesti\u00f3n formal, deber\u00e1n solicitarse los documentos correspondientes en las instancias institucionales habilitadas.<\/p>\n","protected":false},"author":3345,"featured_media":0,"parent":0,"menu_order":0,"comment_status":"closed","ping_status":"closed","template":"","meta":[],"acf":[],"_links":{"self":[{"href":"https:\/\/isfd36-bue.infd.edu.ar\/sitio\/wp-json\/wp\/v2\/pages\/6165"}],"collection":[{"href":"https:\/\/isfd36-bue.infd.edu.ar\/sitio\/wp-json\/wp\/v2\/pages"}],"about":[{"href":"https:\/\/isfd36-bue.infd.edu.ar\/sitio\/wp-json\/wp\/v2\/types\/page"}],"author":[{"embeddable":true,"href":"https:\/\/isfd36-bue.infd.edu.ar\/sitio\/wp-json\/wp\/v2\/users\/3345"}],"replies":[{"embeddable":true,"href":"https:\/\/isfd36-bue.infd.edu.ar\/sitio\/wp-json\/wp\/v2\/comments?post=6165"}],"version-history":[{"count":4,"href":"https:\/\/isfd36-bue.infd.edu.ar\/sitio\/wp-json\/wp\/v2\/pages\/6165\/revisions"}],"predecessor-version":[{"id":6172,"href":"https:\/\/isfd36-bue.infd.edu.ar\/sitio\/wp-json\/wp\/v2\/pages\/6165\/revisions\/6172"}],"wp:attachment":[{"href":"https:\/\/isfd36-bue.infd.edu.ar\/sitio\/wp-json\/wp\/v2\/media?parent=6165"}],"curies":[{"name":"wp","href":"https:\/\/api.w.org\/{rel}","templated":true}]}}