{"id":6173,"date":"2026-03-22T12:01:00","date_gmt":"2026-03-22T15:01:00","guid":{"rendered":"https:\/\/isfd36-bue.infd.edu.ar\/sitio\/?page_id=6173"},"modified":"2026-03-22T12:02:44","modified_gmt":"2026-03-22T15:02:44","slug":"profesorado-de-quimica","status":"publish","type":"page","link":"https:\/\/isfd36-bue.infd.edu.ar\/sitio\/profesorado-de-quimica\/","title":{"rendered":"Propuestas &#8211; Profesorado de Qu\u00edmica"},"content":{"rendered":"\n<figure class=\"wp-block-table is-style-stripes\"><table><tbody><tr><td>Investigaci\u00f3n realizada en el marco de los equipos institucionales<br> titulada \u00abPr\u00e1cticas de lectura y escritura acad\u00e9mica que fomentan lxs docentes en los 1eros y 2dos a\u00f1os <br>de los profesorados de biolog\u00eda y qu\u00edmica del I.S.F.D. N\u00b036.  Investigaci\u00f3n realizada en el a\u00f1o 2023, 2024, 2025.<\/td><td><a href=\"https:\/\/docs.google.com\/document\/d\/1iJG5qb96ph0c-dKNVY-bF4Ynou88tL0c\/edit?usp=drivesdk&amp;ouid=108988480053105857507&amp;rtpof=true&amp;sd=true\">Investigaci\u00f3n &#8211; Pr\u00e1cticas de lectura y escritura acad\u00e9mica<\/a><\/td><\/tr><tr><td><\/td><td><\/td><\/tr><\/tbody><\/table><\/figure>\n","protected":false},"excerpt":{"rendered":"<p>Investigaci\u00f3n realizada en el marco de los equipos institucionales titulada \u00abPr\u00e1cticas de lectura y escritura acad\u00e9mica que fomentan lxs docentes en los 1eros y 2dos a\u00f1os de los profesorados de biolog\u00eda y qu\u00edmica del I.S.F.D. N\u00b036. Investigaci\u00f3n realizada en el a\u00f1o 2023, 2024, 2025. Investigaci\u00f3n &#8211; Pr\u00e1cticas de lectura y escritura acad\u00e9mica<\/p>\n","protected":false},"author":3345,"featured_media":0,"parent":0,"menu_order":0,"comment_status":"closed","ping_status":"closed","template":"","meta":[],"acf":[],"_links":{"self":[{"href":"https:\/\/isfd36-bue.infd.edu.ar\/sitio\/wp-json\/wp\/v2\/pages\/6173"}],"collection":[{"href":"https:\/\/isfd36-bue.infd.edu.ar\/sitio\/wp-json\/wp\/v2\/pages"}],"about":[{"href":"https:\/\/isfd36-bue.infd.edu.ar\/sitio\/wp-json\/wp\/v2\/types\/page"}],"author":[{"embeddable":true,"href":"https:\/\/isfd36-bue.infd.edu.ar\/sitio\/wp-json\/wp\/v2\/users\/3345"}],"replies":[{"embeddable":true,"href":"https:\/\/isfd36-bue.infd.edu.ar\/sitio\/wp-json\/wp\/v2\/comments?post=6173"}],"version-history":[{"count":3,"href":"https:\/\/isfd36-bue.infd.edu.ar\/sitio\/wp-json\/wp\/v2\/pages\/6173\/revisions"}],"predecessor-version":[{"id":6177,"href":"https:\/\/isfd36-bue.infd.edu.ar\/sitio\/wp-json\/wp\/v2\/pages\/6173\/revisions\/6177"}],"wp:attachment":[{"href":"https:\/\/isfd36-bue.infd.edu.ar\/sitio\/wp-json\/wp\/v2\/media?parent=6173"}],"curies":[{"name":"wp","href":"https:\/\/api.w.org\/{rel}","templated":true}]}}